{"id":11155,"date":"2024-05-03T07:42:04","date_gmt":"2024-05-03T07:42:04","guid":{"rendered":"https:\/\/https:\/\/africaresearchconnects.com\/profils-des-pays\/"},"modified":"2024-10-02T09:25:24","modified_gmt":"2024-10-02T09:25:24","slug":"profils-des-pays","status":"publish","type":"page","link":"https:\/\/africaresearchconnects.com\/fr\/profils-des-pays\/","title":{"rendered":"Profils des pays"},"content":{"rendered":"\t\t<div data-elementor-type=\"wp-page\" data-elementor-id=\"11155\" class=\"elementor elementor-11155 elementor-8544\" data-elementor-post-type=\"page\">\n\t\t\t\t<div class=\"elementor-element elementor-element-d9669f3 e-flex e-con-boxed e-con e-parent\" data-id=\"d9669f3\" data-element_type=\"container\" data-e-type=\"container\" data-settings=\"{&quot;background_background&quot;:&quot;classic&quot;}\">\n\t\t\t\t\t<div class=\"e-con-inner\">\n\t\t<div class=\"elementor-element elementor-element-59a83cc e-con-full e-flex e-con e-child\" data-id=\"59a83cc\" data-element_type=\"container\" data-e-type=\"container\">\n\t\t\t\t<div class=\"elementor-element elementor-element-3d6e1d7 elementor-widget elementor-widget-text-editor\" data-id=\"3d6e1d7\" data-element_type=\"widget\" data-e-type=\"widget\" data-widget_type=\"text-editor.default\">\n\t\t\t\t<div class=\"elementor-widget-container\">\n\t\t\t\t\t\t\t\t\t<strong>Explorer les possibilit\u00e9s de recherche en Afrique :<\/strong> Profils de pays\t\t\t\t\t\t\t\t<\/div>\n\t\t\t\t<\/div>\n\t\t\t\t<div class=\"elementor-element elementor-element-737eb82 elementor-widget elementor-widget-text-editor\" data-id=\"737eb82\" data-element_type=\"widget\" data-e-type=\"widget\" data-widget_type=\"text-editor.default\">\n\t\t\t\t<div class=\"elementor-widget-container\">\n\t\t\t\t\t\t\t\t\t<p>Explorez la riche mosa\u00efque d&#8217;opportunit\u00e9s de recherche en Afrique gr\u00e2ce \u00e0 nos profils de pays d\u00e9taill\u00e9s. Ces profils offrent un aper\u00e7u complet du paysage de la recherche, en mettant en \u00e9vidence les institutions, les chercheurs, les projets et les capacit\u00e9s cl\u00e9s dans chaque pays. Que vous soyez un donateur d\u00e9sireux de soutenir des initiatives de recherche \u00e0 fort impact ou un chercheur \u00e0 la recherche d&#8217;opportunit\u00e9s de collaboration, nos profils de pays constituent des ressources inestimables pour une prise de d\u00e9cision \u00e9clair\u00e9e.<\/p>\n\t\t\t\t\t\t\t\t<\/div>\n\t\t\t\t<\/div>\n\t\t\t\t<\/div>\n\t\t\t\t\t<\/div>\n\t\t\t\t<\/div>\n\t\t<div class=\"elementor-element elementor-element-3bb2466 side-img e-flex e-con-boxed e-con e-parent\" data-id=\"3bb2466\" data-element_type=\"container\" data-e-type=\"container\" data-settings=\"{&quot;background_background&quot;:&quot;classic&quot;}\">\n\t\t\t\t\t<div class=\"e-con-inner\">\n\t\t<div class=\"elementor-element elementor-element-0ed1209 e-con-full key-benefit-sec e-flex e-con e-child\" data-id=\"0ed1209\" data-element_type=\"container\" data-e-type=\"container\">\n\t\t\t\t<div class=\"elementor-element elementor-element-55d9f6c elementor-widget elementor-widget-heading\" data-id=\"55d9f6c\" data-element_type=\"widget\" data-e-type=\"widget\" data-widget_type=\"heading.default\">\n\t\t\t\t<div class=\"elementor-widget-container\">\n\t\t\t\t\t<h2 class=\"elementor-heading-title elementor-size-default\">Principaux avantages<\/h2>\t\t\t\t<\/div>\n\t\t\t\t<\/div>\n\t\t\t\t<div class=\"elementor-element elementor-element-6103aa7 elementor-widget elementor-widget-text-editor\" data-id=\"6103aa7\" data-element_type=\"widget\" data-e-type=\"widget\" data-widget_type=\"text-editor.default\">\n\t\t\t\t<div class=\"elementor-widget-container\">\n\t\t\t\t\t\t\t\t\t<ol>\n \t<li>  Une <strong> vue d&#8217;ensemble compl\u00e8te <\/strong> Acqu\u00e9rir une compr\u00e9hension approfondie de l&#8217;\u00e9cosyst\u00e8me de la recherche dans chaque pays africain, y compris les institutions acad\u00e9miques, les chercheurs et les projets en cours.<\/li>\n \t<li> <strong> Mise en r\u00e9seau strat\u00e9gique <\/strong> Identifier des collaborateurs potentiels dont les int\u00e9r\u00eats de recherche correspondent aux v\u00f4tres, afin de faciliter des partenariats productifs.<\/li>\n \t<li>  Des <strong> informations fond\u00e9es sur des donn\u00e9es<\/strong> Prenez des d\u00e9cisions \u00e9clair\u00e9es sur les investissements dans la recherche en exploitant des informations actualis\u00e9es sur les activit\u00e9s de recherche et l&#8217;expertise dans chaque pays.<\/li>\n<\/ol>\t\t\t\t\t\t\t\t<\/div>\n\t\t\t\t<\/div>\n\t\t\t\t<\/div>\n\t\t<div class=\"elementor-element elementor-element-6e5e18b e-con-full new-text e-flex e-con e-child\" data-id=\"6e5e18b\" data-element_type=\"container\" data-e-type=\"container\" data-settings=\"{&quot;position&quot;:&quot;absolute&quot;}\">\n\t\t\t\t<div class=\"elementor-element elementor-element-571624b elementor-widget elementor-widget-image\" data-id=\"571624b\" data-element_type=\"widget\" data-e-type=\"widget\" data-widget_type=\"image.default\">\n\t\t\t\t<div class=\"elementor-widget-container\">\n\t\t\t\t\t\t\t\t\t\t\t\t\t\t\t<img decoding=\"async\" width=\"107\" height=\"371\" src=\"https:\/\/africaresearchconnects.com\/wp-content\/uploads\/2024\/10\/Group-1155638.png\" class=\"attachment-large size-large wp-image-12592\" alt=\"\" \/>\t\t\t\t\t\t\t\t\t\t\t\t\t\t\t<\/div>\n\t\t\t\t<\/div>\n\t\t\t\t<\/div>\n\t\t\t\t\t<\/div>\n\t\t\t\t<\/div>\n\t\t<div class=\"elementor-element elementor-element-3990a22 side-img e-flex e-con-boxed e-con e-parent\" data-id=\"3990a22\" data-element_type=\"container\" data-e-type=\"container\" data-settings=\"{&quot;background_background&quot;:&quot;classic&quot;}\">\n\t\t\t\t\t<div class=\"e-con-inner\">\n\t\t<div class=\"elementor-element elementor-element-0699028 e-con-full key-benefit-sec e-flex e-con e-child\" data-id=\"0699028\" data-element_type=\"container\" data-e-type=\"container\">\n\t\t\t\t<div class=\"elementor-element elementor-element-ff32878 elementor-widget elementor-widget-heading\" data-id=\"ff32878\" data-element_type=\"widget\" data-e-type=\"widget\" data-widget_type=\"heading.default\">\n\t\t\t\t<div class=\"elementor-widget-container\">\n\t\t\t\t\t<h2 class=\"elementor-heading-title elementor-size-default\">Explorer<\/h2>\t\t\t\t<\/div>\n\t\t\t\t<\/div>\n\t\t\t\t<div class=\"elementor-element elementor-element-d9ff2e4 elementor-widget elementor-widget-text-editor\" data-id=\"d9ff2e4\" data-element_type=\"widget\" data-e-type=\"widget\" data-widget_type=\"text-editor.default\">\n\t\t\t\t<div class=\"elementor-widget-container\">\n\t\t\t\t\t\t\t\t\t<p>Naviguez en toute confiance dans les divers paysages de la recherche en Afrique en tirant parti de nos profils de pays pour trouver les partenaires de recherche parfaits et les opportunit\u00e9s de collaboration.  <\/p>\n\t\t\t\t\t\t\t\t<\/div>\n\t\t\t\t<\/div>\n\t\t\t\t<div class=\"elementor-element elementor-element-05ef144 elementor-widget elementor-widget-heading\" data-id=\"05ef144\" data-element_type=\"widget\" data-e-type=\"widget\" data-widget_type=\"heading.default\">\n\t\t\t\t<div class=\"elementor-widget-container\">\n\t\t\t\t\t<h4 class=\"elementor-heading-title elementor-size-default\">Cliquez ici pour d\u00e9couvrir nos profils de pays.  <\/h4>\t\t\t\t<\/div>\n\t\t\t\t<\/div>\n\t\t<div class=\"elementor-element elementor-element-d0a54c1 e-con-full e-flex e-con e-child\" data-id=\"d0a54c1\" data-element_type=\"container\" data-e-type=\"container\">\n\t\t<div class=\"elementor-element elementor-element-d04f9e0 e-con-full e-flex e-con e-child\" data-id=\"d04f9e0\" data-element_type=\"container\" data-e-type=\"container\">\n\t\t\t\t<div class=\"elementor-element elementor-element-e352c1c discover-btn elementor-widget elementor-widget-button\" data-id=\"e352c1c\" data-element_type=\"widget\" data-e-type=\"widget\" data-widget_type=\"button.default\">\n\t\t\t\t<div class=\"elementor-widget-container\">\n\t\t\t\t\t\t\t\t\t<div class=\"elementor-button-wrapper\">\n\t\t\t\t\t<a class=\"elementor-button elementor-button-link elementor-size-sm\" href=\"\/#country-profile\">\n\t\t\t\t\t\t<span class=\"elementor-button-content-wrapper\">\n\t\t\t\t\t\t\t\t\t<span class=\"elementor-button-text\">D\u00c9COUVRIR PLUS<\/span>\n\t\t\t\t\t<\/span>\n\t\t\t\t\t<\/a>\n\t\t\t\t<\/div>\n\t\t\t\t\t\t\t\t<\/div>\n\t\t\t\t<\/div>\n\t\t\t\t<\/div>\n\t\t<div class=\"elementor-element elementor-element-dbcdbfd e-con-full e-flex e-con e-child\" data-id=\"dbcdbfd\" data-element_type=\"container\" data-e-type=\"container\">\n\t\t\t\t<div class=\"elementor-element elementor-element-1fde644 e-transform elementor-hidden-mobile elementor-widget elementor-widget-image\" data-id=\"1fde644\" data-element_type=\"widget\" data-e-type=\"widget\" data-settings=\"{&quot;_transform_translateX_effect&quot;:{&quot;unit&quot;:&quot;px&quot;,&quot;size&quot;:-27,&quot;sizes&quot;:[]},&quot;_transform_translateX_effect_mobile&quot;:{&quot;unit&quot;:&quot;px&quot;,&quot;size&quot;:-27,&quot;sizes&quot;:[]},&quot;_transform_translateY_effect&quot;:{&quot;unit&quot;:&quot;px&quot;,&quot;size&quot;:10,&quot;sizes&quot;:[]},&quot;_transform_translateY_effect_mobile&quot;:{&quot;unit&quot;:&quot;px&quot;,&quot;size&quot;:64,&quot;sizes&quot;:[]},&quot;_transform_translateX_effect_tablet&quot;:{&quot;unit&quot;:&quot;px&quot;,&quot;size&quot;:&quot;&quot;,&quot;sizes&quot;:[]},&quot;_transform_translateY_effect_tablet&quot;:{&quot;unit&quot;:&quot;px&quot;,&quot;size&quot;:&quot;&quot;,&quot;sizes&quot;:[]}}\" data-widget_type=\"image.default\">\n\t\t\t\t<div class=\"elementor-widget-container\">\n\t\t\t\t\t\t\t\t\t\t\t\t\t\t\t<img decoding=\"async\" width=\"104\" height=\"79\" src=\"https:\/\/africaresearchconnects.com\/wp-content\/uploads\/2024\/10\/arrowww.png\" class=\"attachment-large size-large wp-image-12572\" alt=\"\" \/>\t\t\t\t\t\t\t\t\t\t\t\t\t\t\t<\/div>\n\t\t\t\t<\/div>\n\t\t\t\t<\/div>\n\t\t<div class=\"elementor-element elementor-element-acb46ed e-con-full e-flex e-con e-child\" data-id=\"acb46ed\" data-element_type=\"container\" data-e-type=\"container\">\n\t\t\t\t<div class=\"elementor-element elementor-element-57164fc e-transform elementor-hidden-mobile elementor-widget elementor-widget-text-editor\" data-id=\"57164fc\" data-element_type=\"widget\" data-e-type=\"widget\" data-settings=\"{&quot;_transform_translateX_effect&quot;:{&quot;unit&quot;:&quot;px&quot;,&quot;size&quot;:-41,&quot;sizes&quot;:[]},&quot;_transform_translateX_effect_mobile&quot;:{&quot;unit&quot;:&quot;px&quot;,&quot;size&quot;:0,&quot;sizes&quot;:[]},&quot;_transform_translateY_effect_mobile&quot;:{&quot;unit&quot;:&quot;px&quot;,&quot;size&quot;:10,&quot;sizes&quot;:[]},&quot;_transform_translateX_effect_tablet&quot;:{&quot;unit&quot;:&quot;px&quot;,&quot;size&quot;:&quot;&quot;,&quot;sizes&quot;:[]},&quot;_transform_translateY_effect&quot;:{&quot;unit&quot;:&quot;px&quot;,&quot;size&quot;:&quot;&quot;,&quot;sizes&quot;:[]},&quot;_transform_translateY_effect_tablet&quot;:{&quot;unit&quot;:&quot;px&quot;,&quot;size&quot;:&quot;&quot;,&quot;sizes&quot;:[]}}\" data-widget_type=\"text-editor.default\">\n\t\t\t\t<div class=\"elementor-widget-container\">\n\t\t\t\t\t\t\t\t\t<p>Cliquez ici pour plonger dans l&#8217;aventure !<\/p>\n\t\t\t\t\t\t\t\t<\/div>\n\t\t\t\t<\/div>\n\t\t\t\t<\/div>\n\t\t\t\t<\/div>\n\t\t\t\t<\/div>\n\t\t\t\t\t<\/div>\n\t\t\t\t<\/div>\n\t\t\t\t<\/div>\n\t\t","protected":false},"excerpt":{"rendered":"<p>Explorer les possibilit\u00e9s de recherche en Afrique : Profils de pays Explorez la riche mosa\u00efque d&#8217;opportunit\u00e9s de recherche en Afrique gr\u00e2ce \u00e0 nos profils de pays d\u00e9taill\u00e9s. Ces profils offrent un aper\u00e7u complet du paysage de la recherche, en mettant en \u00e9vidence les institutions, les chercheurs, les projets et les capacit\u00e9s cl\u00e9s dans chaque pays. [&hellip;]<\/p>\n","protected":false},"author":2,"featured_media":0,"parent":0,"menu_order":0,"comment_status":"closed","ping_status":"closed","template":"elementor_header_footer","meta":{"_acf_changed":false,"_bbp_topic_count":0,"_bbp_reply_count":0,"_bbp_total_topic_count":0,"_bbp_total_reply_count":0,"_bbp_voice_count":0,"_bbp_anonymous_reply_count":0,"_bbp_topic_count_hidden":0,"_bbp_reply_count_hidden":0,"_bbp_forum_subforum_count":0,"footnotes":""},"class_list":["post-11155","page","type-page","status-publish","hentry"],"acf":[],"_links":{"self":[{"href":"https:\/\/africaresearchconnects.com\/fr\/wp-json\/wp\/v2\/pages\/11155","targetHints":{"allow":["GET"]}}],"collection":[{"href":"https:\/\/africaresearchconnects.com\/fr\/wp-json\/wp\/v2\/pages"}],"about":[{"href":"https:\/\/africaresearchconnects.com\/fr\/wp-json\/wp\/v2\/types\/page"}],"author":[{"embeddable":true,"href":"https:\/\/africaresearchconnects.com\/fr\/wp-json\/wp\/v2\/users\/2"}],"replies":[{"embeddable":true,"href":"https:\/\/africaresearchconnects.com\/fr\/wp-json\/wp\/v2\/comments?post=11155"}],"version-history":[{"count":3,"href":"https:\/\/africaresearchconnects.com\/fr\/wp-json\/wp\/v2\/pages\/11155\/revisions"}],"predecessor-version":[{"id":12729,"href":"https:\/\/africaresearchconnects.com\/fr\/wp-json\/wp\/v2\/pages\/11155\/revisions\/12729"}],"wp:attachment":[{"href":"https:\/\/africaresearchconnects.com\/fr\/wp-json\/wp\/v2\/media?parent=11155"}],"curies":[{"name":"wp","href":"https:\/\/api.w.org\/{rel}","templated":true}]}}