{"id":11369,"date":"2023-11-07T04:42:15","date_gmt":"2023-11-07T04:42:15","guid":{"rendered":"https:\/\/https:\/\/africaresearchconnects.com\/promouvoir-le-developpement-du-capital-humain\/"},"modified":"2024-10-02T09:52:28","modified_gmt":"2024-10-02T09:52:28","slug":"promouvoir-le-developpement-du-capital-humain","status":"publish","type":"page","link":"https:\/\/africaresearchconnects.com\/fr\/promouvoir-le-developpement-du-capital-humain\/","title":{"rendered":"Champion du d\u00e9veloppement du capital humain"},"content":{"rendered":"\t\t<div data-elementor-type=\"wp-page\" data-elementor-id=\"11369\" class=\"elementor elementor-11369 elementor-4390\" data-elementor-post-type=\"page\">\n\t\t\t\t\t\t<section class=\"elementor-section elementor-top-section elementor-element elementor-element-0508e15 elementor-section-content-middle elementor-section-height-min-height elementor-section-boxed elementor-section-height-default elementor-section-items-middle\" data-id=\"0508e15\" data-element_type=\"section\" data-e-type=\"section\" data-settings=\"{&quot;background_background&quot;:&quot;classic&quot;}\">\n\t\t\t\t\t\t\t<div class=\"elementor-background-overlay\"><\/div>\n\t\t\t\t\t\t\t<div class=\"elementor-container elementor-column-gap-no\">\n\t\t\t\t\t<div class=\"elementor-column elementor-col-100 elementor-top-column elementor-element elementor-element-f819600\" data-id=\"f819600\" data-element_type=\"column\" data-e-type=\"column\">\n\t\t\t<div class=\"elementor-widget-wrap\">\n\t\t\t\t\t\t\t<\/div>\n\t\t<\/div>\n\t\t\t\t\t<\/div>\n\t\t<\/section>\n\t\t\t\t<section class=\"elementor-section elementor-top-section elementor-element elementor-element-de51747 elementor-section-boxed elementor-section-height-default elementor-section-height-default\" data-id=\"de51747\" data-element_type=\"section\" data-e-type=\"section\" data-settings=\"{&quot;background_background&quot;:&quot;classic&quot;}\">\n\t\t\t\t\t\t<div class=\"elementor-container elementor-column-gap-default\">\n\t\t\t\t\t<div class=\"elementor-column elementor-col-100 elementor-top-column elementor-element elementor-element-af9b123\" data-id=\"af9b123\" data-element_type=\"column\" data-e-type=\"column\">\n\t\t\t<div class=\"elementor-widget-wrap elementor-element-populated\">\n\t\t\t\t\t\t<div class=\"elementor-element elementor-element-59644e5 elementor-widget elementor-widget-heading\" data-id=\"59644e5\" data-element_type=\"widget\" data-e-type=\"widget\" data-widget_type=\"heading.default\">\n\t\t\t\t<div class=\"elementor-widget-container\">\n\t\t\t\t\t<h2 class=\"elementor-heading-title elementor-size-default\">Promouvoir le d\u00e9veloppement du capital humain<\/h2>\t\t\t\t<\/div>\n\t\t\t\t<\/div>\n\t\t\t\t<div class=\"elementor-element elementor-element-9e41fdf elementor-widget elementor-widget-text-editor\" data-id=\"9e41fdf\" data-element_type=\"widget\" data-e-type=\"widget\" data-widget_type=\"text-editor.default\">\n\t\t\t\t<div class=\"elementor-widget-container\">\n\t\t\t\t\t\t\t\t\t<p>\u00c0 l&#8217;African Research Nexus, nous nous consacrons au d\u00e9veloppement holistique du capital humain, que nous consid\u00e9rons comme la pierre angulaire du progr\u00e8s et de l&#8217;innovation sur le continent africain.<br \/>\nNotre engagement en faveur du d\u00e9veloppement du capital humain est inscrit dans le tissu m\u00eame de notre plateforme, et voici comment nous d\u00e9fendons cette cause vitale : <\/p>\n\t\t\t\t\t\t\t\t<\/div>\n\t\t\t\t<\/div>\n\t\t\t\t<div class=\"elementor-element elementor-element-624f41d elementor-widget elementor-widget-image-box\" data-id=\"624f41d\" data-element_type=\"widget\" data-e-type=\"widget\" data-widget_type=\"image-box.default\">\n\t\t\t\t<div class=\"elementor-widget-container\">\n\t\t\t\t\t<div class=\"elementor-image-box-wrapper\"><div class=\"elementor-image-box-content\"><h3 class=\"elementor-image-box-title\">1. Renforcement des capacit\u00e9s de recherche :<\/h3><p class=\"elementor-image-box-description\">Nous comprenons que le fondement de toute soci\u00e9t\u00e9 fond\u00e9e sur la connaissance est une main-d'\u0153uvre qualifi\u00e9e et habilit\u00e9e. Par le biais de partenariats et d'initiatives strat\u00e9giques, nous d\u00e9fendons activement toutes les activit\u00e9s qui visent \u00e0 d\u00e9velopper le leadership de la recherche africaine. Notre objectif est de constituer une masse critique de chercheurs capables de relever les d\u00e9fis de notre \u00e9poque. Nous offrons une plateforme o\u00f9 les institutions peuvent s'associer pour proposer des formations, des mentorats et des ressources afin d'aider les chercheurs \u00e0 atteindre leur plein potentiel.<\/p><\/div><\/div>\t\t\t\t<\/div>\n\t\t\t\t<\/div>\n\t\t\t\t<div class=\"elementor-element elementor-element-0ec04fd elementor-widget elementor-widget-image-box\" data-id=\"0ec04fd\" data-element_type=\"widget\" data-e-type=\"widget\" data-widget_type=\"image-box.default\">\n\t\t\t\t<div class=\"elementor-widget-container\">\n\t\t\t\t\t<div class=\"elementor-image-box-wrapper\"><div class=\"elementor-image-box-content\"><h3 class=\"elementor-image-box-title\">2. Croissance acad\u00e9mique et professionnelle :<\/h3><p class=\"elementor-image-box-description\">Nous soutenons le d\u00e9veloppement acad\u00e9mique et professionnel des chercheurs et des institutions. En leur offrant une plateforme pour pr\u00e9senter leur travail et leurs r\u00e9alisations, nous rehaussons leur profil, am\u00e9liorant ainsi les possibilit\u00e9s de d\u00e9veloppement de carri\u00e8re et de reconnaissance.<\/p><\/div><\/div>\t\t\t\t<\/div>\n\t\t\t\t<\/div>\n\t\t\t\t<div class=\"elementor-element elementor-element-91f6764 elementor-widget elementor-widget-image-box\" data-id=\"91f6764\" data-element_type=\"widget\" data-e-type=\"widget\" data-widget_type=\"image-box.default\">\n\t\t\t\t<div class=\"elementor-widget-container\">\n\t\t\t\t\t<div class=\"elementor-image-box-wrapper\"><div class=\"elementor-image-box-content\"><h3 class=\"elementor-image-box-title\">3. Favoriser la collaboration :<\/h3><p class=\"elementor-image-box-description\">Le d\u00e9veloppement du capital humain se nourrit de la collaboration. Notre plateforme sert de carrefour o\u00f9 les chercheurs, les institutions et les bailleurs de fonds peuvent se rencontrer, \u00e9changer des id\u00e9es et s'engager dans des projets de collaboration. Nous pensons que l'intelligence collective de notre communaut\u00e9 est un outil puissant pour faire progresser la recherche et le capital humain.<\/p><\/div><\/div>\t\t\t\t<\/div>\n\t\t\t\t<\/div>\n\t\t\t\t<div class=\"elementor-element elementor-element-726e106 elementor-widget elementor-widget-image-box\" data-id=\"726e106\" data-element_type=\"widget\" data-e-type=\"widget\" data-widget_type=\"image-box.default\">\n\t\t\t\t<div class=\"elementor-widget-container\">\n\t\t\t\t\t<div class=\"elementor-image-box-wrapper\"><div class=\"elementor-image-box-content\"><h3 class=\"elementor-image-box-title\">4. Apprentissage et am\u00e9lioration des comp\u00e9tences :<\/h3><p class=\"elementor-image-box-description\">Nous cherchons \u00e0 offrir une plateforme o\u00f9 une gamme de ressources et d'opportunit\u00e9s pour l'apprentissage continu et l'am\u00e9lioration des comp\u00e9tences peut \u00eatre offerte. Nous encourageons les partenariats qui proposent des webinaires, des ateliers et du mat\u00e9riel p\u00e9dagogique. Toutes ces ressources permettront aux chercheurs d'acqu\u00e9rir de nouvelles comp\u00e9tences, de se tenir au courant des derni\u00e8res tendances et d'am\u00e9liorer leurs comp\u00e9tences professionnelles.<\/p><\/div><\/div>\t\t\t\t<\/div>\n\t\t\t\t<\/div>\n\t\t\t\t<div class=\"elementor-element elementor-element-a353edf elementor-widget elementor-widget-image-box\" data-id=\"a353edf\" data-element_type=\"widget\" data-e-type=\"widget\" data-widget_type=\"image-box.default\">\n\t\t\t\t<div class=\"elementor-widget-container\">\n\t\t\t\t\t<div class=\"elementor-image-box-wrapper\"><div class=\"elementor-image-box-content\"><h3 class=\"elementor-image-box-title\">5. Bourses et subventions :<\/h3><p class=\"elementor-image-box-description\">Nous encourageons activement l'octroi de bourses et de subventions pour soutenir les efforts de formation et de recherche de chercheurs prometteurs. En recherchant des partenariats avec des institutions qui offrent une aide financi\u00e8re et des opportunit\u00e9s, nous visons \u00e0 faire tomber les barri\u00e8res financi\u00e8res et \u00e0 fournir un acc\u00e8s \u00e0 une \u00e9ducation de qualit\u00e9 et \u00e0 des exp\u00e9riences de recherche.<\/p><\/div><\/div>\t\t\t\t<\/div>\n\t\t\t\t<\/div>\n\t\t\t\t<div class=\"elementor-element elementor-element-e239dbc elementor-widget elementor-widget-image-box\" data-id=\"e239dbc\" data-element_type=\"widget\" data-e-type=\"widget\" data-widget_type=\"image-box.default\">\n\t\t\t\t<div class=\"elementor-widget-container\">\n\t\t\t\t\t<div class=\"elementor-image-box-wrapper\"><div class=\"elementor-image-box-content\"><h3 class=\"elementor-image-box-title\">6. Inclusion et diversit\u00e9 :<\/h3><p class=\"elementor-image-box-description\">Nous d\u00e9fendons l'inclusion et la diversit\u00e9 dans la recherche et l'\u00e9ducation. Notre plateforme s'engage \u00e0 fournir un espace o\u00f9 toutes les voix sont entendues, ind\u00e9pendamment du sexe, de l'ethnie ou de l'origine. Nous pensons que le potentiel du capital humain ne peut \u00eatre pleinement exploit\u00e9 que si chacun a une chance \u00e9gale d'y contribuer.<\/p><\/div><\/div>\t\t\t\t<\/div>\n\t\t\t\t<\/div>\n\t\t\t\t<div class=\"elementor-element elementor-element-c2d767c elementor-widget elementor-widget-image-box\" data-id=\"c2d767c\" data-element_type=\"widget\" data-e-type=\"widget\" data-widget_type=\"image-box.default\">\n\t\t\t\t<div class=\"elementor-widget-container\">\n\t\t\t\t\t<div class=\"elementor-image-box-wrapper\"><div class=\"elementor-image-box-content\"><h3 class=\"elementor-image-box-title\">7. Renforcer l'autonomie des g\u00e9n\u00e9rations futures :<\/h3><p class=\"elementor-image-box-description\">Nous investissons dans l'avenir en formant la prochaine g\u00e9n\u00e9ration de chercheurs.\nGr\u00e2ce \u00e0 des programmes de mentorat et \u00e0 des initiatives \u00e9ducatives, nous guidons et inspirons les jeunes esprits \u00e0 poursuivre des carri\u00e8res dans la recherche et l'innovation.\nLe d\u00e9veloppement du capital humain n'est pas seulement un objectif pour nous ; c'est la force motrice de notre plateforme.\nNous nous engageons \u00e0 responsabiliser les individus, les institutions et les communaut\u00e9s, en encourageant une culture de l'apprentissage et de la croissance tout au long de la vie.\nEnsemble, nous pouvons lib\u00e9rer l'immense potentiel du capital humain africain et susciter des changements positifs sur tout le continent.    <\/p><\/div><\/div>\t\t\t\t<\/div>\n\t\t\t\t<\/div>\n\t\t\t\t\t<\/div>\n\t\t<\/div>\n\t\t\t\t\t<\/div>\n\t\t<\/section>\n\t\t\t\t<\/div>\n\t\t","protected":false},"excerpt":{"rendered":"<p>Promouvoir le d\u00e9veloppement du capital humain \u00c0 l&#8217;African Research Nexus, nous nous consacrons au d\u00e9veloppement holistique du capital humain, que nous consid\u00e9rons comme la pierre angulaire du progr\u00e8s et de l&#8217;innovation sur le continent africain. Notre engagement en faveur du d\u00e9veloppement du capital humain est inscrit dans le tissu m\u00eame de notre plateforme, et voici [&hellip;]<\/p>\n","protected":false},"author":4,"featured_media":0,"parent":0,"menu_order":0,"comment_status":"closed","ping_status":"closed","template":"elementor_header_footer","meta":{"_acf_changed":false,"_bbp_topic_count":0,"_bbp_reply_count":0,"_bbp_total_topic_count":0,"_bbp_total_reply_count":0,"_bbp_voice_count":0,"_bbp_anonymous_reply_count":0,"_bbp_topic_count_hidden":0,"_bbp_reply_count_hidden":0,"_bbp_forum_subforum_count":0,"footnotes":""},"class_list":["post-11369","page","type-page","status-publish","hentry"],"acf":[],"_links":{"self":[{"href":"https:\/\/africaresearchconnects.com\/fr\/wp-json\/wp\/v2\/pages\/11369","targetHints":{"allow":["GET"]}}],"collection":[{"href":"https:\/\/africaresearchconnects.com\/fr\/wp-json\/wp\/v2\/pages"}],"about":[{"href":"https:\/\/africaresearchconnects.com\/fr\/wp-json\/wp\/v2\/types\/page"}],"author":[{"embeddable":true,"href":"https:\/\/africaresearchconnects.com\/fr\/wp-json\/wp\/v2\/users\/4"}],"replies":[{"embeddable":true,"href":"https:\/\/africaresearchconnects.com\/fr\/wp-json\/wp\/v2\/comments?post=11369"}],"version-history":[{"count":5,"href":"https:\/\/africaresearchconnects.com\/fr\/wp-json\/wp\/v2\/pages\/11369\/revisions"}],"predecessor-version":[{"id":12906,"href":"https:\/\/africaresearchconnects.com\/fr\/wp-json\/wp\/v2\/pages\/11369\/revisions\/12906"}],"wp:attachment":[{"href":"https:\/\/africaresearchconnects.com\/fr\/wp-json\/wp\/v2\/media?parent=11369"}],"curies":[{"name":"wp","href":"https:\/\/api.w.org\/{rel}","templated":true}]}}