{"id":11386,"date":"2024-04-04T09:26:31","date_gmt":"2024-04-04T09:26:31","guid":{"rendered":"https:\/\/https:\/\/africaresearchconnects.com\/referentiel-densembles-de-donnees-de-recherche\/"},"modified":"2024-10-02T09:44:50","modified_gmt":"2024-10-02T09:44:50","slug":"referentiel-densembles-de-donnees-de-recherche","status":"publish","type":"page","link":"https:\/\/africaresearchconnects.com\/fr\/referentiel-densembles-de-donnees-de-recherche\/","title":{"rendered":"D\u00c9P\u00d4T D&#8217;ENSEMBLES DE DONN\u00c9ES DE RECHERCHE"},"content":{"rendered":"\t\t<div data-elementor-type=\"wp-page\" data-elementor-id=\"11386\" class=\"elementor elementor-11386 elementor-5885\" data-elementor-post-type=\"page\">\n\t\t\t\t<div class=\"elementor-element elementor-element-2eab3de e-flex e-con-boxed e-con e-parent\" data-id=\"2eab3de\" data-element_type=\"container\" data-e-type=\"container\" data-settings=\"{&quot;background_background&quot;:&quot;classic&quot;}\">\n\t\t\t\t\t<div class=\"e-con-inner\">\n\t\t<div class=\"elementor-element elementor-element-f6376a2 e-con-full e-flex e-con e-child\" data-id=\"f6376a2\" data-element_type=\"container\" data-e-type=\"container\">\n\t\t\t\t<div class=\"elementor-element elementor-element-e841086 elementor-widget elementor-widget-text-editor\" data-id=\"e841086\" data-element_type=\"widget\" data-e-type=\"widget\" data-widget_type=\"text-editor.default\">\n\t\t\t\t<div class=\"elementor-widget-container\">\n\t\t\t\t\t\t\t\t\t<p><strong>Introduction d&#8217;un d\u00e9p\u00f4t de donn\u00e9es de recherche africain : <\/strong>D\u00e9mocratiser l&#8217;acc\u00e8s aux donn\u00e9es de recherche<\/p>\n\t\t\t\t\t\t\t\t<\/div>\n\t\t\t\t<\/div>\n\t\t\t\t<div class=\"elementor-element elementor-element-2df53e6 elementor-widget elementor-widget-text-editor\" data-id=\"2df53e6\" data-element_type=\"widget\" data-e-type=\"widget\" data-widget_type=\"text-editor.default\">\n\t\t\t\t<div class=\"elementor-widget-container\">\n\t\t\t\t\t\t\t\t\t<p>La plateforme d&#8217;appariement de la recherche (RMP) introduit une ressource essentielle avec notre d\u00e9p\u00f4t de donn\u00e9es de recherche, con\u00e7u pour relever le d\u00e9fi critique de l&#8217;accessibilit\u00e9 des donn\u00e9es pour les chercheurs \u00e0 travers l&#8217;Afrique.<br \/>\nCe d\u00e9p\u00f4t fournit une multitude d&#8217;ensembles de donn\u00e9es de recherche en libre acc\u00e8s, facilitant l&#8217;exploration et la r\u00e9analyse des donn\u00e9es existantes lorsque la collecte de donn\u00e9es primaires n&#8217;est pas r\u00e9alisable en raison de contraintes de ressources. <\/p>\n<p>En d\u00e9mocratisant l&#8217;acc\u00e8s \u00e0 des ensembles de donn\u00e9es de haute qualit\u00e9, nous permettons aux \u00e9tudiants, aux chercheurs et aux universitaires de se plonger dans des analyses individuelles ou multi-pays sans avoir besoin d&#8217;un financement ou de ressources consid\u00e9rables.<br \/>\nCette initiative est particuli\u00e8rement pr\u00e9cieuse pour ceux qui cherchent \u00e0 am\u00e9liorer leur recherche avec des preuves empiriques solides, \u00e0 explorer de nouvelles questions scientifiques ou \u00e0 valider des \u00e9tudes existantes. <\/p>\n\t\t\t\t\t\t\t\t<\/div>\n\t\t\t\t<\/div>\n\t\t\t\t<\/div>\n\t\t\t\t\t<\/div>\n\t\t\t\t<\/div>\n\t\t<div class=\"elementor-element elementor-element-2d70919 side-img e-flex e-con-boxed e-con e-parent\" data-id=\"2d70919\" data-element_type=\"container\" data-e-type=\"container\" data-settings=\"{&quot;background_background&quot;:&quot;classic&quot;}\">\n\t\t\t\t\t<div class=\"e-con-inner\">\n\t\t<div class=\"elementor-element elementor-element-1fee23f e-con-full key-benefit-sec e-flex e-con e-child\" data-id=\"1fee23f\" data-element_type=\"container\" data-e-type=\"container\">\n\t\t\t\t<div class=\"elementor-element elementor-element-fbc7b99 elementor-widget elementor-widget-heading\" data-id=\"fbc7b99\" data-element_type=\"widget\" data-e-type=\"widget\" data-widget_type=\"heading.default\">\n\t\t\t\t<div class=\"elementor-widget-container\">\n\t\t\t\t\t<h2 class=\"elementor-heading-title elementor-size-default\">Principaux avantages<\/h2>\t\t\t\t<\/div>\n\t\t\t\t<\/div>\n\t\t\t\t<div class=\"elementor-element elementor-element-d3a6386 elementor-widget elementor-widget-text-editor\" data-id=\"d3a6386\" data-element_type=\"widget\" data-e-type=\"widget\" data-widget_type=\"text-editor.default\">\n\t\t\t\t<div class=\"elementor-widget-container\">\n\t\t\t\t\t\t\t\t\t<ol>\n \t<li><strong>Libre acc\u00e8s aux donn\u00e9es <\/strong> Acc\u00e9dez librement \u00e0 un large \u00e9ventail de donn\u00e9es de recherche, en supprimant l&#8217;obstacle de l&#8217;acquisition co\u00fbteuse des donn\u00e9es.<\/li>\n \t<li> <strong> Am\u00e9lioration des possibilit\u00e9s de recherche <\/strong> Utiliser les donn\u00e9es existantes pour explorer de nouvelles questions de recherche ou approfondir des \u00e9tudes ant\u00e9rieures.<\/li>\n \t<li><strong>Soutien aux chercheurs disposant de peu de ressources<\/strong> Fournir des ressources essentielles aux chercheurs et aux \u00e9tudiants qui n&#8217;ont pas les moyens d&#8217;effectuer une collecte de donn\u00e9es primaires.<\/li>\n<\/ol>\t\t\t\t\t\t\t\t<\/div>\n\t\t\t\t<\/div>\n\t\t\t\t<\/div>\n\t\t<div class=\"elementor-element elementor-element-2a4c2e0 e-con-full new-text e-flex e-con e-child\" data-id=\"2a4c2e0\" data-element_type=\"container\" data-e-type=\"container\" data-settings=\"{&quot;position&quot;:&quot;absolute&quot;}\">\n\t\t\t\t<div class=\"elementor-element elementor-element-27b661b elementor-widget elementor-widget-image\" data-id=\"27b661b\" data-element_type=\"widget\" data-e-type=\"widget\" data-widget_type=\"image.default\">\n\t\t\t\t<div class=\"elementor-widget-container\">\n\t\t\t\t\t\t\t\t\t\t\t\t\t\t\t<img decoding=\"async\" width=\"107\" height=\"371\" src=\"https:\/\/africaresearchconnects.com\/wp-content\/uploads\/2024\/10\/Group-1155638.png\" class=\"attachment-large size-large wp-image-12592\" alt=\"\" \/>\t\t\t\t\t\t\t\t\t\t\t\t\t\t\t<\/div>\n\t\t\t\t<\/div>\n\t\t\t\t<\/div>\n\t\t\t\t\t<\/div>\n\t\t\t\t<\/div>\n\t\t<div class=\"elementor-element elementor-element-e3370b3 side-img e-flex e-con-boxed e-con e-parent\" data-id=\"e3370b3\" data-element_type=\"container\" data-e-type=\"container\" data-settings=\"{&quot;background_background&quot;:&quot;classic&quot;}\">\n\t\t\t\t\t<div class=\"e-con-inner\">\n\t\t<div class=\"elementor-element elementor-element-aa71342 e-con-full key-benefit-sec e-flex e-con e-child\" data-id=\"aa71342\" data-element_type=\"container\" data-e-type=\"container\">\n\t\t\t\t<div class=\"elementor-element elementor-element-7e0a6e6 elementor-widget elementor-widget-heading\" data-id=\"7e0a6e6\" data-element_type=\"widget\" data-e-type=\"widget\" data-widget_type=\"heading.default\">\n\t\t\t\t<div class=\"elementor-widget-container\">\n\t\t\t\t\t<h2 class=\"elementor-heading-title elementor-size-default\">Explorer<\/h2>\t\t\t\t<\/div>\n\t\t\t\t<\/div>\n\t\t\t\t<div class=\"elementor-element elementor-element-3388d7c elementor-widget elementor-widget-text-editor\" data-id=\"3388d7c\" data-element_type=\"widget\" data-e-type=\"widget\" data-widget_type=\"text-editor.default\">\n\t\t\t\t<div class=\"elementor-widget-container\">\n\t\t\t\t\t\t\t\t\t<p>Notre d\u00e9p\u00f4t de donn\u00e9es de recherche est plus qu&#8217;une simple archive de donn\u00e9es ; c&#8217;est un tremplin pour l&#8217;innovation et un outil essentiel pour faire avancer la recherche sur tout le continent.<br \/>\nEn offrant ces ensembles de donn\u00e9es, le RMP facilite un environnement de recherche plus inclusif et plus complet, garantissant que tous les chercheurs, ind\u00e9pendamment de leur emplacement ou de leurs ressources, ont la possibilit\u00e9 de contribuer au riche paysage scientifique de l&#8217;Afrique et d&#8217;en tirer profit. <\/p>\n\t\t\t\t\t\t\t\t<\/div>\n\t\t\t\t<\/div>\n\t\t\t\t<div class=\"elementor-element elementor-element-345eccf elementor-widget elementor-widget-heading\" data-id=\"345eccf\" data-element_type=\"widget\" data-e-type=\"widget\" data-widget_type=\"heading.default\">\n\t\t\t\t<div class=\"elementor-widget-container\">\n\t\t\t\t\t<h4 class=\"elementor-heading-title elementor-size-default\">Ouvrez un monde de possibilit\u00e9s de recherche. Cliquez pour explorer notre d\u00e9p\u00f4t de donn\u00e9es de recherche maintenant<\/h4>\t\t\t\t<\/div>\n\t\t\t\t<\/div>\n\t\t<div class=\"elementor-element elementor-element-f5b003e e-con-full e-flex e-con e-child\" data-id=\"f5b003e\" data-element_type=\"container\" data-e-type=\"container\">\n\t\t<div class=\"elementor-element elementor-element-e81b505 e-con-full e-flex e-con e-child\" data-id=\"e81b505\" data-element_type=\"container\" data-e-type=\"container\">\n\t\t\t\t<div class=\"elementor-element elementor-element-fd3205c discover-btn elementor-widget elementor-widget-button\" data-id=\"fd3205c\" data-element_type=\"widget\" data-e-type=\"widget\" data-widget_type=\"button.default\">\n\t\t\t\t<div class=\"elementor-widget-container\">\n\t\t\t\t\t\t\t\t\t<div class=\"elementor-button-wrapper\">\n\t\t\t\t\t<a class=\"elementor-button elementor-button-link elementor-size-sm\" href=\"https:\/\/https:\/\/africaresearchconnects.com\/fr\/publications\/\">\n\t\t\t\t\t\t<span class=\"elementor-button-content-wrapper\">\n\t\t\t\t\t\t\t\t\t<span class=\"elementor-button-text\">D\u00c9COUVRIR PLUS<\/span>\n\t\t\t\t\t<\/span>\n\t\t\t\t\t<\/a>\n\t\t\t\t<\/div>\n\t\t\t\t\t\t\t\t<\/div>\n\t\t\t\t<\/div>\n\t\t\t\t<\/div>\n\t\t<div class=\"elementor-element elementor-element-7961f6d e-con-full e-flex e-con e-child\" data-id=\"7961f6d\" data-element_type=\"container\" data-e-type=\"container\">\n\t\t\t\t<div class=\"elementor-element elementor-element-06a1350 e-transform elementor-hidden-mobile elementor-widget elementor-widget-image\" data-id=\"06a1350\" data-element_type=\"widget\" data-e-type=\"widget\" data-settings=\"{&quot;_transform_translateX_effect&quot;:{&quot;unit&quot;:&quot;px&quot;,&quot;size&quot;:-27,&quot;sizes&quot;:[]},&quot;_transform_translateX_effect_mobile&quot;:{&quot;unit&quot;:&quot;px&quot;,&quot;size&quot;:-27,&quot;sizes&quot;:[]},&quot;_transform_translateY_effect&quot;:{&quot;unit&quot;:&quot;px&quot;,&quot;size&quot;:10,&quot;sizes&quot;:[]},&quot;_transform_translateY_effect_mobile&quot;:{&quot;unit&quot;:&quot;px&quot;,&quot;size&quot;:64,&quot;sizes&quot;:[]},&quot;_transform_translateX_effect_tablet&quot;:{&quot;unit&quot;:&quot;px&quot;,&quot;size&quot;:&quot;&quot;,&quot;sizes&quot;:[]},&quot;_transform_translateY_effect_tablet&quot;:{&quot;unit&quot;:&quot;px&quot;,&quot;size&quot;:&quot;&quot;,&quot;sizes&quot;:[]}}\" data-widget_type=\"image.default\">\n\t\t\t\t<div class=\"elementor-widget-container\">\n\t\t\t\t\t\t\t\t\t\t\t\t\t\t\t<img decoding=\"async\" width=\"104\" height=\"79\" src=\"https:\/\/africaresearchconnects.com\/wp-content\/uploads\/2024\/10\/arrowww.png\" class=\"attachment-large size-large wp-image-12572\" alt=\"\" \/>\t\t\t\t\t\t\t\t\t\t\t\t\t\t\t<\/div>\n\t\t\t\t<\/div>\n\t\t\t\t<\/div>\n\t\t<div class=\"elementor-element elementor-element-40b8387 e-con-full e-flex e-con e-child\" data-id=\"40b8387\" data-element_type=\"container\" data-e-type=\"container\">\n\t\t\t\t<div class=\"elementor-element elementor-element-335db0e e-transform elementor-hidden-mobile elementor-widget elementor-widget-text-editor\" data-id=\"335db0e\" data-element_type=\"widget\" data-e-type=\"widget\" data-settings=\"{&quot;_transform_translateX_effect&quot;:{&quot;unit&quot;:&quot;px&quot;,&quot;size&quot;:-41,&quot;sizes&quot;:[]},&quot;_transform_translateX_effect_mobile&quot;:{&quot;unit&quot;:&quot;px&quot;,&quot;size&quot;:0,&quot;sizes&quot;:[]},&quot;_transform_translateY_effect_mobile&quot;:{&quot;unit&quot;:&quot;px&quot;,&quot;size&quot;:10,&quot;sizes&quot;:[]},&quot;_transform_translateX_effect_tablet&quot;:{&quot;unit&quot;:&quot;px&quot;,&quot;size&quot;:&quot;&quot;,&quot;sizes&quot;:[]},&quot;_transform_translateY_effect&quot;:{&quot;unit&quot;:&quot;px&quot;,&quot;size&quot;:&quot;&quot;,&quot;sizes&quot;:[]},&quot;_transform_translateY_effect_tablet&quot;:{&quot;unit&quot;:&quot;px&quot;,&quot;size&quot;:&quot;&quot;,&quot;sizes&quot;:[]}}\" data-widget_type=\"text-editor.default\">\n\t\t\t\t<div class=\"elementor-widget-container\">\n\t\t\t\t\t\t\t\t\t<p>Cliquez ici pour plonger dans l&#8217;aventure !<\/p>\n\t\t\t\t\t\t\t\t<\/div>\n\t\t\t\t<\/div>\n\t\t\t\t<\/div>\n\t\t\t\t<\/div>\n\t\t\t\t<\/div>\n\t\t\t\t\t<\/div>\n\t\t\t\t<\/div>\n\t\t\t\t<\/div>\n\t\t","protected":false},"excerpt":{"rendered":"<p>Introduction d&#8217;un d\u00e9p\u00f4t de donn\u00e9es de recherche africain : D\u00e9mocratiser l&#8217;acc\u00e8s aux donn\u00e9es de recherche La plateforme d&#8217;appariement de la recherche (RMP) introduit une ressource essentielle avec notre d\u00e9p\u00f4t de donn\u00e9es de recherche, con\u00e7u pour relever le d\u00e9fi critique de l&#8217;accessibilit\u00e9 des donn\u00e9es pour les chercheurs \u00e0 travers l&#8217;Afrique. Ce d\u00e9p\u00f4t fournit une multitude d&#8217;ensembles [&hellip;]<\/p>\n","protected":false},"author":2,"featured_media":0,"parent":0,"menu_order":0,"comment_status":"closed","ping_status":"closed","template":"elementor_header_footer","meta":{"_acf_changed":false,"_bbp_topic_count":0,"_bbp_reply_count":0,"_bbp_total_topic_count":0,"_bbp_total_reply_count":0,"_bbp_voice_count":0,"_bbp_anonymous_reply_count":0,"_bbp_topic_count_hidden":0,"_bbp_reply_count_hidden":0,"_bbp_forum_subforum_count":0,"footnotes":""},"class_list":["post-11386","page","type-page","status-publish","hentry"],"acf":[],"_links":{"self":[{"href":"https:\/\/africaresearchconnects.com\/fr\/wp-json\/wp\/v2\/pages\/11386","targetHints":{"allow":["GET"]}}],"collection":[{"href":"https:\/\/africaresearchconnects.com\/fr\/wp-json\/wp\/v2\/pages"}],"about":[{"href":"https:\/\/africaresearchconnects.com\/fr\/wp-json\/wp\/v2\/types\/page"}],"author":[{"embeddable":true,"href":"https:\/\/africaresearchconnects.com\/fr\/wp-json\/wp\/v2\/users\/2"}],"replies":[{"embeddable":true,"href":"https:\/\/africaresearchconnects.com\/fr\/wp-json\/wp\/v2\/comments?post=11386"}],"version-history":[{"count":3,"href":"https:\/\/africaresearchconnects.com\/fr\/wp-json\/wp\/v2\/pages\/11386\/revisions"}],"predecessor-version":[{"id":12863,"href":"https:\/\/africaresearchconnects.com\/fr\/wp-json\/wp\/v2\/pages\/11386\/revisions\/12863"}],"wp:attachment":[{"href":"https:\/\/africaresearchconnects.com\/fr\/wp-json\/wp\/v2\/media?parent=11386"}],"curies":[{"name":"wp","href":"https:\/\/api.w.org\/{rel}","templated":true}]}}