{"id":11390,"date":"2023-11-07T05:45:19","date_gmt":"2023-11-07T05:45:19","guid":{"rendered":"https:\/\/https:\/\/africaresearchconnects.com\/presentation-de-lanalytique\/"},"modified":"2024-10-02T09:39:29","modified_gmt":"2024-10-02T09:39:29","slug":"presentation-de-lanalytique","status":"publish","type":"page","link":"https:\/\/africaresearchconnects.com\/fr\/presentation-de-lanalytique\/","title":{"rendered":"Pr\u00e9sentation de l&#8217;analyse"},"content":{"rendered":"\t\t<div data-elementor-type=\"wp-page\" data-elementor-id=\"11390\" class=\"elementor elementor-11390 elementor-4435\" data-elementor-post-type=\"page\">\n\t\t\t\t\t\t<section class=\"elementor-section elementor-top-section elementor-element elementor-element-0508e15 elementor-section-content-middle elementor-section-height-min-height elementor-section-boxed elementor-section-height-default elementor-section-items-middle\" data-id=\"0508e15\" data-element_type=\"section\" data-e-type=\"section\" data-settings=\"{&quot;background_background&quot;:&quot;classic&quot;}\">\n\t\t\t\t\t\t\t<div class=\"elementor-background-overlay\"><\/div>\n\t\t\t\t\t\t\t<div class=\"elementor-container elementor-column-gap-no\">\n\t\t\t\t\t<div class=\"elementor-column elementor-col-100 elementor-top-column elementor-element elementor-element-f819600\" data-id=\"f819600\" data-element_type=\"column\" data-e-type=\"column\">\n\t\t\t<div class=\"elementor-widget-wrap\">\n\t\t\t\t\t\t\t<\/div>\n\t\t<\/div>\n\t\t\t\t\t<\/div>\n\t\t<\/section>\n\t\t\t\t<section class=\"elementor-section elementor-top-section elementor-element elementor-element-de51747 elementor-section-boxed elementor-section-height-default elementor-section-height-default\" data-id=\"de51747\" data-element_type=\"section\" data-e-type=\"section\" data-settings=\"{&quot;background_background&quot;:&quot;classic&quot;}\">\n\t\t\t\t\t\t<div class=\"elementor-container elementor-column-gap-default\">\n\t\t\t\t\t<div class=\"elementor-column elementor-col-100 elementor-top-column elementor-element elementor-element-af9b123\" data-id=\"af9b123\" data-element_type=\"column\" data-e-type=\"column\">\n\t\t\t<div class=\"elementor-widget-wrap elementor-element-populated\">\n\t\t\t\t\t\t<div class=\"elementor-element elementor-element-59644e5 elementor-widget elementor-widget-heading\" data-id=\"59644e5\" data-element_type=\"widget\" data-e-type=\"widget\" data-widget_type=\"heading.default\">\n\t\t\t\t<div class=\"elementor-widget-container\">\n\t\t\t\t\t<h2 class=\"elementor-heading-title elementor-size-default\">Pr\u00e9sentation de l'analyse pour \"Les institutions africaines et les profils des chercheurs\".<\/h2>\t\t\t\t<\/div>\n\t\t\t\t<\/div>\n\t\t\t\t<div class=\"elementor-element elementor-element-2c1d299 elementor-widget elementor-widget-heading\" data-id=\"2c1d299\" data-element_type=\"widget\" data-e-type=\"widget\" data-widget_type=\"heading.default\">\n\t\t\t\t<div class=\"elementor-widget-container\">\n\t\t\t\t\t<h3 class=\"elementor-heading-title elementor-size-default\">Exploiter la puissance des donn\u00e9es<\/h3>\t\t\t\t<\/div>\n\t\t\t\t<\/div>\n\t\t\t\t<div class=\"elementor-element elementor-element-9e41fdf elementor-widget elementor-widget-text-editor\" data-id=\"9e41fdf\" data-element_type=\"widget\" data-e-type=\"widget\" data-widget_type=\"text-editor.default\">\n\t\t\t\t<div class=\"elementor-widget-container\">\n\t\t\t\t\t\t\t\t\t<p>Dans le cadre de notre mission visant \u00e0 favoriser un \u00e9cosyst\u00e8me de recherche dynamique, nous sommes ravis d&#8217;introduire des outils d&#8217;analyse de pointe pour les &#8220;Profils des institutions et des chercheurs africains&#8221;.<br \/>\nCette fonctionnalit\u00e9 ouvre un monde d&#8217;informations bas\u00e9es sur des donn\u00e9es, permettant aux chercheurs, aux institutions et aux parties prenantes d&#8217;exploiter tout le potentiel des profils.<br \/>\nVoici comment nos analyses transforment la fa\u00e7on dont vous vous engagez avec les institutions et les chercheurs africains :  <\/p>\n\t\t\t\t\t\t\t\t<\/div>\n\t\t\t\t<\/div>\n\t\t\t\t<div class=\"elementor-element elementor-element-624f41d elementor-widget elementor-widget-image-box\" data-id=\"624f41d\" data-element_type=\"widget\" data-e-type=\"widget\" data-widget_type=\"image-box.default\">\n\t\t\t\t<div class=\"elementor-widget-container\">\n\t\t\t\t\t<div class=\"elementor-image-box-wrapper\"><div class=\"elementor-image-box-content\"><h3 class=\"elementor-image-box-title\">1. Profils complets :<\/h3><p class=\"elementor-image-box-description\">Plongez dans des profils approfondis d'institutions et de chercheurs africains. Nos analyses fournissent une vue d'ensemble de leurs travaux, publications, domaines d'expertise et contributions au paysage de la recherche.<\/p><\/div><\/div>\t\t\t\t<\/div>\n\t\t\t\t<\/div>\n\t\t\t\t<div class=\"elementor-element elementor-element-0ec04fd elementor-widget elementor-widget-image-box\" data-id=\"0ec04fd\" data-element_type=\"widget\" data-e-type=\"widget\" data-widget_type=\"image-box.default\">\n\t\t\t\t<div class=\"elementor-widget-container\">\n\t\t\t\t\t<div class=\"elementor-image-box-wrapper\"><div class=\"elementor-image-box-content\"><h3 class=\"elementor-image-box-title\">2. Visualisation des donn\u00e9es :<\/h3><p class=\"elementor-image-box-description\">Visualisez vos donn\u00e9es comme jamais auparavant. Nos analyses offrent un \u00e9ventail d'outils visuels qui transforment des informations complexes en tableaux, graphiques et cartes interactifs, facilitant ainsi l'exploration et la compr\u00e9hension des donn\u00e9es.<\/p><\/div><\/div>\t\t\t\t<\/div>\n\t\t\t\t<\/div>\n\t\t\t\t<div class=\"elementor-element elementor-element-91f6764 elementor-widget elementor-widget-image-box\" data-id=\"91f6764\" data-element_type=\"widget\" data-e-type=\"widget\" data-widget_type=\"image-box.default\">\n\t\t\t\t<div class=\"elementor-widget-container\">\n\t\t\t\t\t<div class=\"elementor-image-box-wrapper\"><div class=\"elementor-image-box-content\"><h3 class=\"elementor-image-box-title\">3. Analyse comparative :<\/h3><p class=\"elementor-image-box-description\">Faites des comparaisons en toute connaissance de cause et sans effort. Gr\u00e2ce \u00e0 nos analyses, vous pouvez comparer les performances et l'impact de diff\u00e9rentes institutions et de diff\u00e9rents chercheurs, ce qui vous permet d'identifier les tendances et les domaines d'excellence.<\/p><\/div><\/div>\t\t\t\t<\/div>\n\t\t\t\t<\/div>\n\t\t\t\t<div class=\"elementor-element elementor-element-726e106 elementor-widget elementor-widget-image-box\" data-id=\"726e106\" data-element_type=\"widget\" data-e-type=\"widget\" data-widget_type=\"image-box.default\">\n\t\t\t\t<div class=\"elementor-widget-container\">\n\t\t\t\t\t<div class=\"elementor-image-box-wrapper\"><div class=\"elementor-image-box-content\"><h3 class=\"elementor-image-box-title\">4. Perspectives de collaboration :<\/h3><p class=\"elementor-image-box-description\">D\u00e9couvrez des collaborateurs potentiels. Nos analyses mettent en \u00e9vidence les connexions et les possibilit\u00e9s de collaboration au sein de la communaut\u00e9 africaine de la recherche, en encourageant les partenariats interdisciplinaires et interinstitutionnels.<\/p><\/div><\/div>\t\t\t\t<\/div>\n\t\t\t\t<\/div>\n\t\t\t\t<div class=\"elementor-element elementor-element-a353edf elementor-widget elementor-widget-image-box\" data-id=\"a353edf\" data-element_type=\"widget\" data-e-type=\"widget\" data-widget_type=\"image-box.default\">\n\t\t\t\t<div class=\"elementor-widget-container\">\n\t\t\t\t\t<div class=\"elementor-image-box-wrapper\"><div class=\"elementor-image-box-content\"><h3 class=\"elementor-image-box-title\">5. Analyse d'impact :<\/h3><p class=\"elementor-image-box-description\">\u00c9valuer l'impact des institutions et des chercheurs. Nos analyses mesurent l'influence de leur travail, vous aidant \u00e0 reconna\u00eetre les leaders et les contributeurs dans des domaines sp\u00e9cifiques.<\/p><\/div><\/div>\t\t\t\t<\/div>\n\t\t\t\t<\/div>\n\t\t\t\t<div class=\"elementor-element elementor-element-e239dbc elementor-widget elementor-widget-image-box\" data-id=\"e239dbc\" data-element_type=\"widget\" data-e-type=\"widget\" data-widget_type=\"image-box.default\">\n\t\t\t\t<div class=\"elementor-widget-container\">\n\t\t\t\t\t<div class=\"elementor-image-box-wrapper\"><div class=\"elementor-image-box-content\"><h3 class=\"elementor-image-box-title\">6. Rapports personnalis\u00e9s :<\/h3><p class=\"elementor-image-box-description\">Cr\u00e9ez des rapports personnalis\u00e9s. Nos analyses vous permettent de g\u00e9n\u00e9rer des biographies personnalis\u00e9es d'un chercheur.<\/p><\/div><\/div>\t\t\t\t<\/div>\n\t\t\t\t<\/div>\n\t\t\t\t<div class=\"elementor-element elementor-element-c2d767c elementor-widget elementor-widget-image-box\" data-id=\"c2d767c\" data-element_type=\"widget\" data-e-type=\"widget\" data-widget_type=\"image-box.default\">\n\t\t\t\t<div class=\"elementor-widget-container\">\n\t\t\t\t\t<div class=\"elementor-image-box-wrapper\"><div class=\"elementor-image-box-content\"><h3 class=\"elementor-image-box-title\">8. Mises \u00e0 jour en temps r\u00e9el :<\/h3><p class=\"elementor-image-box-description\">Restez \u00e0 jour avec des donn\u00e9es en temps r\u00e9el. Nos analyses vous garantissent l'acc\u00e8s aux informations les plus r\u00e9centes sur les institutions et les chercheurs africains, ce qui vous permet de prendre des d\u00e9cisions dynamiques et r\u00e9actives.<\/p><\/div><\/div>\t\t\t\t<\/div>\n\t\t\t\t<\/div>\n\t\t\t\t<div class=\"elementor-element elementor-element-2a17a12 elementor-widget elementor-widget-image-box\" data-id=\"2a17a12\" data-element_type=\"widget\" data-e-type=\"widget\" data-widget_type=\"image-box.default\">\n\t\t\t\t<div class=\"elementor-widget-container\">\n\t\t\t\t\t<div class=\"elementor-image-box-wrapper\"><div class=\"elementor-image-box-content\"><h3 class=\"elementor-image-box-title\">9. Hub de collaboration :<\/h3><p class=\"elementor-image-box-description\">Notre plateforme sert de centre de collaboration, permettant aux chercheurs et aux institutions de se connecter et de collaborer de mani\u00e8re transparente. Les analyses permettent d'identifier les partenaires potentiels et vous aident \u00e0 suivre les projets de collaboration.<\/p><\/div><\/div>\t\t\t\t<\/div>\n\t\t\t\t<\/div>\n\t\t\t\t\t<\/div>\n\t\t<\/div>\n\t\t\t\t\t<\/div>\n\t\t<\/section>\n\t\t\t\t<\/div>\n\t\t","protected":false},"excerpt":{"rendered":"<p>Pr\u00e9sentation de l&#8217;analyse pour &#8220;Les institutions africaines et les profils des chercheurs&#8221;. Exploiter la puissance des donn\u00e9es Dans le cadre de notre mission visant \u00e0 favoriser un \u00e9cosyst\u00e8me de recherche dynamique, nous sommes ravis d&#8217;introduire des outils d&#8217;analyse de pointe pour les &#8220;Profils des institutions et des chercheurs africains&#8221;. Cette fonctionnalit\u00e9 ouvre un monde d&#8217;informations [&hellip;]<\/p>\n","protected":false},"author":4,"featured_media":0,"parent":0,"menu_order":0,"comment_status":"closed","ping_status":"closed","template":"elementor_header_footer","meta":{"_acf_changed":false,"_bbp_topic_count":0,"_bbp_reply_count":0,"_bbp_total_topic_count":0,"_bbp_total_reply_count":0,"_bbp_voice_count":0,"_bbp_anonymous_reply_count":0,"_bbp_topic_count_hidden":0,"_bbp_reply_count_hidden":0,"_bbp_forum_subforum_count":0,"footnotes":""},"class_list":["post-11390","page","type-page","status-publish","hentry"],"acf":[],"_links":{"self":[{"href":"https:\/\/africaresearchconnects.com\/fr\/wp-json\/wp\/v2\/pages\/11390","targetHints":{"allow":["GET"]}}],"collection":[{"href":"https:\/\/africaresearchconnects.com\/fr\/wp-json\/wp\/v2\/pages"}],"about":[{"href":"https:\/\/africaresearchconnects.com\/fr\/wp-json\/wp\/v2\/types\/page"}],"author":[{"embeddable":true,"href":"https:\/\/africaresearchconnects.com\/fr\/wp-json\/wp\/v2\/users\/4"}],"replies":[{"embeddable":true,"href":"https:\/\/africaresearchconnects.com\/fr\/wp-json\/wp\/v2\/comments?post=11390"}],"version-history":[{"count":3,"href":"https:\/\/africaresearchconnects.com\/fr\/wp-json\/wp\/v2\/pages\/11390\/revisions"}],"predecessor-version":[{"id":12806,"href":"https:\/\/africaresearchconnects.com\/fr\/wp-json\/wp\/v2\/pages\/11390\/revisions\/12806"}],"wp:attachment":[{"href":"https:\/\/africaresearchconnects.com\/fr\/wp-json\/wp\/v2\/media?parent=11390"}],"curies":[{"name":"wp","href":"https:\/\/api.w.org\/{rel}","templated":true}]}}