{"id":11391,"date":"2023-11-07T05:48:44","date_gmt":"2023-11-07T05:48:44","guid":{"rendered":"https:\/\/https:\/\/africaresearchconnects.com\/promouvoir-la-science-ouverte\/"},"modified":"2024-10-02T09:42:55","modified_gmt":"2024-10-02T09:42:55","slug":"promouvoir-la-science-ouverte","status":"publish","type":"page","link":"https:\/\/africaresearchconnects.com\/fr\/promouvoir-la-science-ouverte\/","title":{"rendered":"Promouvoir la science ouverte"},"content":{"rendered":"\t\t<div data-elementor-type=\"wp-page\" data-elementor-id=\"11391\" class=\"elementor elementor-11391 elementor-4450\" data-elementor-post-type=\"page\">\n\t\t\t\t\t\t<section class=\"elementor-section elementor-top-section elementor-element elementor-element-0508e15 elementor-section-content-middle elementor-section-height-min-height elementor-section-boxed elementor-section-height-default elementor-section-items-middle\" data-id=\"0508e15\" data-element_type=\"section\" data-e-type=\"section\" data-settings=\"{&quot;background_background&quot;:&quot;classic&quot;}\">\n\t\t\t\t\t\t\t<div class=\"elementor-background-overlay\"><\/div>\n\t\t\t\t\t\t\t<div class=\"elementor-container elementor-column-gap-no\">\n\t\t\t\t\t<div class=\"elementor-column elementor-col-100 elementor-top-column elementor-element elementor-element-f819600\" data-id=\"f819600\" data-element_type=\"column\" data-e-type=\"column\">\n\t\t\t<div class=\"elementor-widget-wrap\">\n\t\t\t\t\t\t\t<\/div>\n\t\t<\/div>\n\t\t\t\t\t<\/div>\n\t\t<\/section>\n\t\t\t\t<section class=\"elementor-section elementor-top-section elementor-element elementor-element-de51747 elementor-section-boxed elementor-section-height-default elementor-section-height-default\" data-id=\"de51747\" data-element_type=\"section\" data-e-type=\"section\" data-settings=\"{&quot;background_background&quot;:&quot;classic&quot;}\">\n\t\t\t\t\t\t<div class=\"elementor-container elementor-column-gap-default\">\n\t\t\t\t\t<div class=\"elementor-column elementor-col-100 elementor-top-column elementor-element elementor-element-af9b123\" data-id=\"af9b123\" data-element_type=\"column\" data-e-type=\"column\">\n\t\t\t<div class=\"elementor-widget-wrap elementor-element-populated\">\n\t\t\t\t\t\t<div class=\"elementor-element elementor-element-59644e5 elementor-widget elementor-widget-heading\" data-id=\"59644e5\" data-element_type=\"widget\" data-e-type=\"widget\" data-widget_type=\"heading.default\">\n\t\t\t\t<div class=\"elementor-widget-container\">\n\t\t\t\t\t<h2 class=\"elementor-heading-title elementor-size-default\">Promouvoir la science ouverte<\/h2>\t\t\t\t<\/div>\n\t\t\t\t<\/div>\n\t\t\t\t<div class=\"elementor-element elementor-element-9e41fdf elementor-widget elementor-widget-text-editor\" data-id=\"9e41fdf\" data-element_type=\"widget\" data-e-type=\"widget\" data-widget_type=\"text-editor.default\">\n\t\t\t\t<div class=\"elementor-widget-container\">\n\t\t\t\t\t\t\t\t\t<p>\u00c0 l&#8217;African Research Nexus, nous sommes des d\u00e9fenseurs passionn\u00e9s de la science ouverte.<br \/>\nNous croyons fermement que la science ouverte est un puissant catalyseur pour acc\u00e9l\u00e9rer la recherche, encourager la collaboration et faire progresser les connaissances.<br \/>\nDans le cadre de notre engagement en faveur de la science ouverte, voici comment nous promouvons et soutenons activement ce mouvement vital :  <\/p>\n\t\t\t\t\t\t\t\t<\/div>\n\t\t\t\t<\/div>\n\t\t\t\t<div class=\"elementor-element elementor-element-624f41d elementor-widget elementor-widget-image-box\" data-id=\"624f41d\" data-element_type=\"widget\" data-e-type=\"widget\" data-widget_type=\"image-box.default\">\n\t\t\t\t<div class=\"elementor-widget-container\">\n\t\t\t\t\t<div class=\"elementor-image-box-wrapper\"><div class=\"elementor-image-box-content\"><h3 class=\"elementor-image-box-title\">1. Libre acc\u00e8s aux r\u00e9sultats de la recherche :<\/h3><p class=\"elementor-image-box-description\">Nous d\u00e9fendons le libre acc\u00e8s aux publications de recherche. Les chercheurs qui utilisent notre plateforme sont encourag\u00e9s \u00e0 rendre leurs r\u00e9sultats librement accessibles \u00e0 la communaut\u00e9 mondiale. Nous pensons que le savoir ne doit pas \u00eatre confin\u00e9 aux fronti\u00e8res des institutions, mais qu'il doit circuler librement et enrichir la vie des gens dans le monde entier.<\/p><\/div><\/div>\t\t\t\t<\/div>\n\t\t\t\t<\/div>\n\t\t\t\t<div class=\"elementor-element elementor-element-0ec04fd elementor-widget elementor-widget-image-box\" data-id=\"0ec04fd\" data-element_type=\"widget\" data-e-type=\"widget\" data-widget_type=\"image-box.default\">\n\t\t\t\t<div class=\"elementor-widget-container\">\n\t\t\t\t\t<div class=\"elementor-image-box-wrapper\"><div class=\"elementor-image-box-content\"><h3 class=\"elementor-image-box-title\">2. Partage des donn\u00e9es et transparence :<\/h3><p class=\"elementor-image-box-description\">Nous encourageons le partage transparent des donn\u00e9es. Les chercheurs sont encourag\u00e9s \u00e0 mettre leurs donn\u00e9es de recherche \u00e0 la disposition du public dans la mesure du possible. Cela favorise non seulement la confiance et la cr\u00e9dibilit\u00e9, mais permet \u00e9galement aux autres chercheurs de s'appuyer sur les travaux existants, ce qui stimule l'innovation et la d\u00e9couverte.<\/p><\/div><\/div>\t\t\t\t<\/div>\n\t\t\t\t<\/div>\n\t\t\t\t<div class=\"elementor-element elementor-element-91f6764 elementor-widget elementor-widget-image-box\" data-id=\"91f6764\" data-element_type=\"widget\" data-e-type=\"widget\" data-widget_type=\"image-box.default\">\n\t\t\t\t<div class=\"elementor-widget-container\">\n\t\t\t\t\t<div class=\"elementor-image-box-wrapper\"><div class=\"elementor-image-box-content\"><h3 class=\"elementor-image-box-title\">3. Collaboration et mise en r\u00e9seau :<\/h3><p class=\"elementor-image-box-description\">Notre plateforme sert de plaque tournante pour la collaboration et la mise en r\u00e9seau. Nous mettons en relation les chercheurs, les institutions et les bailleurs de fonds, en facilitant l'\u00e9change d'id\u00e9es et d'expertise. En favorisant ces connexions, nous permettons aux chercheurs de travailler ensemble ouvertement, de partager leurs connaissances et de contribuer \u00e0 la croissance de la science ouverte.<\/p><\/div><\/div>\t\t\t\t<\/div>\n\t\t\t\t<\/div>\n\t\t\t\t<div class=\"elementor-element elementor-element-726e106 elementor-widget elementor-widget-image-box\" data-id=\"726e106\" data-element_type=\"widget\" data-e-type=\"widget\" data-widget_type=\"image-box.default\">\n\t\t\t\t<div class=\"elementor-widget-container\">\n\t\t\t\t\t<div class=\"elementor-image-box-wrapper\"><div class=\"elementor-image-box-content\"><h3 class=\"elementor-image-box-title\">4. Revues et ressources en libre acc\u00e8s :<\/h3><p class=\"elementor-image-box-description\">Nous soutenons l'utilisation de revues et de ressources en libre acc\u00e8s. Les chercheurs peuvent acc\u00e9der \u00e0 une multitude de revues, de bases de donn\u00e9es et de ressources en libre acc\u00e8s gr\u00e2ce \u00e0 notre plateforme. Ces ressources sont librement accessibles \u00e0 tous, ce qui permet d'\u00e9liminer les obstacles \u00e0 la connaissance et \u00e0 la recherche.<\/p><\/div><\/div>\t\t\t\t<\/div>\n\t\t\t\t<\/div>\n\t\t\t\t<div class=\"elementor-element elementor-element-a353edf elementor-widget elementor-widget-image-box\" data-id=\"a353edf\" data-element_type=\"widget\" data-e-type=\"widget\" data-widget_type=\"image-box.default\">\n\t\t\t\t<div class=\"elementor-widget-container\">\n\t\t\t\t\t<div class=\"elementor-image-box-wrapper\"><div class=\"elementor-image-box-content\"><h3 class=\"elementor-image-box-title\">5. Formation et \u00e9ducation :<\/h3><p class=\"elementor-image-box-description\">Nous soutenons les institutions et les plateformes qui proposent des formations et des ressources \u00e9ducatives sur les principes de la science ouverte. Notre objectif est de donner aux chercheurs les connaissances et les outils dont ils ont besoin pour adopter les pratiques de la science ouverte et rendre leur travail plus accessible et plus efficace.<\/p><\/div><\/div>\t\t\t\t<\/div>\n\t\t\t\t<\/div>\n\t\t\t\t<div class=\"elementor-element elementor-element-e239dbc elementor-widget elementor-widget-image-box\" data-id=\"e239dbc\" data-element_type=\"widget\" data-e-type=\"widget\" data-widget_type=\"image-box.default\">\n\t\t\t\t<div class=\"elementor-widget-container\">\n\t\t\t\t\t<div class=\"elementor-image-box-wrapper\"><div class=\"elementor-image-box-content\"><h3 class=\"elementor-image-box-title\">6. Faire participer le public :<\/h3><p class=\"elementor-image-box-description\">Nous pensons que les b\u00e9n\u00e9fices de la recherche doivent s'\u00e9tendre \u00e0 l'ensemble de la communaut\u00e9. Nous nous engageons activement aupr\u00e8s du public, en partageant les r\u00e9sultats de nos recherches d'une mani\u00e8re accessible et compr\u00e9hensible. En comblant le foss\u00e9 entre les chercheurs et le public, nous veillons \u00e0 ce que l'impact de la recherche atteigne un public plus large.<\/p><\/div><\/div>\t\t\t\t<\/div>\n\t\t\t\t<\/div>\n\t\t\t\t<div class=\"elementor-element elementor-element-c2d767c elementor-widget elementor-widget-image-box\" data-id=\"c2d767c\" data-element_type=\"widget\" data-e-type=\"widget\" data-widget_type=\"image-box.default\">\n\t\t\t\t<div class=\"elementor-widget-container\">\n\t\t\t\t\t<div class=\"elementor-image-box-wrapper\"><div class=\"elementor-image-box-content\"><p class=\"elementor-image-box-description\">La science ouverte n'est pas seulement un objectif pour nous ; c'est un principe fondamental qui sous-tend la mission de notre plateforme.\nNous nous engageons \u00e0 promouvoir l'ouverture, la transparence et la collaboration dans la recherche, et nous invitons toutes les parties prenantes \u00e0 nous rejoindre dans cette entreprise.\nEnsemble, nous pouvons susciter des changements positifs et lib\u00e9rer tout le potentiel de la recherche africaine gr\u00e2ce \u00e0 la science ouverte.  <\/p><\/div><\/div>\t\t\t\t<\/div>\n\t\t\t\t<\/div>\n\t\t\t\t\t<\/div>\n\t\t<\/div>\n\t\t\t\t\t<\/div>\n\t\t<\/section>\n\t\t\t\t<\/div>\n\t\t","protected":false},"excerpt":{"rendered":"<p>Promouvoir la science ouverte \u00c0 l&#8217;African Research Nexus, nous sommes des d\u00e9fenseurs passionn\u00e9s de la science ouverte. Nous croyons fermement que la science ouverte est un puissant catalyseur pour acc\u00e9l\u00e9rer la recherche, encourager la collaboration et faire progresser les connaissances. Dans le cadre de notre engagement en faveur de la science ouverte, voici comment nous [&hellip;]<\/p>\n","protected":false},"author":4,"featured_media":0,"parent":0,"menu_order":0,"comment_status":"closed","ping_status":"closed","template":"elementor_header_footer","meta":{"_acf_changed":false,"_bbp_topic_count":0,"_bbp_reply_count":0,"_bbp_total_topic_count":0,"_bbp_total_reply_count":0,"_bbp_voice_count":0,"_bbp_anonymous_reply_count":0,"_bbp_topic_count_hidden":0,"_bbp_reply_count_hidden":0,"_bbp_forum_subforum_count":0,"footnotes":""},"class_list":["post-11391","page","type-page","status-publish","hentry"],"acf":[],"_links":{"self":[{"href":"https:\/\/africaresearchconnects.com\/fr\/wp-json\/wp\/v2\/pages\/11391","targetHints":{"allow":["GET"]}}],"collection":[{"href":"https:\/\/africaresearchconnects.com\/fr\/wp-json\/wp\/v2\/pages"}],"about":[{"href":"https:\/\/africaresearchconnects.com\/fr\/wp-json\/wp\/v2\/types\/page"}],"author":[{"embeddable":true,"href":"https:\/\/africaresearchconnects.com\/fr\/wp-json\/wp\/v2\/users\/4"}],"replies":[{"embeddable":true,"href":"https:\/\/africaresearchconnects.com\/fr\/wp-json\/wp\/v2\/comments?post=11391"}],"version-history":[{"count":2,"href":"https:\/\/africaresearchconnects.com\/fr\/wp-json\/wp\/v2\/pages\/11391\/revisions"}],"predecessor-version":[{"id":12851,"href":"https:\/\/africaresearchconnects.com\/fr\/wp-json\/wp\/v2\/pages\/11391\/revisions\/12851"}],"wp:attachment":[{"href":"https:\/\/africaresearchconnects.com\/fr\/wp-json\/wp\/v2\/media?parent=11391"}],"curies":[{"name":"wp","href":"https:\/\/api.w.org\/{rel}","templated":true}]}}