{"id":11398,"date":"2023-11-07T05:44:10","date_gmt":"2023-11-07T05:44:10","guid":{"rendered":"https:\/\/https:\/\/africaresearchconnects.com\/favoriser-les-activites-transfrontalieres\/"},"modified":"2024-10-02T09:35:19","modified_gmt":"2024-10-02T09:35:19","slug":"favoriser-les-activites-transfrontalieres","status":"publish","type":"page","link":"https:\/\/africaresearchconnects.com\/fr\/favoriser-les-activites-transfrontalieres\/","title":{"rendered":"Favoriser les \u00e9changes transfrontaliers"},"content":{"rendered":"\t\t<div data-elementor-type=\"wp-page\" data-elementor-id=\"11398\" class=\"elementor elementor-11398 elementor-4430\" data-elementor-post-type=\"page\">\n\t\t\t\t\t\t<section class=\"elementor-section elementor-top-section elementor-element elementor-element-0508e15 elementor-section-content-middle elementor-section-height-min-height elementor-section-boxed elementor-section-height-default elementor-section-items-middle\" data-id=\"0508e15\" data-element_type=\"section\" data-e-type=\"section\" data-settings=\"{&quot;background_background&quot;:&quot;classic&quot;}\">\n\t\t\t\t\t\t\t<div class=\"elementor-background-overlay\"><\/div>\n\t\t\t\t\t\t\t<div class=\"elementor-container elementor-column-gap-no\">\n\t\t\t\t\t<div class=\"elementor-column elementor-col-100 elementor-top-column elementor-element elementor-element-f819600\" data-id=\"f819600\" data-element_type=\"column\" data-e-type=\"column\">\n\t\t\t<div class=\"elementor-widget-wrap\">\n\t\t\t\t\t\t\t<\/div>\n\t\t<\/div>\n\t\t\t\t\t<\/div>\n\t\t<\/section>\n\t\t\t\t<section class=\"elementor-section elementor-top-section elementor-element elementor-element-de51747 elementor-section-boxed elementor-section-height-default elementor-section-height-default\" data-id=\"de51747\" data-element_type=\"section\" data-e-type=\"section\" data-settings=\"{&quot;background_background&quot;:&quot;classic&quot;}\">\n\t\t\t\t\t\t<div class=\"elementor-container elementor-column-gap-default\">\n\t\t\t\t\t<div class=\"elementor-column elementor-col-100 elementor-top-column elementor-element elementor-element-af9b123\" data-id=\"af9b123\" data-element_type=\"column\" data-e-type=\"column\">\n\t\t\t<div class=\"elementor-widget-wrap elementor-element-populated\">\n\t\t\t\t\t\t<div class=\"elementor-element elementor-element-59644e5 elementor-widget elementor-widget-heading\" data-id=\"59644e5\" data-element_type=\"widget\" data-e-type=\"widget\" data-widget_type=\"heading.default\">\n\t\t\t\t<div class=\"elementor-widget-container\">\n\t\t\t\t\t<h2 class=\"elementor-heading-title elementor-size-default\">Favoriser les collaborations transfrontali\u00e8res et interdisciplinaires<\/h2>\t\t\t\t<\/div>\n\t\t\t\t<\/div>\n\t\t\t\t<div class=\"elementor-element elementor-element-5c25ec0 elementor-widget elementor-widget-heading\" data-id=\"5c25ec0\" data-element_type=\"widget\" data-e-type=\"widget\" data-widget_type=\"heading.default\">\n\t\t\t\t<div class=\"elementor-widget-container\">\n\t\t\t\t\t<h3 class=\"elementor-heading-title elementor-size-default\">Bienvenue dans le coin des collaborations !<\/h3>\t\t\t\t<\/div>\n\t\t\t\t<\/div>\n\t\t\t\t<div class=\"elementor-element elementor-element-9e41fdf elementor-widget elementor-widget-text-editor\" data-id=\"9e41fdf\" data-element_type=\"widget\" data-e-type=\"widget\" data-widget_type=\"text-editor.default\">\n\t\t\t\t<div class=\"elementor-widget-container\">\n\t\t\t\t\t\t\t\t\t<p>Nous sommes d\u00e9termin\u00e9s \u00e0 faire tomber les fronti\u00e8res et \u00e0 favoriser les collaborations qui transcendent les fronti\u00e8res et les disciplines.<br \/>\nNous sommes convaincus que certaines des innovations et des d\u00e9couvertes les plus r\u00e9volutionnaires se produisent \u00e0 l&#8217;intersection de diff\u00e9rents domaines et au-del\u00e0 des fronti\u00e8res internationales.<br \/>\nVoici comment nous encourageons et facilitons les collaborations transfrontali\u00e8res et interdisciplinaires :  <\/p>\n\t\t\t\t\t\t\t\t<\/div>\n\t\t\t\t<\/div>\n\t\t\t\t<div class=\"elementor-element elementor-element-624f41d elementor-widget elementor-widget-image-box\" data-id=\"624f41d\" data-element_type=\"widget\" data-e-type=\"widget\" data-widget_type=\"image-box.default\">\n\t\t\t\t<div class=\"elementor-widget-container\">\n\t\t\t\t\t<div class=\"elementor-image-box-wrapper\"><div class=\"elementor-image-box-content\"><h3 class=\"elementor-image-box-title\">1. Un r\u00e9seau mondial :<\/h3><p class=\"elementor-image-box-description\">Notre plateforme sert de point de rencontre virtuel africain pour les chercheurs, les institutions et les parties prenantes du monde entier. Nous offrons un espace o\u00f9 des individus de diff\u00e9rents pays peuvent se connecter, partager des id\u00e9es et collaborer \u00e0 des projets qui ne connaissent pas de fronti\u00e8res.<\/p><\/div><\/div>\t\t\t\t<\/div>\n\t\t\t\t<\/div>\n\t\t\t\t<div class=\"elementor-element elementor-element-0ec04fd elementor-widget elementor-widget-image-box\" data-id=\"0ec04fd\" data-element_type=\"widget\" data-e-type=\"widget\" data-widget_type=\"image-box.default\">\n\t\t\t\t<div class=\"elementor-widget-container\">\n\t\t\t\t\t<div class=\"elementor-image-box-wrapper\"><div class=\"elementor-image-box-content\"><h3 class=\"elementor-image-box-title\">2. Rapprocher les disciplines :<\/h3><p class=\"elementor-image-box-description\">Nous encourageons les collaborations entre disciplines. Qu'il s'agisse de la fusion de la technologie et des soins de sant\u00e9 ou de la convergence de la science environnementale et de l'\u00e9conomie, nous sommes convaincus que les approches interdisciplinaires sont la cl\u00e9 de la r\u00e9solution de probl\u00e8mes complexes.<\/p><\/div><\/div>\t\t\t\t<\/div>\n\t\t\t\t<\/div>\n\t\t\t\t<div class=\"elementor-element elementor-element-91f6764 elementor-widget elementor-widget-image-box\" data-id=\"91f6764\" data-element_type=\"widget\" data-e-type=\"widget\" data-widget_type=\"image-box.default\">\n\t\t\t\t<div class=\"elementor-widget-container\">\n\t\t\t\t\t<div class=\"elementor-image-box-wrapper\"><div class=\"elementor-image-box-content\"><h3 class=\"elementor-image-box-title\">3. Projets de collaboration :<\/h3><p class=\"elementor-image-box-description\">Nous offrons une plateforme qui encourage le d\u00e9veloppement de projets collaboratifs couvrant plusieurs disciplines et lieux. Les chercheurs peuvent trouver des partenaires partageant les m\u00eames id\u00e9es et lancer des projets qui abordent les probl\u00e8mes mondiaux selon une approche holistique.<\/p><\/div><\/div>\t\t\t\t<\/div>\n\t\t\t\t<\/div>\n\t\t\t\t<div class=\"elementor-element elementor-element-726e106 elementor-widget elementor-widget-image-box\" data-id=\"726e106\" data-element_type=\"widget\" data-e-type=\"widget\" data-widget_type=\"image-box.default\">\n\t\t\t\t<div class=\"elementor-widget-container\">\n\t\t\t\t\t<div class=\"elementor-image-box-wrapper\"><div class=\"elementor-image-box-content\"><h3 class=\"elementor-image-box-title\">4. L'\u00e9change de connaissances :<\/h3><p class=\"elementor-image-box-description\">Nous facilitons l'\u00e9change de connaissances et d'expertise. Notre plateforme est con\u00e7ue pour permettre aux chercheurs de partager leurs r\u00e9sultats, leurs m\u00e9thodologies et leurs id\u00e9es au-del\u00e0 des disciplines et des fronti\u00e8res, favorisant ainsi un riche \u00e9change d'id\u00e9es.<\/p><\/div><\/div>\t\t\t\t<\/div>\n\t\t\t\t<\/div>\n\t\t\t\t<div class=\"elementor-element elementor-element-a353edf elementor-widget elementor-widget-image-box\" data-id=\"a353edf\" data-element_type=\"widget\" data-e-type=\"widget\" data-widget_type=\"image-box.default\">\n\t\t\t\t<div class=\"elementor-widget-container\">\n\t\t\t\t\t<div class=\"elementor-image-box-wrapper\"><div class=\"elementor-image-box-content\"><h3 class=\"elementor-image-box-title\">5. Partenariats internationaux :  <\/h3><p class=\"elementor-image-box-description\">Nous encourageons activement les partenariats internationaux. Gr\u00e2ce \u00e0 notre plateforme, les institutions et les chercheurs peuvent rechercher des partenaires de diff\u00e9rents pays pour des projets de recherche conjoints, des publications en co\u00e9criture et des ressources partag\u00e9es.<\/p><\/div><\/div>\t\t\t\t<\/div>\n\t\t\t\t<\/div>\n\t\t\t\t<div class=\"elementor-element elementor-element-e239dbc elementor-widget elementor-widget-image-box\" data-id=\"e239dbc\" data-element_type=\"widget\" data-e-type=\"widget\" data-widget_type=\"image-box.default\">\n\t\t\t\t<div class=\"elementor-widget-container\">\n\t\t\t\t\t<div class=\"elementor-image-box-wrapper\"><div class=\"elementor-image-box-content\"><h3 class=\"elementor-image-box-title\">6. Promouvoir l'innovation :<\/h3><p class=\"elementor-image-box-description\">Nous pensons que l'innovation na\u00eet souvent de la synergie de diverses perspectives. En encourageant les collaborations transfrontali\u00e8res et interdisciplinaires, nous visons \u00e0 stimuler l'innovation et l'impact dans un large \u00e9ventail de domaines.<\/p><\/div><\/div>\t\t\t\t<\/div>\n\t\t\t\t<\/div>\n\t\t\t\t<div class=\"elementor-element elementor-element-c2d767c elementor-widget elementor-widget-image-box\" data-id=\"c2d767c\" data-element_type=\"widget\" data-e-type=\"widget\" data-widget_type=\"image-box.default\">\n\t\t\t\t<div class=\"elementor-widget-container\">\n\t\t\t\t\t<div class=\"elementor-image-box-wrapper\"><div class=\"elementor-image-box-content\"><p class=\"elementor-image-box-description\">Rejoignez-nous dans ce voyage collaboratif o\u00f9 les fronti\u00e8res et les disciplines ne sont plus des barri\u00e8res mais des passerelles vers de nouvelles possibilit\u00e9s. Ensemble, nous cr\u00e9ons un environnement dynamique qui favorise la recherche de pointe,  <\/p><\/div><\/div>\t\t\t\t<\/div>\n\t\t\t\t<\/div>\n\t\t\t\t\t<\/div>\n\t\t<\/div>\n\t\t\t\t\t<\/div>\n\t\t<\/section>\n\t\t\t\t<\/div>\n\t\t","protected":false},"excerpt":{"rendered":"<p>Favoriser les collaborations transfrontali\u00e8res et interdisciplinaires Bienvenue dans le coin des collaborations ! Nous sommes d\u00e9termin\u00e9s \u00e0 faire tomber les fronti\u00e8res et \u00e0 favoriser les collaborations qui transcendent les fronti\u00e8res et les disciplines. Nous sommes convaincus que certaines des innovations et des d\u00e9couvertes les plus r\u00e9volutionnaires se produisent \u00e0 l&#8217;intersection de diff\u00e9rents domaines et au-del\u00e0 [&hellip;]<\/p>\n","protected":false},"author":4,"featured_media":0,"parent":0,"menu_order":0,"comment_status":"closed","ping_status":"closed","template":"elementor_header_footer","meta":{"_acf_changed":false,"_bbp_topic_count":0,"_bbp_reply_count":0,"_bbp_total_topic_count":0,"_bbp_total_reply_count":0,"_bbp_voice_count":0,"_bbp_anonymous_reply_count":0,"_bbp_topic_count_hidden":0,"_bbp_reply_count_hidden":0,"_bbp_forum_subforum_count":0,"footnotes":""},"class_list":["post-11398","page","type-page","status-publish","hentry"],"acf":[],"_links":{"self":[{"href":"https:\/\/africaresearchconnects.com\/fr\/wp-json\/wp\/v2\/pages\/11398","targetHints":{"allow":["GET"]}}],"collection":[{"href":"https:\/\/africaresearchconnects.com\/fr\/wp-json\/wp\/v2\/pages"}],"about":[{"href":"https:\/\/africaresearchconnects.com\/fr\/wp-json\/wp\/v2\/types\/page"}],"author":[{"embeddable":true,"href":"https:\/\/africaresearchconnects.com\/fr\/wp-json\/wp\/v2\/users\/4"}],"replies":[{"embeddable":true,"href":"https:\/\/africaresearchconnects.com\/fr\/wp-json\/wp\/v2\/comments?post=11398"}],"version-history":[{"count":4,"href":"https:\/\/africaresearchconnects.com\/fr\/wp-json\/wp\/v2\/pages\/11398\/revisions"}],"predecessor-version":[{"id":12786,"href":"https:\/\/africaresearchconnects.com\/fr\/wp-json\/wp\/v2\/pages\/11398\/revisions\/12786"}],"wp:attachment":[{"href":"https:\/\/africaresearchconnects.com\/fr\/wp-json\/wp\/v2\/media?parent=11398"}],"curies":[{"name":"wp","href":"https:\/\/api.w.org\/{rel}","templated":true}]}}