{"id":11404,"date":"2023-11-07T05:40:18","date_gmt":"2023-11-07T05:40:18","guid":{"rendered":"https:\/\/https:\/\/africaresearchconnects.com\/permettre-la-recherche-et-lanalyse-des-donnees-avec-al-tools\/"},"modified":"2024-10-02T09:50:58","modified_gmt":"2024-10-02T09:50:58","slug":"permettre-la-recherche-et-lanalyse-des-donnees-avec-al-tools","status":"publish","type":"page","link":"https:\/\/africaresearchconnects.com\/fr\/permettre-la-recherche-et-lanalyse-des-donnees-avec-al-tools\/","title":{"rendered":"Faciliter la recherche et l&#8217;analyse des donn\u00e9es avec les outils Al"},"content":{"rendered":"\t\t<div data-elementor-type=\"wp-page\" data-elementor-id=\"11404\" class=\"elementor elementor-11404 elementor-4414\" data-elementor-post-type=\"page\">\n\t\t\t\t\t\t<section class=\"elementor-section elementor-top-section elementor-element elementor-element-0508e15 elementor-section-content-middle elementor-section-height-min-height elementor-section-boxed elementor-section-height-default elementor-section-items-middle\" data-id=\"0508e15\" data-element_type=\"section\" data-e-type=\"section\" data-settings=\"{&quot;background_background&quot;:&quot;classic&quot;}\">\n\t\t\t\t\t\t\t<div class=\"elementor-background-overlay\"><\/div>\n\t\t\t\t\t\t\t<div class=\"elementor-container elementor-column-gap-no\">\n\t\t\t\t\t<div class=\"elementor-column elementor-col-100 elementor-top-column elementor-element elementor-element-f819600\" data-id=\"f819600\" data-element_type=\"column\" data-e-type=\"column\">\n\t\t\t<div class=\"elementor-widget-wrap\">\n\t\t\t\t\t\t\t<\/div>\n\t\t<\/div>\n\t\t\t\t\t<\/div>\n\t\t<\/section>\n\t\t\t\t<section class=\"elementor-section elementor-top-section elementor-element elementor-element-de51747 elementor-section-boxed elementor-section-height-default elementor-section-height-default\" data-id=\"de51747\" data-element_type=\"section\" data-e-type=\"section\" data-settings=\"{&quot;background_background&quot;:&quot;classic&quot;}\">\n\t\t\t\t\t\t<div class=\"elementor-container elementor-column-gap-default\">\n\t\t\t\t\t<div class=\"elementor-column elementor-col-100 elementor-top-column elementor-element elementor-element-af9b123\" data-id=\"af9b123\" data-element_type=\"column\" data-e-type=\"column\">\n\t\t\t<div class=\"elementor-widget-wrap elementor-element-populated\">\n\t\t\t\t\t\t<div class=\"elementor-element elementor-element-59644e5 elementor-widget elementor-widget-heading\" data-id=\"59644e5\" data-element_type=\"widget\" data-e-type=\"widget\" data-widget_type=\"heading.default\">\n\t\t\t\t<div class=\"elementor-widget-container\">\n\t\t\t\t\t<h2 class=\"elementor-heading-title elementor-size-default\">Faciliter la recherche et l'analyse des donn\u00e9es avec les outils Al<\/h2>\t\t\t\t<\/div>\n\t\t\t\t<\/div>\n\t\t\t\t<div class=\"elementor-element elementor-element-a5df809 elementor-widget elementor-widget-heading\" data-id=\"a5df809\" data-element_type=\"widget\" data-e-type=\"widget\" data-widget_type=\"heading.default\">\n\t\t\t\t<div class=\"elementor-widget-container\">\n\t\t\t\t\t<h3 class=\"elementor-heading-title elementor-size-default\">Lib\u00e9rez la puissance de l'IA pour une meilleure compr\u00e9hension des donn\u00e9es<\/h3>\t\t\t\t<\/div>\n\t\t\t\t<\/div>\n\t\t\t\t<div class=\"elementor-element elementor-element-9e41fdf elementor-widget elementor-widget-text-editor\" data-id=\"9e41fdf\" data-element_type=\"widget\" data-e-type=\"widget\" data-widget_type=\"text-editor.default\">\n\t\t\t\t<div class=\"elementor-widget-container\">\n\t\t\t\t\t\t\t\t\t<p>\u00c0 l&#8217;African Research Nexus, nous reconnaissons que les donn\u00e9es sont l&#8217;\u00e9l\u00e9ment vital de la recherche et de l&#8217;innovation.<br \/>\nPour exploiter tout le potentiel des donn\u00e9es, nous utilisons des outils d&#8217;IA de pointe afin d&#8217;am\u00e9liorer la recherche et l&#8217;analyse des donn\u00e9es.<br \/>\nVoici comment nous donnons aux chercheurs, aux institutions et aux parties prenantes les moyens d&#8217;exploiter l&#8217;IA pour obtenir des informations fond\u00e9es sur les donn\u00e9es :  <\/p>\n\t\t\t\t\t\t\t\t<\/div>\n\t\t\t\t<\/div>\n\t\t\t\t<div class=\"elementor-element elementor-element-624f41d elementor-widget elementor-widget-image-box\" data-id=\"624f41d\" data-element_type=\"widget\" data-e-type=\"widget\" data-widget_type=\"image-box.default\">\n\t\t\t\t<div class=\"elementor-widget-container\">\n\t\t\t\t\t<div class=\"elementor-image-box-wrapper\"><div class=\"elementor-image-box-content\"><h3 class=\"elementor-image-box-title\">1. Recherche intelligente :<\/h3><p class=\"elementor-image-box-description\">Notre plateforme est dot\u00e9e de capacit\u00e9s de recherche intelligente pilot\u00e9es par l'IA. Vous pouvez trouver des ensembles de donn\u00e9es, des documents de recherche et des publications plus efficacement, car nos algorithmes d'IA apprennent vos pr\u00e9f\u00e9rences et affinent les r\u00e9sultats de la recherche.<\/p><\/div><\/div>\t\t\t\t<\/div>\n\t\t\t\t<\/div>\n\t\t\t\t<div class=\"elementor-element elementor-element-0ec04fd elementor-widget elementor-widget-image-box\" data-id=\"0ec04fd\" data-element_type=\"widget\" data-e-type=\"widget\" data-widget_type=\"image-box.default\">\n\t\t\t\t<div class=\"elementor-widget-container\">\n\t\t\t\t\t<div class=\"elementor-image-box-wrapper\"><div class=\"elementor-image-box-content\"><h3 class=\"elementor-image-box-title\">2. Curation des donn\u00e9es :<\/h3><p class=\"elementor-image-box-description\">L'IA contribue \u00e0 la curation des donn\u00e9es en identifiant les sources de donn\u00e9es pertinentes. Cela permet de rationaliser le processus de collecte des donn\u00e9es et de s'assurer que vous travaillez avec les informations les plus pertinentes.<\/p><\/div><\/div>\t\t\t\t<\/div>\n\t\t\t\t<\/div>\n\t\t\t\t<div class=\"elementor-element elementor-element-91f6764 elementor-widget elementor-widget-image-box\" data-id=\"91f6764\" data-element_type=\"widget\" data-e-type=\"widget\" data-widget_type=\"image-box.default\">\n\t\t\t\t<div class=\"elementor-widget-container\">\n\t\t\t\t\t<div class=\"elementor-image-box-wrapper\"><div class=\"elementor-image-box-content\"><h3 class=\"elementor-image-box-title\">3. Traitement du langage naturel (NLP) :<\/h3><p class=\"elementor-image-box-description\">Les algorithmes NLP de notre plateforme vous permettent d'extraire rapidement des informations \u00e0 partir de donn\u00e9es textuelles. Que vous analysiez des documents de recherche et des rapports. Le NLP aliment\u00e9 par l'IA simplifie le processus.<\/p><\/div><\/div>\t\t\t\t<\/div>\n\t\t\t\t<\/div>\n\t\t\t\t<div class=\"elementor-element elementor-element-726e106 elementor-widget elementor-widget-image-box\" data-id=\"726e106\" data-element_type=\"widget\" data-e-type=\"widget\" data-widget_type=\"image-box.default\">\n\t\t\t\t<div class=\"elementor-widget-container\">\n\t\t\t\t\t<div class=\"elementor-image-box-wrapper\"><div class=\"elementor-image-box-content\"><h3 class=\"elementor-image-box-title\">4. Int\u00e9gration des donn\u00e9es :<\/h3><p class=\"elementor-image-box-description\">L'IA rationalise l'int\u00e9gration des donn\u00e9es, ce qui nous permet de combiner diverses sources de donn\u00e9es de mani\u00e8re transparente. Cette int\u00e9gration permet d'avoir une vision globale de la recherche africaine et nous aide \u00e0 d\u00e9couvrir de nouveaux mod\u00e8les et de nouvelles connexions.<\/p><\/div><\/div>\t\t\t\t<\/div>\n\t\t\t\t<\/div>\n\t\t\t\t<div class=\"elementor-element elementor-element-a353edf elementor-widget elementor-widget-image-box\" data-id=\"a353edf\" data-element_type=\"widget\" data-e-type=\"widget\" data-widget_type=\"image-box.default\">\n\t\t\t\t<div class=\"elementor-widget-container\">\n\t\t\t\t\t<div class=\"elementor-image-box-wrapper\"><div class=\"elementor-image-box-content\"><h3 class=\"elementor-image-box-title\">5. Visualisation :<\/h3><p class=\"elementor-image-box-description\">Notre plateforme utilise des outils de visualisation de donn\u00e9es pilot\u00e9s par l'IA. Les donn\u00e9es sont ainsi transform\u00e9es en tableaux, graphiques et repr\u00e9sentations visuelles interactives qui facilitent la compr\u00e9hension et le partage d'informations complexes.<\/p><\/div><\/div>\t\t\t\t<\/div>\n\t\t\t\t<\/div>\n\t\t\t\t<div class=\"elementor-element elementor-element-e239dbc elementor-widget elementor-widget-image-box\" data-id=\"e239dbc\" data-element_type=\"widget\" data-e-type=\"widget\" data-widget_type=\"image-box.default\">\n\t\t\t\t<div class=\"elementor-widget-container\">\n\t\t\t\t\t<div class=\"elementor-image-box-wrapper\"><div class=\"elementor-image-box-content\"><h3 class=\"elementor-image-box-title\">6. S\u00e9curit\u00e9 des donn\u00e9es :<\/h3><p class=\"elementor-image-box-description\">Nous prenons la s\u00e9curit\u00e9 des donn\u00e9es au s\u00e9rieux. Nous utilisons les meilleurs outils du secteur pour prot\u00e9ger les donn\u00e9es sensibles et garantir le respect des r\u00e9glementations en mati\u00e8re de protection de la vie priv\u00e9e.  <\/p><\/div><\/div>\t\t\t\t<\/div>\n\t\t\t\t<\/div>\n\t\t\t\t<div class=\"elementor-element elementor-element-c2d767c elementor-widget elementor-widget-image-box\" data-id=\"c2d767c\" data-element_type=\"widget\" data-e-type=\"widget\" data-widget_type=\"image-box.default\">\n\t\t\t\t<div class=\"elementor-widget-container\">\n\t\t\t\t\t<div class=\"elementor-image-box-wrapper\"><div class=\"elementor-image-box-content\"><h3 class=\"elementor-image-box-title\">7. Collaboration en mati\u00e8re d'IA :<\/h3><p class=\"elementor-image-box-description\">Collaborez avec des assistants de recherche dot\u00e9s d'une intelligence artificielle. Ce collaborateur virtuel vous aide \u00e0 analyser les donn\u00e9es, \u00e0 g\u00e9n\u00e9rer des rapports et \u00e0 r\u00e9sumer les r\u00e9sultats de vos recherches. Cela permet d'am\u00e9liorer l'efficacit\u00e9 de l'analyse documentaire.<\/p><\/div><\/div>\t\t\t\t<\/div>\n\t\t\t\t<\/div>\n\t\t\t\t\t<\/div>\n\t\t<\/div>\n\t\t\t\t\t<\/div>\n\t\t<\/section>\n\t\t\t\t<\/div>\n\t\t","protected":false},"excerpt":{"rendered":"<p>Faciliter la recherche et l&#8217;analyse des donn\u00e9es avec les outils Al Lib\u00e9rez la puissance de l&#8217;IA pour une meilleure compr\u00e9hension des donn\u00e9es \u00c0 l&#8217;African Research Nexus, nous reconnaissons que les donn\u00e9es sont l&#8217;\u00e9l\u00e9ment vital de la recherche et de l&#8217;innovation. Pour exploiter tout le potentiel des donn\u00e9es, nous utilisons des outils d&#8217;IA de pointe afin [&hellip;]<\/p>\n","protected":false},"author":4,"featured_media":0,"parent":0,"menu_order":0,"comment_status":"closed","ping_status":"closed","template":"elementor_header_footer","meta":{"_acf_changed":false,"_bbp_topic_count":0,"_bbp_reply_count":0,"_bbp_total_topic_count":0,"_bbp_total_reply_count":0,"_bbp_voice_count":0,"_bbp_anonymous_reply_count":0,"_bbp_topic_count_hidden":0,"_bbp_reply_count_hidden":0,"_bbp_forum_subforum_count":0,"footnotes":""},"class_list":["post-11404","page","type-page","status-publish","hentry"],"acf":[],"_links":{"self":[{"href":"https:\/\/africaresearchconnects.com\/fr\/wp-json\/wp\/v2\/pages\/11404","targetHints":{"allow":["GET"]}}],"collection":[{"href":"https:\/\/africaresearchconnects.com\/fr\/wp-json\/wp\/v2\/pages"}],"about":[{"href":"https:\/\/africaresearchconnects.com\/fr\/wp-json\/wp\/v2\/types\/page"}],"author":[{"embeddable":true,"href":"https:\/\/africaresearchconnects.com\/fr\/wp-json\/wp\/v2\/users\/4"}],"replies":[{"embeddable":true,"href":"https:\/\/africaresearchconnects.com\/fr\/wp-json\/wp\/v2\/comments?post=11404"}],"version-history":[{"count":5,"href":"https:\/\/africaresearchconnects.com\/fr\/wp-json\/wp\/v2\/pages\/11404\/revisions"}],"predecessor-version":[{"id":12894,"href":"https:\/\/africaresearchconnects.com\/fr\/wp-json\/wp\/v2\/pages\/11404\/revisions\/12894"}],"wp:attachment":[{"href":"https:\/\/africaresearchconnects.com\/fr\/wp-json\/wp\/v2\/media?parent=11404"}],"curies":[{"name":"wp","href":"https:\/\/api.w.org\/{rel}","templated":true}]}}