{"id":11406,"date":"2023-11-07T05:39:11","date_gmt":"2023-11-07T05:39:11","guid":{"rendered":"https:\/\/https:\/\/africaresearchconnects.com\/permettre-aux-acteurs-politiques-de-prendre-des-decisions-eclairees\/"},"modified":"2024-10-02T09:29:02","modified_gmt":"2024-10-02T09:29:02","slug":"permettre-aux-acteurs-politiques-de-prendre-des-decisions-eclairees","status":"publish","type":"page","link":"https:\/\/africaresearchconnects.com\/fr\/permettre-aux-acteurs-politiques-de-prendre-des-decisions-eclairees\/","title":{"rendered":"Permettre aux acteurs politiques de prendre des d\u00e9cisions en connaissance de cause"},"content":{"rendered":"\t\t<div data-elementor-type=\"wp-page\" data-elementor-id=\"11406\" class=\"elementor elementor-11406 elementor-4408\" data-elementor-post-type=\"page\">\n\t\t\t\t\t\t<section class=\"elementor-section elementor-top-section elementor-element elementor-element-0508e15 elementor-section-content-middle elementor-section-height-min-height elementor-section-boxed elementor-section-height-default elementor-section-items-middle\" data-id=\"0508e15\" data-element_type=\"section\" data-e-type=\"section\" data-settings=\"{&quot;background_background&quot;:&quot;classic&quot;}\">\n\t\t\t\t\t\t\t<div class=\"elementor-background-overlay\"><\/div>\n\t\t\t\t\t\t\t<div class=\"elementor-container elementor-column-gap-no\">\n\t\t\t\t\t<div class=\"elementor-column elementor-col-100 elementor-top-column elementor-element elementor-element-f819600\" data-id=\"f819600\" data-element_type=\"column\" data-e-type=\"column\">\n\t\t\t<div class=\"elementor-widget-wrap\">\n\t\t\t\t\t\t\t<\/div>\n\t\t<\/div>\n\t\t\t\t\t<\/div>\n\t\t<\/section>\n\t\t\t\t<section class=\"elementor-section elementor-top-section elementor-element elementor-element-de51747 elementor-section-boxed elementor-section-height-default elementor-section-height-default\" data-id=\"de51747\" data-element_type=\"section\" data-e-type=\"section\" data-settings=\"{&quot;background_background&quot;:&quot;classic&quot;}\">\n\t\t\t\t\t\t<div class=\"elementor-container elementor-column-gap-default\">\n\t\t\t\t\t<div class=\"elementor-column elementor-col-100 elementor-top-column elementor-element elementor-element-af9b123\" data-id=\"af9b123\" data-element_type=\"column\" data-e-type=\"column\">\n\t\t\t<div class=\"elementor-widget-wrap elementor-element-populated\">\n\t\t\t\t\t\t<div class=\"elementor-element elementor-element-59644e5 elementor-widget elementor-widget-heading\" data-id=\"59644e5\" data-element_type=\"widget\" data-e-type=\"widget\" data-widget_type=\"heading.default\">\n\t\t\t\t<div class=\"elementor-widget-container\">\n\t\t\t\t\t<h2 class=\"elementor-heading-title elementor-size-default\">Permettre aux acteurs politiques de prendre des d\u00e9cisions en connaissance de cause<\/h2>\t\t\t\t<\/div>\n\t\t\t\t<\/div>\n\t\t\t\t<div class=\"elementor-element elementor-element-d6da1de elementor-widget elementor-widget-heading\" data-id=\"d6da1de\" data-element_type=\"widget\" data-e-type=\"widget\" data-widget_type=\"heading.default\">\n\t\t\t\t<div class=\"elementor-widget-container\">\n\t\t\t\t\t<h3 class=\"elementor-heading-title elementor-size-default\">Votre source d'informations politiques bas\u00e9es sur des donn\u00e9es<\/h3>\t\t\t\t<\/div>\n\t\t\t\t<\/div>\n\t\t\t\t<div class=\"elementor-element elementor-element-9e41fdf elementor-widget elementor-widget-text-editor\" data-id=\"9e41fdf\" data-element_type=\"widget\" data-e-type=\"widget\" data-widget_type=\"text-editor.default\">\n\t\t\t\t<div class=\"elementor-widget-container\">\n\t\t\t\t\t\t\t\t\t<p>\u00c0 l&#8217;African Research Nexus, nous comprenons le r\u00f4le essentiel que jouent des d\u00e9cisions bien inform\u00e9es dans l&#8217;\u00e9laboration de politiques efficaces.<br \/>\nNous nous engageons \u00e0 fournir aux acteurs politiques les donn\u00e9es et les informations dont ils ont besoin pour prendre les d\u00e9cisions les plus \u00e9clair\u00e9es.<br \/>\nVoici comment notre plateforme permet aux acteurs politiques de prendre des d\u00e9cisions en toute connaissance de cause :  <\/p>\n\t\t\t\t\t\t\t\t<\/div>\n\t\t\t\t<\/div>\n\t\t\t\t<div class=\"elementor-element elementor-element-624f41d elementor-widget elementor-widget-image-box\" data-id=\"624f41d\" data-element_type=\"widget\" data-e-type=\"widget\" data-widget_type=\"image-box.default\">\n\t\t\t\t<div class=\"elementor-widget-container\">\n\t\t\t\t\t<div class=\"elementor-image-box-wrapper\"><div class=\"elementor-image-box-content\"><h3 class=\"elementor-image-box-title\">1. Acc\u00e8s aux donn\u00e9es :<\/h3><p class=\"elementor-image-box-description\">Notre plateforme offre aux acteurs politiques une multitude de sources de donn\u00e9es pour \u00e9clairer leurs d\u00e9cisions. Acc\u00e9dez \u00e0 un large \u00e9ventail de r\u00e9sultats de recherche, de statistiques et d'ensembles de donn\u00e9es, afin de vous assurer une compr\u00e9hension compl\u00e8te des questions en jeu.<\/p><\/div><\/div>\t\t\t\t<\/div>\n\t\t\t\t<\/div>\n\t\t\t\t<div class=\"elementor-element elementor-element-0ec04fd elementor-widget elementor-widget-image-box\" data-id=\"0ec04fd\" data-element_type=\"widget\" data-e-type=\"widget\" data-widget_type=\"image-box.default\">\n\t\t\t\t<div class=\"elementor-widget-container\">\n\t\t\t\t\t<div class=\"elementor-image-box-wrapper\"><div class=\"elementor-image-box-content\"><h3 class=\"elementor-image-box-title\">2. Visualisation des donn\u00e9es :<\/h3><p class=\"elementor-image-box-description\">Nous fournissons des outils de visualisation de donn\u00e9es intuitifs qui transforment des informations complexes en tableaux et graphiques faciles \u00e0 comprendre. La visualisation des donn\u00e9es aide les acteurs politiques \u00e0 saisir les tendances cl\u00e9s et \u00e0 prendre des d\u00e9cisions bas\u00e9es sur les donn\u00e9es avec clart\u00e9.<\/p><\/div><\/div>\t\t\t\t<\/div>\n\t\t\t\t<\/div>\n\t\t\t\t<div class=\"elementor-element elementor-element-91f6764 elementor-widget elementor-widget-image-box\" data-id=\"91f6764\" data-element_type=\"widget\" data-e-type=\"widget\" data-widget_type=\"image-box.default\">\n\t\t\t\t<div class=\"elementor-widget-container\">\n\t\t\t\t\t<div class=\"elementor-image-box-wrapper\"><div class=\"elementor-image-box-content\"><h3 class=\"elementor-image-box-title\">3. La recherche fond\u00e9e sur des donn\u00e9es probantes :<\/h3><p class=\"elementor-image-box-description\">Les acteurs politiques peuvent acc\u00e9der \u00e0 un r\u00e9f\u00e9rentiel de recherches fond\u00e9es sur des donn\u00e9es probantes qui \u00e9clairent l'\u00e9laboration des politiques. Nous rassemblons et pr\u00e9sentons des r\u00e9sultats de recherche qui correspondent \u00e0 divers domaines politiques, facilitant ainsi la prise de d\u00e9cisions fond\u00e9es sur des donn\u00e9es probantes.<\/p><\/div><\/div>\t\t\t\t<\/div>\n\t\t\t\t<\/div>\n\t\t\t\t<div class=\"elementor-element elementor-element-726e106 elementor-widget elementor-widget-image-box\" data-id=\"726e106\" data-element_type=\"widget\" data-e-type=\"widget\" data-widget_type=\"image-box.default\">\n\t\t\t\t<div class=\"elementor-widget-container\">\n\t\t\t\t\t<div class=\"elementor-image-box-wrapper\"><div class=\"elementor-image-box-content\"><h3 class=\"elementor-image-box-title\">4. Hub de collaboration :<\/h3><p class=\"elementor-image-box-description\">Notre plateforme sert de centre de collaboration o\u00f9 les acteurs politiques peuvent entrer en contact avec des chercheurs et des experts. Engagez le dialogue, partagez vos id\u00e9es et collaborez \u00e0 des projets politiques fond\u00e9s sur des donn\u00e9es.<\/p><\/div><\/div>\t\t\t\t<\/div>\n\t\t\t\t<\/div>\n\t\t\t\t<div class=\"elementor-element elementor-element-a353edf elementor-widget elementor-widget-image-box\" data-id=\"a353edf\" data-element_type=\"widget\" data-e-type=\"widget\" data-widget_type=\"image-box.default\">\n\t\t\t\t<div class=\"elementor-widget-container\">\n\t\t\t\t\t<div class=\"elementor-image-box-wrapper\"><div class=\"elementor-image-box-content\"><h3 class=\"elementor-image-box-title\">5. Analyses et rapports :<\/h3><p class=\"elementor-image-box-description\">Acc\u00e9dez \u00e0 des outils d'analyse qui permettent d'analyser les donn\u00e9es et de g\u00e9n\u00e9rer des rapports. Ces outils permettent aux acteurs politiques d'extraire des informations des donn\u00e9es et de les pr\u00e9senter dans des rapports complets.<\/p><\/div><\/div>\t\t\t\t<\/div>\n\t\t\t\t<\/div>\n\t\t\t\t<div class=\"elementor-element elementor-element-c2d767c elementor-widget elementor-widget-image-box\" data-id=\"c2d767c\" data-element_type=\"widget\" data-e-type=\"widget\" data-widget_type=\"image-box.default\">\n\t\t\t\t<div class=\"elementor-widget-container\">\n\t\t\t\t\t<div class=\"elementor-image-box-wrapper\"><div class=\"elementor-image-box-content\"><h3 class=\"elementor-image-box-title\">6. Mises \u00e0 jour en temps r\u00e9el :<\/h3><p class=\"elementor-image-box-description\">Restez inform\u00e9 gr\u00e2ce \u00e0 des donn\u00e9es et des informations en temps r\u00e9el. Notre plateforme garantit que les acteurs politiques ont acc\u00e8s aux derniers r\u00e9sultats de la recherche et aux donn\u00e9es les plus r\u00e9centes, ce qui permet une prise de d\u00e9cision dynamique et r\u00e9active.<\/p><\/div><\/div>\t\t\t\t<\/div>\n\t\t\t\t<\/div>\n\t\t\t\t<div class=\"elementor-element elementor-element-f6eb96a elementor-widget elementor-widget-image-box\" data-id=\"f6eb96a\" data-element_type=\"widget\" data-e-type=\"widget\" data-widget_type=\"image-box.default\">\n\t\t\t\t<div class=\"elementor-widget-container\">\n\t\t\t\t\t<div class=\"elementor-image-box-wrapper\"><div class=\"elementor-image-box-content\"><p class=\"elementor-image-box-description\">L'African Research Nexus est votre partenaire de confiance pour une prise de d\u00e9cision fond\u00e9e sur des donn\u00e9es dans le cadre de l'\u00e9laboration et de la mise en \u0153uvre des politiques. Nous fournissons les donn\u00e9es, les informations et les outils dont les acteurs politiques ont besoin pour \u00e9laborer des politiques qui entra\u00eenent des changements positifs.<\/p><\/div><\/div>\t\t\t\t<\/div>\n\t\t\t\t<\/div>\n\t\t\t\t\t<\/div>\n\t\t<\/div>\n\t\t\t\t\t<\/div>\n\t\t<\/section>\n\t\t\t\t<\/div>\n\t\t","protected":false},"excerpt":{"rendered":"<p>Permettre aux acteurs politiques de prendre des d\u00e9cisions en connaissance de cause Votre source d&#8217;informations politiques bas\u00e9es sur des donn\u00e9es \u00c0 l&#8217;African Research Nexus, nous comprenons le r\u00f4le essentiel que jouent des d\u00e9cisions bien inform\u00e9es dans l&#8217;\u00e9laboration de politiques efficaces. Nous nous engageons \u00e0 fournir aux acteurs politiques les donn\u00e9es et les informations dont ils [&hellip;]<\/p>\n","protected":false},"author":4,"featured_media":0,"parent":0,"menu_order":0,"comment_status":"closed","ping_status":"closed","template":"elementor_header_footer","meta":{"_acf_changed":false,"_bbp_topic_count":0,"_bbp_reply_count":0,"_bbp_total_topic_count":0,"_bbp_total_reply_count":0,"_bbp_voice_count":0,"_bbp_anonymous_reply_count":0,"_bbp_topic_count_hidden":0,"_bbp_reply_count_hidden":0,"_bbp_forum_subforum_count":0,"footnotes":""},"class_list":["post-11406","page","type-page","status-publish","hentry"],"acf":[],"_links":{"self":[{"href":"https:\/\/africaresearchconnects.com\/fr\/wp-json\/wp\/v2\/pages\/11406","targetHints":{"allow":["GET"]}}],"collection":[{"href":"https:\/\/africaresearchconnects.com\/fr\/wp-json\/wp\/v2\/pages"}],"about":[{"href":"https:\/\/africaresearchconnects.com\/fr\/wp-json\/wp\/v2\/types\/page"}],"author":[{"embeddable":true,"href":"https:\/\/africaresearchconnects.com\/fr\/wp-json\/wp\/v2\/users\/4"}],"replies":[{"embeddable":true,"href":"https:\/\/africaresearchconnects.com\/fr\/wp-json\/wp\/v2\/comments?post=11406"}],"version-history":[{"count":4,"href":"https:\/\/africaresearchconnects.com\/fr\/wp-json\/wp\/v2\/pages\/11406\/revisions"}],"predecessor-version":[{"id":12754,"href":"https:\/\/africaresearchconnects.com\/fr\/wp-json\/wp\/v2\/pages\/11406\/revisions\/12754"}],"wp:attachment":[{"href":"https:\/\/africaresearchconnects.com\/fr\/wp-json\/wp\/v2\/media?parent=11406"}],"curies":[{"name":"wp","href":"https:\/\/api.w.org\/{rel}","templated":true}]}}