{"id":11542,"date":"2024-04-04T09:25:36","date_gmt":"2024-04-04T09:25:36","guid":{"rendered":"https:\/\/https:\/\/africaresearchconnects.com\/perfis-institucionais-e-dos-investigadores\/"},"modified":"2024-10-02T09:38:07","modified_gmt":"2024-10-02T09:38:07","slug":"perfis-institucionais-e-dos-investigadores","status":"publish","type":"page","link":"https:\/\/africaresearchconnects.com\/pt-pt\/perfis-institucionais-e-dos-investigadores\/","title":{"rendered":"PERFIS INSTITUCIONAIS E DOS INVESTIGADORES"},"content":{"rendered":"\t\t<div data-elementor-type=\"wp-page\" data-elementor-id=\"11542\" class=\"elementor elementor-11542 elementor-5879\" data-elementor-post-type=\"page\">\n\t\t\t\t<div class=\"elementor-element elementor-element-dbd3b5f e-flex e-con-boxed e-con e-parent\" data-id=\"dbd3b5f\" data-element_type=\"container\" data-e-type=\"container\" data-settings=\"{&quot;background_background&quot;:&quot;classic&quot;}\">\n\t\t\t\t\t<div class=\"e-con-inner\">\n\t\t<div class=\"elementor-element elementor-element-f12b95e e-con-full e-flex e-con e-child\" data-id=\"f12b95e\" data-element_type=\"container\" data-e-type=\"container\">\n\t\t\t\t<div class=\"elementor-element elementor-element-0664ac5 elementor-widget elementor-widget-text-editor\" data-id=\"0664ac5\" data-element_type=\"widget\" data-e-type=\"widget\" data-widget_type=\"text-editor.default\">\n\t\t\t\t<div class=\"elementor-widget-container\">\n\t\t\t\t\t\t\t\t\t<strong>Navegando em paisagens de investiga\u00e7\u00e3o:<\/strong> perfis institucionais e de investigadores\t\t\t\t\t\t\t\t<\/div>\n\t\t\t\t<\/div>\n\t\t\t\t<div class=\"elementor-element elementor-element-f8e8841 elementor-widget elementor-widget-text-editor\" data-id=\"f8e8841\" data-element_type=\"widget\" data-e-type=\"widget\" data-widget_type=\"text-editor.default\">\n\t\t\t\t<div class=\"elementor-widget-container\">\n\t\t\t\t\t\t\t\t\t<p>Explora o n\u00facleo da nossa plataforma de correspond\u00eancia de investiga\u00e7\u00e3o atrav\u00e9s das sec\u00e7\u00f5es Perfis institucionais e de investigadores.<br \/>\nEstes perfis detalhados fornecem informa\u00e7\u00f5es importantes sobre as institui\u00e7\u00f5es de investiga\u00e7\u00e3o africanas e os investigadores individuais.<br \/>\nEstes perfis facilitam a procura e o contacto com potenciais colaboradores que se alinham com os seus interesses e objectivos de investiga\u00e7\u00e3o.<br \/>\nCada perfil \u00e9 elaborado utilizando v\u00e1rias fontes de dados para garantir que tens a vis\u00e3o geral mais exacta e abrangente dispon\u00edvel.   <\/p>\n<p>Quer sejas um doador que procura investir em projectos de investiga\u00e7\u00e3o promissores, ou um investigador que procura colegas com a mesma opini\u00e3o para uma colabora\u00e7\u00e3o, os nossos perfis s\u00e3o ferramentas essenciais para tomar decis\u00f5es informadas.<br \/>\nN\u00e3o s\u00f3 destacam as compet\u00eancias e o foco de investiga\u00e7\u00e3o de institui\u00e7\u00f5es e indiv\u00edduos, como tamb\u00e9m oferecem informa\u00e7\u00f5es sobre o seu historial de publica\u00e7\u00f5es, projectos em curso e capacidades de investiga\u00e7\u00e3o espec\u00edficas. <\/p>\n\t\t\t\t\t\t\t\t<\/div>\n\t\t\t\t<\/div>\n\t\t\t\t<\/div>\n\t\t\t\t\t<\/div>\n\t\t\t\t<\/div>\n\t\t<div class=\"elementor-element elementor-element-9ddde01 side-img e-flex e-con-boxed e-con e-parent\" data-id=\"9ddde01\" data-element_type=\"container\" data-e-type=\"container\" data-settings=\"{&quot;background_background&quot;:&quot;classic&quot;}\">\n\t\t\t\t\t<div class=\"e-con-inner\">\n\t\t<div class=\"elementor-element elementor-element-3dfb559 e-con-full key-benefit-sec e-flex e-con e-child\" data-id=\"3dfb559\" data-element_type=\"container\" data-e-type=\"container\">\n\t\t\t\t<div class=\"elementor-element elementor-element-6027898 elementor-widget elementor-widget-heading\" data-id=\"6027898\" data-element_type=\"widget\" data-e-type=\"widget\" data-widget_type=\"heading.default\">\n\t\t\t\t<div class=\"elementor-widget-container\">\n\t\t\t\t\t<h2 class=\"elementor-heading-title elementor-size-default\">Principais benef\u00edcios<\/h2>\t\t\t\t<\/div>\n\t\t\t\t<\/div>\n\t\t\t\t<div class=\"elementor-element elementor-element-4d6f8e2 elementor-widget elementor-widget-text-editor\" data-id=\"4d6f8e2\" data-element_type=\"widget\" data-e-type=\"widget\" data-widget_type=\"text-editor.default\">\n\t\t\t\t<div class=\"elementor-widget-container\">\n\t\t\t\t\t\t\t\t\t<ol>\n \t<li><strong>Perfis ricos e detalhados <\/strong> Acede a perfis completos que incluem tudo, desde realiza\u00e7\u00f5es acad\u00e9micas a oportunidades de colabora\u00e7\u00e3o.<\/li>\n \t<li> <strong> Liga\u00e7\u00f5es estrat\u00e9gicas <\/strong> Identifica e estabelece liga\u00e7\u00f5es com institui\u00e7\u00f5es e investigadores que correspondem \u00e0s tuas necessidades e interesses espec\u00edficos.<\/li>\n \t<li><strong>Decis\u00f5es de investimento informadas<\/strong> Os doadores podem utilizar estes perfis para encontrar os melhores parceiros de investiga\u00e7\u00e3o, garantindo que os seus investimentos t\u00eam impacto e est\u00e3o alinhados com os seus objectivos.<\/li>\n<\/ol>\t\t\t\t\t\t\t\t<\/div>\n\t\t\t\t<\/div>\n\t\t\t\t<\/div>\n\t\t<div class=\"elementor-element elementor-element-e910b58 e-con-full new-text e-flex e-con e-child\" data-id=\"e910b58\" data-element_type=\"container\" data-e-type=\"container\" data-settings=\"{&quot;position&quot;:&quot;absolute&quot;}\">\n\t\t\t\t<div class=\"elementor-element elementor-element-81e54c4 elementor-widget elementor-widget-image\" data-id=\"81e54c4\" data-element_type=\"widget\" data-e-type=\"widget\" data-widget_type=\"image.default\">\n\t\t\t\t<div class=\"elementor-widget-container\">\n\t\t\t\t\t\t\t\t\t\t\t\t\t\t\t<img decoding=\"async\" width=\"107\" height=\"371\" src=\"https:\/\/africaresearchconnects.com\/wp-content\/uploads\/2024\/10\/Group-1155638.png\" class=\"attachment-large size-large wp-image-12592\" alt=\"\" \/>\t\t\t\t\t\t\t\t\t\t\t\t\t\t\t<\/div>\n\t\t\t\t<\/div>\n\t\t\t\t<\/div>\n\t\t\t\t\t<\/div>\n\t\t\t\t<\/div>\n\t\t<div class=\"elementor-element elementor-element-1e4163b e-flex e-con-boxed e-con e-parent\" data-id=\"1e4163b\" data-element_type=\"container\" data-e-type=\"container\">\n\t\t\t\t\t<div class=\"e-con-inner\">\n\t\t<div class=\"elementor-element elementor-element-1644785 e-con-full key-benefit-sec e-flex e-con e-child\" data-id=\"1644785\" data-element_type=\"container\" data-e-type=\"container\">\n\t\t\t\t<div class=\"elementor-element elementor-element-a66b71c elementor-widget elementor-widget-heading\" data-id=\"a66b71c\" data-element_type=\"widget\" data-e-type=\"widget\" data-widget_type=\"heading.default\">\n\t\t\t\t<div class=\"elementor-widget-container\">\n\t\t\t\t\t<h2 class=\"elementor-heading-title elementor-size-default\">Explora<\/h2>\t\t\t\t<\/div>\n\t\t\t\t<\/div>\n\t\t\t\t<div class=\"elementor-element elementor-element-65a825a elementor-widget elementor-widget-text-editor\" data-id=\"65a825a\" data-element_type=\"widget\" data-e-type=\"widget\" data-widget_type=\"text-editor.default\">\n\t\t\t\t<div class=\"elementor-widget-container\">\n\t\t\t\t\t\t\t\t\t<p>Mergulha nos nossos Perfis Institucionais e de Investigador para descobrires uma grande variedade de oportunidades de colabora\u00e7\u00e3o e parceria de investiga\u00e7\u00e3o em \u00c1frica. Com os dados mais actualizados na ponta dos dedos, podes procurar com confian\u00e7a liga\u00e7\u00f5es que ir\u00e3o melhorar os teus esfor\u00e7os de investiga\u00e7\u00e3o e promover colabora\u00e7\u00f5es significativas.<\/p>\n\t\t\t\t\t\t\t\t<\/div>\n\t\t\t\t<\/div>\n\t\t\t\t<div class=\"elementor-element elementor-element-5f91013 elementor-widget elementor-widget-heading\" data-id=\"5f91013\" data-element_type=\"widget\" data-e-type=\"widget\" data-widget_type=\"heading.default\">\n\t\t\t\t<div class=\"elementor-widget-container\">\n\t\t\t\t\t<h4 class=\"elementor-heading-title elementor-size-default\">Descobre a riqueza de oportunidades de colabora\u00e7\u00e3o e parceria de investiga\u00e7\u00e3o em \u00c1frica. Explora os nossos perfis institucionais e de investigador detalhados para encontrares a combina\u00e7\u00e3o perfeita para as tuas necessidades e interesses de investiga\u00e7\u00e3o. Clica aqui para encontrar o seguinte:<\/h4>\t\t\t\t<\/div>\n\t\t\t\t<\/div>\n\t\t\t\t<div class=\"elementor-element elementor-element-4560f36 discover-btn elementor-mobile-align-center elementor-widget-mobile__width-inherit elementor-widget elementor-widget-button\" data-id=\"4560f36\" data-element_type=\"widget\" data-e-type=\"widget\" data-widget_type=\"button.default\">\n\t\t\t\t<div class=\"elementor-widget-container\">\n\t\t\t\t\t\t\t\t\t<div class=\"elementor-button-wrapper\">\n\t\t\t\t\t<a class=\"elementor-button elementor-button-link elementor-size-sm\" href=\"https:\/\/https:\/\/africaresearchconnects.com\/pt-pt\/descobre\/\">\n\t\t\t\t\t\t<span class=\"elementor-button-content-wrapper\">\n\t\t\t\t\t\t\t\t\t<span class=\"elementor-button-text\">  Clica para descobrir<\/span>\n\t\t\t\t\t<\/span>\n\t\t\t\t\t<\/a>\n\t\t\t\t<\/div>\n\t\t\t\t\t\t\t\t<\/div>\n\t\t\t\t<\/div>\n\t\t\t\t<\/div>\n\t\t\t\t\t<\/div>\n\t\t\t\t<\/div>\n\t\t\t\t<\/div>\n\t\t","protected":false},"excerpt":{"rendered":"<p>Navegando em paisagens de investiga\u00e7\u00e3o: perfis institucionais e de investigadores Explora o n\u00facleo da nossa plataforma de correspond\u00eancia de investiga\u00e7\u00e3o atrav\u00e9s das sec\u00e7\u00f5es Perfis institucionais e de investigadores. Estes perfis detalhados fornecem informa\u00e7\u00f5es importantes sobre as institui\u00e7\u00f5es de investiga\u00e7\u00e3o africanas e os investigadores individuais. Estes perfis facilitam a procura e o contacto com potenciais colaboradores [&hellip;]<\/p>\n","protected":false},"author":2,"featured_media":0,"parent":0,"menu_order":0,"comment_status":"closed","ping_status":"closed","template":"","meta":{"_acf_changed":false,"_bbp_topic_count":0,"_bbp_reply_count":0,"_bbp_total_topic_count":0,"_bbp_total_reply_count":0,"_bbp_voice_count":0,"_bbp_anonymous_reply_count":0,"_bbp_topic_count_hidden":0,"_bbp_reply_count_hidden":0,"_bbp_forum_subforum_count":0,"footnotes":""},"class_list":["post-11542","page","type-page","status-publish","hentry"],"acf":[],"_links":{"self":[{"href":"https:\/\/africaresearchconnects.com\/pt-pt\/wp-json\/wp\/v2\/pages\/11542","targetHints":{"allow":["GET"]}}],"collection":[{"href":"https:\/\/africaresearchconnects.com\/pt-pt\/wp-json\/wp\/v2\/pages"}],"about":[{"href":"https:\/\/africaresearchconnects.com\/pt-pt\/wp-json\/wp\/v2\/types\/page"}],"author":[{"embeddable":true,"href":"https:\/\/africaresearchconnects.com\/pt-pt\/wp-json\/wp\/v2\/users\/2"}],"replies":[{"embeddable":true,"href":"https:\/\/africaresearchconnects.com\/pt-pt\/wp-json\/wp\/v2\/comments?post=11542"}],"version-history":[{"count":3,"href":"https:\/\/africaresearchconnects.com\/pt-pt\/wp-json\/wp\/v2\/pages\/11542\/revisions"}],"predecessor-version":[{"id":12800,"href":"https:\/\/africaresearchconnects.com\/pt-pt\/wp-json\/wp\/v2\/pages\/11542\/revisions\/12800"}],"wp:attachment":[{"href":"https:\/\/africaresearchconnects.com\/pt-pt\/wp-json\/wp\/v2\/media?parent=11542"}],"curies":[{"name":"wp","href":"https:\/\/api.w.org\/{rel}","templated":true}]}}