{"id":11547,"date":"2024-04-04T09:26:31","date_gmt":"2024-04-04T09:26:31","guid":{"rendered":"https:\/\/https:\/\/africaresearchconnects.com\/repositorio-de-conjuntos-de-dados-de-investigacao\/"},"modified":"2024-10-02T09:44:50","modified_gmt":"2024-10-02T09:44:50","slug":"repositorio-de-conjuntos-de-dados-de-investigacao","status":"publish","type":"page","link":"https:\/\/africaresearchconnects.com\/pt-pt\/repositorio-de-conjuntos-de-dados-de-investigacao\/","title":{"rendered":"REPOSIT\u00d3RIO DE CONJUNTOS DE DADOS DE INVESTIGA\u00c7\u00c3O"},"content":{"rendered":"\t\t<div data-elementor-type=\"wp-page\" data-elementor-id=\"11547\" class=\"elementor elementor-11547 elementor-5885\" data-elementor-post-type=\"page\">\n\t\t\t\t<div class=\"elementor-element elementor-element-2eab3de e-flex e-con-boxed e-con e-parent\" data-id=\"2eab3de\" data-element_type=\"container\" data-e-type=\"container\" data-settings=\"{&quot;background_background&quot;:&quot;classic&quot;}\">\n\t\t\t\t\t<div class=\"e-con-inner\">\n\t\t<div class=\"elementor-element elementor-element-f6376a2 e-con-full e-flex e-con e-child\" data-id=\"f6376a2\" data-element_type=\"container\" data-e-type=\"container\">\n\t\t\t\t<div class=\"elementor-element elementor-element-e841086 elementor-widget elementor-widget-text-editor\" data-id=\"e841086\" data-element_type=\"widget\" data-e-type=\"widget\" data-widget_type=\"text-editor.default\">\n\t\t\t\t<div class=\"elementor-widget-container\">\n\t\t\t\t\t\t\t\t\t<p><strong>Introdu\u00e7\u00e3o de um reposit\u00f3rio africano de conjuntos de dados de investiga\u00e7\u00e3o: <\/strong>Democratizar o acesso aos dados de investiga\u00e7\u00e3o<\/p>\n\t\t\t\t\t\t\t\t<\/div>\n\t\t\t\t<\/div>\n\t\t\t\t<div class=\"elementor-element elementor-element-2df53e6 elementor-widget elementor-widget-text-editor\" data-id=\"2df53e6\" data-element_type=\"widget\" data-e-type=\"widget\" data-widget_type=\"text-editor.default\">\n\t\t\t\t<div class=\"elementor-widget-container\">\n\t\t\t\t\t\t\t\t\t<p>A Plataforma de Correspond\u00eancia de Investiga\u00e7\u00e3o (RMP) introduz um recurso fundamental com o nosso Reposit\u00f3rio de Conjuntos de Dados de Investiga\u00e7\u00e3o, concebido para enfrentar o desafio cr\u00edtico da acessibilidade de dados para investigadores em toda a \u00c1frica.<br \/>\nEste reposit\u00f3rio fornece uma grande quantidade de conjuntos de dados de investiga\u00e7\u00e3o de acesso livre, facilitando a explora\u00e7\u00e3o e a rean\u00e1lise de dados existentes quando a recolha de dados prim\u00e1rios pode n\u00e3o ser vi\u00e1vel devido a restri\u00e7\u00f5es de recursos. <\/p>\n<p>Ao democratizar o acesso a conjuntos de dados de alta qualidade, permitimos que estudantes, investigadores e acad\u00e9micos aprofundem an\u00e1lises individuais ou de v\u00e1rios pa\u00edses sem a necessidade de grandes financiamentos ou recursos.<br \/>\nEsta iniciativa \u00e9 particularmente valiosa para quem procura melhorar a sua investiga\u00e7\u00e3o com provas emp\u00edricas s\u00f3lidas, explorar novas investiga\u00e7\u00f5es cient\u00edficas ou validar estudos existentes. <\/p>\n\t\t\t\t\t\t\t\t<\/div>\n\t\t\t\t<\/div>\n\t\t\t\t<\/div>\n\t\t\t\t\t<\/div>\n\t\t\t\t<\/div>\n\t\t<div class=\"elementor-element elementor-element-2d70919 side-img e-flex e-con-boxed e-con e-parent\" data-id=\"2d70919\" data-element_type=\"container\" data-e-type=\"container\" data-settings=\"{&quot;background_background&quot;:&quot;classic&quot;}\">\n\t\t\t\t\t<div class=\"e-con-inner\">\n\t\t<div class=\"elementor-element elementor-element-1fee23f e-con-full key-benefit-sec e-flex e-con e-child\" data-id=\"1fee23f\" data-element_type=\"container\" data-e-type=\"container\">\n\t\t\t\t<div class=\"elementor-element elementor-element-fbc7b99 elementor-widget elementor-widget-heading\" data-id=\"fbc7b99\" data-element_type=\"widget\" data-e-type=\"widget\" data-widget_type=\"heading.default\">\n\t\t\t\t<div class=\"elementor-widget-container\">\n\t\t\t\t\t<h2 class=\"elementor-heading-title elementor-size-default\">Principais benef\u00edcios<\/h2>\t\t\t\t<\/div>\n\t\t\t\t<\/div>\n\t\t\t\t<div class=\"elementor-element elementor-element-d3a6386 elementor-widget elementor-widget-text-editor\" data-id=\"d3a6386\" data-element_type=\"widget\" data-e-type=\"widget\" data-widget_type=\"text-editor.default\">\n\t\t\t\t<div class=\"elementor-widget-container\">\n\t\t\t\t\t\t\t\t\t<ol>\n \t<li><strong>Acesso livre aos dados <\/strong> Acede livremente a uma gama diversificada de conjuntos de dados de investiga\u00e7\u00e3o, eliminando a barreira da aquisi\u00e7\u00e3o dispendiosa de dados.<\/li>\n \t<li> <strong> Oportunidades de investiga\u00e7\u00e3o melhoradas <\/strong> Utiliza os dados existentes para explorar novas quest\u00f5es de investiga\u00e7\u00e3o ou expandir estudos anteriores.<\/li>\n \t<li><strong>Apoio a investigadores com poucos recursos<\/strong> Disponibiliza recursos cruciais a investigadores e estudantes que possam n\u00e3o ter meios para efetuar a recolha de dados prim\u00e1rios.<\/li>\n<\/ol>\t\t\t\t\t\t\t\t<\/div>\n\t\t\t\t<\/div>\n\t\t\t\t<\/div>\n\t\t<div class=\"elementor-element elementor-element-2a4c2e0 e-con-full new-text e-flex e-con e-child\" data-id=\"2a4c2e0\" data-element_type=\"container\" data-e-type=\"container\" data-settings=\"{&quot;position&quot;:&quot;absolute&quot;}\">\n\t\t\t\t<div class=\"elementor-element elementor-element-27b661b elementor-widget elementor-widget-image\" data-id=\"27b661b\" data-element_type=\"widget\" data-e-type=\"widget\" data-widget_type=\"image.default\">\n\t\t\t\t<div class=\"elementor-widget-container\">\n\t\t\t\t\t\t\t\t\t\t\t\t\t\t\t<img decoding=\"async\" width=\"107\" height=\"371\" src=\"https:\/\/africaresearchconnects.com\/wp-content\/uploads\/2024\/10\/Group-1155638.png\" class=\"attachment-large size-large wp-image-12592\" alt=\"\" \/>\t\t\t\t\t\t\t\t\t\t\t\t\t\t\t<\/div>\n\t\t\t\t<\/div>\n\t\t\t\t<\/div>\n\t\t\t\t\t<\/div>\n\t\t\t\t<\/div>\n\t\t<div class=\"elementor-element elementor-element-e3370b3 side-img e-flex e-con-boxed e-con e-parent\" data-id=\"e3370b3\" data-element_type=\"container\" data-e-type=\"container\" data-settings=\"{&quot;background_background&quot;:&quot;classic&quot;}\">\n\t\t\t\t\t<div class=\"e-con-inner\">\n\t\t<div class=\"elementor-element elementor-element-aa71342 e-con-full key-benefit-sec e-flex e-con e-child\" data-id=\"aa71342\" data-element_type=\"container\" data-e-type=\"container\">\n\t\t\t\t<div class=\"elementor-element elementor-element-7e0a6e6 elementor-widget elementor-widget-heading\" data-id=\"7e0a6e6\" data-element_type=\"widget\" data-e-type=\"widget\" data-widget_type=\"heading.default\">\n\t\t\t\t<div class=\"elementor-widget-container\">\n\t\t\t\t\t<h2 class=\"elementor-heading-title elementor-size-default\">Explora<\/h2>\t\t\t\t<\/div>\n\t\t\t\t<\/div>\n\t\t\t\t<div class=\"elementor-element elementor-element-3388d7c elementor-widget elementor-widget-text-editor\" data-id=\"3388d7c\" data-element_type=\"widget\" data-e-type=\"widget\" data-widget_type=\"text-editor.default\">\n\t\t\t\t<div class=\"elementor-widget-container\">\n\t\t\t\t\t\t\t\t\t<p>O nosso Reposit\u00f3rio de Conjuntos de Dados de Investiga\u00e7\u00e3o \u00e9 mais do que um simples arquivo de dados; \u00e9 um trampolim para a inova\u00e7\u00e3o e uma ferramenta essencial para o avan\u00e7o da investiga\u00e7\u00e3o em todo o continente. Ao oferecer estes conjuntos de dados, a RMP facilita um ambiente de investiga\u00e7\u00e3o mais inclusivo e abrangente, garantindo que todos os investigadores, independentemente da sua localiza\u00e7\u00e3o ou recursos, tenham a oportunidade de contribuir e beneficiar da rica paisagem cient\u00edfica de \u00c1frica.<\/p>\n\t\t\t\t\t\t\t\t<\/div>\n\t\t\t\t<\/div>\n\t\t\t\t<div class=\"elementor-element elementor-element-345eccf elementor-widget elementor-widget-heading\" data-id=\"345eccf\" data-element_type=\"widget\" data-e-type=\"widget\" data-widget_type=\"heading.default\">\n\t\t\t\t<div class=\"elementor-widget-container\">\n\t\t\t\t\t<h4 class=\"elementor-heading-title elementor-size-default\">Abre um mundo de possibilidades de investiga\u00e7\u00e3o. Clica para explorar agora o nosso reposit\u00f3rio de conjuntos de dados de investiga\u00e7\u00e3o<\/h4>\t\t\t\t<\/div>\n\t\t\t\t<\/div>\n\t\t<div class=\"elementor-element elementor-element-f5b003e e-con-full e-flex e-con e-child\" data-id=\"f5b003e\" data-element_type=\"container\" data-e-type=\"container\">\n\t\t<div class=\"elementor-element elementor-element-e81b505 e-con-full e-flex e-con e-child\" data-id=\"e81b505\" data-element_type=\"container\" data-e-type=\"container\">\n\t\t\t\t<div class=\"elementor-element elementor-element-fd3205c discover-btn elementor-widget elementor-widget-button\" data-id=\"fd3205c\" data-element_type=\"widget\" data-e-type=\"widget\" data-widget_type=\"button.default\">\n\t\t\t\t<div class=\"elementor-widget-container\">\n\t\t\t\t\t\t\t\t\t<div class=\"elementor-button-wrapper\">\n\t\t\t\t\t<a class=\"elementor-button elementor-button-link elementor-size-sm\" href=\"https:\/\/https:\/\/africaresearchconnects.com\/pt-pt\/publicacoes\/\">\n\t\t\t\t\t\t<span class=\"elementor-button-content-wrapper\">\n\t\t\t\t\t\t\t\t\t<span class=\"elementor-button-text\">DESCOBRE MAIS<\/span>\n\t\t\t\t\t<\/span>\n\t\t\t\t\t<\/a>\n\t\t\t\t<\/div>\n\t\t\t\t\t\t\t\t<\/div>\n\t\t\t\t<\/div>\n\t\t\t\t<\/div>\n\t\t<div class=\"elementor-element elementor-element-7961f6d e-con-full e-flex e-con e-child\" data-id=\"7961f6d\" data-element_type=\"container\" data-e-type=\"container\">\n\t\t\t\t<div class=\"elementor-element elementor-element-06a1350 e-transform elementor-hidden-mobile elementor-widget elementor-widget-image\" data-id=\"06a1350\" data-element_type=\"widget\" data-e-type=\"widget\" data-settings=\"{&quot;_transform_translateX_effect&quot;:{&quot;unit&quot;:&quot;px&quot;,&quot;size&quot;:-27,&quot;sizes&quot;:[]},&quot;_transform_translateX_effect_mobile&quot;:{&quot;unit&quot;:&quot;px&quot;,&quot;size&quot;:-27,&quot;sizes&quot;:[]},&quot;_transform_translateY_effect&quot;:{&quot;unit&quot;:&quot;px&quot;,&quot;size&quot;:10,&quot;sizes&quot;:[]},&quot;_transform_translateY_effect_mobile&quot;:{&quot;unit&quot;:&quot;px&quot;,&quot;size&quot;:64,&quot;sizes&quot;:[]},&quot;_transform_translateX_effect_tablet&quot;:{&quot;unit&quot;:&quot;px&quot;,&quot;size&quot;:&quot;&quot;,&quot;sizes&quot;:[]},&quot;_transform_translateY_effect_tablet&quot;:{&quot;unit&quot;:&quot;px&quot;,&quot;size&quot;:&quot;&quot;,&quot;sizes&quot;:[]}}\" data-widget_type=\"image.default\">\n\t\t\t\t<div class=\"elementor-widget-container\">\n\t\t\t\t\t\t\t\t\t\t\t\t\t\t\t<img decoding=\"async\" width=\"104\" height=\"79\" src=\"https:\/\/africaresearchconnects.com\/wp-content\/uploads\/2024\/10\/arrowww.png\" class=\"attachment-large size-large wp-image-12572\" alt=\"\" \/>\t\t\t\t\t\t\t\t\t\t\t\t\t\t\t<\/div>\n\t\t\t\t<\/div>\n\t\t\t\t<\/div>\n\t\t<div class=\"elementor-element elementor-element-40b8387 e-con-full e-flex e-con e-child\" data-id=\"40b8387\" data-element_type=\"container\" data-e-type=\"container\">\n\t\t\t\t<div class=\"elementor-element elementor-element-335db0e e-transform elementor-hidden-mobile elementor-widget elementor-widget-text-editor\" data-id=\"335db0e\" data-element_type=\"widget\" data-e-type=\"widget\" data-settings=\"{&quot;_transform_translateX_effect&quot;:{&quot;unit&quot;:&quot;px&quot;,&quot;size&quot;:-41,&quot;sizes&quot;:[]},&quot;_transform_translateX_effect_mobile&quot;:{&quot;unit&quot;:&quot;px&quot;,&quot;size&quot;:0,&quot;sizes&quot;:[]},&quot;_transform_translateY_effect_mobile&quot;:{&quot;unit&quot;:&quot;px&quot;,&quot;size&quot;:10,&quot;sizes&quot;:[]},&quot;_transform_translateX_effect_tablet&quot;:{&quot;unit&quot;:&quot;px&quot;,&quot;size&quot;:&quot;&quot;,&quot;sizes&quot;:[]},&quot;_transform_translateY_effect&quot;:{&quot;unit&quot;:&quot;px&quot;,&quot;size&quot;:&quot;&quot;,&quot;sizes&quot;:[]},&quot;_transform_translateY_effect_tablet&quot;:{&quot;unit&quot;:&quot;px&quot;,&quot;size&quot;:&quot;&quot;,&quot;sizes&quot;:[]}}\" data-widget_type=\"text-editor.default\">\n\t\t\t\t<div class=\"elementor-widget-container\">\n\t\t\t\t\t\t\t\t\t<p>Clica aqui para mergulhar!<\/p>\n\t\t\t\t\t\t\t\t<\/div>\n\t\t\t\t<\/div>\n\t\t\t\t<\/div>\n\t\t\t\t<\/div>\n\t\t\t\t<\/div>\n\t\t\t\t\t<\/div>\n\t\t\t\t<\/div>\n\t\t\t\t<\/div>\n\t\t","protected":false},"excerpt":{"rendered":"<p>Introdu\u00e7\u00e3o de um reposit\u00f3rio africano de conjuntos de dados de investiga\u00e7\u00e3o: Democratizar o acesso aos dados de investiga\u00e7\u00e3o A Plataforma de Correspond\u00eancia de Investiga\u00e7\u00e3o (RMP) introduz um recurso fundamental com o nosso Reposit\u00f3rio de Conjuntos de Dados de Investiga\u00e7\u00e3o, concebido para enfrentar o desafio cr\u00edtico da acessibilidade de dados para investigadores em toda a \u00c1frica. [&hellip;]<\/p>\n","protected":false},"author":2,"featured_media":0,"parent":0,"menu_order":0,"comment_status":"closed","ping_status":"closed","template":"elementor_header_footer","meta":{"_acf_changed":false,"_bbp_topic_count":0,"_bbp_reply_count":0,"_bbp_total_topic_count":0,"_bbp_total_reply_count":0,"_bbp_voice_count":0,"_bbp_anonymous_reply_count":0,"_bbp_topic_count_hidden":0,"_bbp_reply_count_hidden":0,"_bbp_forum_subforum_count":0,"footnotes":""},"class_list":["post-11547","page","type-page","status-publish","hentry"],"acf":[],"_links":{"self":[{"href":"https:\/\/africaresearchconnects.com\/pt-pt\/wp-json\/wp\/v2\/pages\/11547","targetHints":{"allow":["GET"]}}],"collection":[{"href":"https:\/\/africaresearchconnects.com\/pt-pt\/wp-json\/wp\/v2\/pages"}],"about":[{"href":"https:\/\/africaresearchconnects.com\/pt-pt\/wp-json\/wp\/v2\/types\/page"}],"author":[{"embeddable":true,"href":"https:\/\/africaresearchconnects.com\/pt-pt\/wp-json\/wp\/v2\/users\/2"}],"replies":[{"embeddable":true,"href":"https:\/\/africaresearchconnects.com\/pt-pt\/wp-json\/wp\/v2\/comments?post=11547"}],"version-history":[{"count":2,"href":"https:\/\/africaresearchconnects.com\/pt-pt\/wp-json\/wp\/v2\/pages\/11547\/revisions"}],"predecessor-version":[{"id":12864,"href":"https:\/\/africaresearchconnects.com\/pt-pt\/wp-json\/wp\/v2\/pages\/11547\/revisions\/12864"}],"wp:attachment":[{"href":"https:\/\/africaresearchconnects.com\/pt-pt\/wp-json\/wp\/v2\/media?parent=11547"}],"curies":[{"name":"wp","href":"https:\/\/api.w.org\/{rel}","templated":true}]}}