{"id":11590,"date":"2023-11-07T05:44:10","date_gmt":"2023-11-07T05:44:10","guid":{"rendered":"https:\/\/https:\/\/africaresearchconnects.com\/promover-a-cooperacao-transfronteirica\/"},"modified":"2024-10-02T09:35:21","modified_gmt":"2024-10-02T09:35:21","slug":"promover-a-cooperacao-transfronteirica","status":"publish","type":"page","link":"https:\/\/africaresearchconnects.com\/pt-pt\/promover-a-cooperacao-transfronteirica\/","title":{"rendered":"Promover a coopera\u00e7\u00e3o transfronteiri\u00e7a"},"content":{"rendered":"\t\t<div data-elementor-type=\"wp-page\" data-elementor-id=\"11590\" class=\"elementor elementor-11590 elementor-4430\" data-elementor-post-type=\"page\">\n\t\t\t\t\t\t<section class=\"elementor-section elementor-top-section elementor-element elementor-element-0508e15 elementor-section-content-middle elementor-section-height-min-height elementor-section-boxed elementor-section-height-default elementor-section-items-middle\" data-id=\"0508e15\" data-element_type=\"section\" data-e-type=\"section\" data-settings=\"{&quot;background_background&quot;:&quot;classic&quot;}\">\n\t\t\t\t\t\t\t<div class=\"elementor-background-overlay\"><\/div>\n\t\t\t\t\t\t\t<div class=\"elementor-container elementor-column-gap-no\">\n\t\t\t\t\t<div class=\"elementor-column elementor-col-100 elementor-top-column elementor-element elementor-element-f819600\" data-id=\"f819600\" data-element_type=\"column\" data-e-type=\"column\">\n\t\t\t<div class=\"elementor-widget-wrap\">\n\t\t\t\t\t\t\t<\/div>\n\t\t<\/div>\n\t\t\t\t\t<\/div>\n\t\t<\/section>\n\t\t\t\t<section class=\"elementor-section elementor-top-section elementor-element elementor-element-de51747 elementor-section-boxed elementor-section-height-default elementor-section-height-default\" data-id=\"de51747\" data-element_type=\"section\" data-e-type=\"section\" data-settings=\"{&quot;background_background&quot;:&quot;classic&quot;}\">\n\t\t\t\t\t\t<div class=\"elementor-container elementor-column-gap-default\">\n\t\t\t\t\t<div class=\"elementor-column elementor-col-100 elementor-top-column elementor-element elementor-element-af9b123\" data-id=\"af9b123\" data-element_type=\"column\" data-e-type=\"column\">\n\t\t\t<div class=\"elementor-widget-wrap elementor-element-populated\">\n\t\t\t\t\t\t<div class=\"elementor-element elementor-element-59644e5 elementor-widget elementor-widget-heading\" data-id=\"59644e5\" data-element_type=\"widget\" data-e-type=\"widget\" data-widget_type=\"heading.default\">\n\t\t\t\t<div class=\"elementor-widget-container\">\n\t\t\t\t\t<h2 class=\"elementor-heading-title elementor-size-default\">Promover colabora\u00e7\u00f5es transfronteiri\u00e7as e interdisciplinares<\/h2>\t\t\t\t<\/div>\n\t\t\t\t<\/div>\n\t\t\t\t<div class=\"elementor-element elementor-element-5c25ec0 elementor-widget elementor-widget-heading\" data-id=\"5c25ec0\" data-element_type=\"widget\" data-e-type=\"widget\" data-widget_type=\"heading.default\">\n\t\t\t\t<div class=\"elementor-widget-container\">\n\t\t\t\t\t<h3 class=\"elementor-heading-title elementor-size-default\">Bem-vindo ao Cantinho das Colabora\u00e7\u00f5es!<\/h3>\t\t\t\t<\/div>\n\t\t\t\t<\/div>\n\t\t\t\t<div class=\"elementor-element elementor-element-9e41fdf elementor-widget elementor-widget-text-editor\" data-id=\"9e41fdf\" data-element_type=\"widget\" data-e-type=\"widget\" data-widget_type=\"text-editor.default\">\n\t\t\t\t<div class=\"elementor-widget-container\">\n\t\t\t\t\t\t\t\t\t<p>Dedicamo-nos a quebrar limites e a promover colabora\u00e7\u00f5es que transcendem fronteiras e disciplinas.<br \/>\nAcreditamos que algumas das inova\u00e7\u00f5es e descobertas mais revolucion\u00e1rias acontecem na intersec\u00e7\u00e3o de diferentes campos e para al\u00e9m das fronteiras internacionais.<br \/>\nEis como promovemos e facilitamos as colabora\u00e7\u00f5es transfronteiri\u00e7as e interdisciplinares:  <\/p>\n\t\t\t\t\t\t\t\t<\/div>\n\t\t\t\t<\/div>\n\t\t\t\t<div class=\"elementor-element elementor-element-624f41d elementor-widget elementor-widget-image-box\" data-id=\"624f41d\" data-element_type=\"widget\" data-e-type=\"widget\" data-widget_type=\"image-box.default\">\n\t\t\t\t<div class=\"elementor-widget-container\">\n\t\t\t\t\t<div class=\"elementor-image-box-wrapper\"><div class=\"elementor-image-box-content\"><h3 class=\"elementor-image-box-title\">1. Uma rede global:<\/h3><p class=\"elementor-image-box-description\">A nossa plataforma funciona como um ponto de encontro virtual africano para investigadores, institui\u00e7\u00f5es e partes interessadas de todo o mundo. Proporcionamos um espa\u00e7o onde indiv\u00edduos de diferentes pa\u00edses podem ligar-se, partilhar ideias e colaborar em projectos que n\u00e3o conhecem fronteiras.<\/p><\/div><\/div>\t\t\t\t<\/div>\n\t\t\t\t<\/div>\n\t\t\t\t<div class=\"elementor-element elementor-element-0ec04fd elementor-widget elementor-widget-image-box\" data-id=\"0ec04fd\" data-element_type=\"widget\" data-e-type=\"widget\" data-widget_type=\"image-box.default\">\n\t\t\t\t<div class=\"elementor-widget-container\">\n\t\t\t\t\t<div class=\"elementor-image-box-wrapper\"><div class=\"elementor-image-box-content\"><h3 class=\"elementor-image-box-title\">2. Faz a ponte entre as disciplinas:<\/h3><p class=\"elementor-image-box-description\">Incentivamos as colabora\u00e7\u00f5es que fazem a ponte entre as disciplinas. Quer se trate da fus\u00e3o da tecnologia e dos cuidados de sa\u00fade, ou da converg\u00eancia da ci\u00eancia ambiental e da economia, acreditamos que as abordagens interdisciplinares s\u00e3o a chave para resolver desafios complexos.<\/p><\/div><\/div>\t\t\t\t<\/div>\n\t\t\t\t<\/div>\n\t\t\t\t<div class=\"elementor-element elementor-element-91f6764 elementor-widget elementor-widget-image-box\" data-id=\"91f6764\" data-element_type=\"widget\" data-e-type=\"widget\" data-widget_type=\"image-box.default\">\n\t\t\t\t<div class=\"elementor-widget-container\">\n\t\t\t\t\t<div class=\"elementor-image-box-wrapper\"><div class=\"elementor-image-box-content\"><h3 class=\"elementor-image-box-title\">3. Projectos de colabora\u00e7\u00e3o:<\/h3><p class=\"elementor-image-box-description\">Oferecemos uma plataforma que incentiva o desenvolvimento de projectos de colabora\u00e7\u00e3o que abrangem v\u00e1rias disciplinas e locais. Os investigadores podem encontrar parceiros que partilham as mesmas ideias e iniciar projectos que abordam quest\u00f5es globais com uma abordagem hol\u00edstica.<\/p><\/div><\/div>\t\t\t\t<\/div>\n\t\t\t\t<\/div>\n\t\t\t\t<div class=\"elementor-element elementor-element-726e106 elementor-widget elementor-widget-image-box\" data-id=\"726e106\" data-element_type=\"widget\" data-e-type=\"widget\" data-widget_type=\"image-box.default\">\n\t\t\t\t<div class=\"elementor-widget-container\">\n\t\t\t\t\t<div class=\"elementor-image-box-wrapper\"><div class=\"elementor-image-box-content\"><h3 class=\"elementor-image-box-title\">4. Troca de conhecimentos:<\/h3><p class=\"elementor-image-box-description\">Facilitamos o interc\u00e2mbio de conhecimentos e compet\u00eancias. A nossa plataforma foi concebida para que os investigadores partilhem os seus resultados, metodologias e conhecimentos entre disciplinas e fronteiras, promovendo um rico interc\u00e2mbio de ideias.<\/p><\/div><\/div>\t\t\t\t<\/div>\n\t\t\t\t<\/div>\n\t\t\t\t<div class=\"elementor-element elementor-element-a353edf elementor-widget elementor-widget-image-box\" data-id=\"a353edf\" data-element_type=\"widget\" data-e-type=\"widget\" data-widget_type=\"image-box.default\">\n\t\t\t\t<div class=\"elementor-widget-container\">\n\t\t\t\t\t<div class=\"elementor-image-box-wrapper\"><div class=\"elementor-image-box-content\"><h3 class=\"elementor-image-box-title\">5. Parcerias internacionais:  <\/h3><p class=\"elementor-image-box-description\">Promovemos ativamente parcerias internacionais. Atrav\u00e9s da nossa plataforma, as institui\u00e7\u00f5es e os investigadores podem procurar parceiros de diferentes pa\u00edses para projectos de investiga\u00e7\u00e3o conjuntos, publica\u00e7\u00f5es em coautoria e recursos partilhados.<\/p><\/div><\/div>\t\t\t\t<\/div>\n\t\t\t\t<\/div>\n\t\t\t\t<div class=\"elementor-element elementor-element-e239dbc elementor-widget elementor-widget-image-box\" data-id=\"e239dbc\" data-element_type=\"widget\" data-e-type=\"widget\" data-widget_type=\"image-box.default\">\n\t\t\t\t<div class=\"elementor-widget-container\">\n\t\t\t\t\t<div class=\"elementor-image-box-wrapper\"><div class=\"elementor-image-box-content\"><h3 class=\"elementor-image-box-title\">6. Promover a inova\u00e7\u00e3o:<\/h3><p class=\"elementor-image-box-description\">Acreditamos que a inova\u00e7\u00e3o surge frequentemente da sinergia de diversas perspectivas. Ao encorajar colabora\u00e7\u00f5es transfronteiri\u00e7as e interdisciplinares, o nosso objetivo \u00e9 promover a inova\u00e7\u00e3o e o impacto numa vasta gama de dom\u00ednios.<\/p><\/div><\/div>\t\t\t\t<\/div>\n\t\t\t\t<\/div>\n\t\t\t\t<div class=\"elementor-element elementor-element-c2d767c elementor-widget elementor-widget-image-box\" data-id=\"c2d767c\" data-element_type=\"widget\" data-e-type=\"widget\" data-widget_type=\"image-box.default\">\n\t\t\t\t<div class=\"elementor-widget-container\">\n\t\t\t\t\t<div class=\"elementor-image-box-wrapper\"><div class=\"elementor-image-box-content\"><p class=\"elementor-image-box-description\">Junta-te a n\u00f3s nesta viagem de colabora\u00e7\u00e3o em que as fronteiras e as disciplinas j\u00e1 n\u00e3o s\u00e3o barreiras, mas sim portas de entrada para novas possibilidades. Juntos, criamos um ambiente din\u00e2mico que promove a investiga\u00e7\u00e3o inovadora,  <\/p><\/div><\/div>\t\t\t\t<\/div>\n\t\t\t\t<\/div>\n\t\t\t\t\t<\/div>\n\t\t<\/div>\n\t\t\t\t\t<\/div>\n\t\t<\/section>\n\t\t\t\t<\/div>\n\t\t","protected":false},"excerpt":{"rendered":"<p>Promover colabora\u00e7\u00f5es transfronteiri\u00e7as e interdisciplinares Bem-vindo ao Cantinho das Colabora\u00e7\u00f5es! Dedicamo-nos a quebrar limites e a promover colabora\u00e7\u00f5es que transcendem fronteiras e disciplinas. Acreditamos que algumas das inova\u00e7\u00f5es e descobertas mais revolucion\u00e1rias acontecem na intersec\u00e7\u00e3o de diferentes campos e para al\u00e9m das fronteiras internacionais. Eis como promovemos e facilitamos as colabora\u00e7\u00f5es transfronteiri\u00e7as e interdisciplinares: 1. [&hellip;]<\/p>\n","protected":false},"author":4,"featured_media":0,"parent":0,"menu_order":0,"comment_status":"closed","ping_status":"closed","template":"elementor_header_footer","meta":{"_acf_changed":false,"_bbp_topic_count":0,"_bbp_reply_count":0,"_bbp_total_topic_count":0,"_bbp_total_reply_count":0,"_bbp_voice_count":0,"_bbp_anonymous_reply_count":0,"_bbp_topic_count_hidden":0,"_bbp_reply_count_hidden":0,"_bbp_forum_subforum_count":0,"footnotes":""},"class_list":["post-11590","page","type-page","status-publish","hentry"],"acf":[],"_links":{"self":[{"href":"https:\/\/africaresearchconnects.com\/pt-pt\/wp-json\/wp\/v2\/pages\/11590","targetHints":{"allow":["GET"]}}],"collection":[{"href":"https:\/\/africaresearchconnects.com\/pt-pt\/wp-json\/wp\/v2\/pages"}],"about":[{"href":"https:\/\/africaresearchconnects.com\/pt-pt\/wp-json\/wp\/v2\/types\/page"}],"author":[{"embeddable":true,"href":"https:\/\/africaresearchconnects.com\/pt-pt\/wp-json\/wp\/v2\/users\/4"}],"replies":[{"embeddable":true,"href":"https:\/\/africaresearchconnects.com\/pt-pt\/wp-json\/wp\/v2\/comments?post=11590"}],"version-history":[{"count":2,"href":"https:\/\/africaresearchconnects.com\/pt-pt\/wp-json\/wp\/v2\/pages\/11590\/revisions"}],"predecessor-version":[{"id":12788,"href":"https:\/\/africaresearchconnects.com\/pt-pt\/wp-json\/wp\/v2\/pages\/11590\/revisions\/12788"}],"wp:attachment":[{"href":"https:\/\/africaresearchconnects.com\/pt-pt\/wp-json\/wp\/v2\/media?parent=11590"}],"curies":[{"name":"wp","href":"https:\/\/api.w.org\/{rel}","templated":true}]}}