{"id":11597,"date":"2023-11-07T05:45:19","date_gmt":"2023-11-07T05:45:19","guid":{"rendered":"https:\/\/https:\/\/africaresearchconnects.com\/apresentacao-da-analise\/"},"modified":"2024-10-02T09:39:30","modified_gmt":"2024-10-02T09:39:30","slug":"apresentacao-da-analise","status":"publish","type":"page","link":"https:\/\/africaresearchconnects.com\/pt-pt\/apresentacao-da-analise\/","title":{"rendered":"Apresenta\u00e7\u00e3o da an\u00e1lise"},"content":{"rendered":"\t\t<div data-elementor-type=\"wp-page\" data-elementor-id=\"11597\" class=\"elementor elementor-11597 elementor-4435\" data-elementor-post-type=\"page\">\n\t\t\t\t\t\t<section class=\"elementor-section elementor-top-section elementor-element elementor-element-0508e15 elementor-section-content-middle elementor-section-height-min-height elementor-section-boxed elementor-section-height-default elementor-section-items-middle\" data-id=\"0508e15\" data-element_type=\"section\" data-e-type=\"section\" data-settings=\"{&quot;background_background&quot;:&quot;classic&quot;}\">\n\t\t\t\t\t\t\t<div class=\"elementor-background-overlay\"><\/div>\n\t\t\t\t\t\t\t<div class=\"elementor-container elementor-column-gap-no\">\n\t\t\t\t\t<div class=\"elementor-column elementor-col-100 elementor-top-column elementor-element elementor-element-f819600\" data-id=\"f819600\" data-element_type=\"column\" data-e-type=\"column\">\n\t\t\t<div class=\"elementor-widget-wrap\">\n\t\t\t\t\t\t\t<\/div>\n\t\t<\/div>\n\t\t\t\t\t<\/div>\n\t\t<\/section>\n\t\t\t\t<section class=\"elementor-section elementor-top-section elementor-element elementor-element-de51747 elementor-section-boxed elementor-section-height-default elementor-section-height-default\" data-id=\"de51747\" data-element_type=\"section\" data-e-type=\"section\" data-settings=\"{&quot;background_background&quot;:&quot;classic&quot;}\">\n\t\t\t\t\t\t<div class=\"elementor-container elementor-column-gap-default\">\n\t\t\t\t\t<div class=\"elementor-column elementor-col-100 elementor-top-column elementor-element elementor-element-af9b123\" data-id=\"af9b123\" data-element_type=\"column\" data-e-type=\"column\">\n\t\t\t<div class=\"elementor-widget-wrap elementor-element-populated\">\n\t\t\t\t\t\t<div class=\"elementor-element elementor-element-59644e5 elementor-widget elementor-widget-heading\" data-id=\"59644e5\" data-element_type=\"widget\" data-e-type=\"widget\" data-widget_type=\"heading.default\">\n\t\t\t\t<div class=\"elementor-widget-container\">\n\t\t\t\t\t<h2 class=\"elementor-heading-title elementor-size-default\">Introduzir a an\u00e1lise para \"As institui\u00e7\u00f5es africanas e os perfis dos investigadores\"<\/h2>\t\t\t\t<\/div>\n\t\t\t\t<\/div>\n\t\t\t\t<div class=\"elementor-element elementor-element-2c1d299 elementor-widget elementor-widget-heading\" data-id=\"2c1d299\" data-element_type=\"widget\" data-e-type=\"widget\" data-widget_type=\"heading.default\">\n\t\t\t\t<div class=\"elementor-widget-container\">\n\t\t\t\t\t<h3 class=\"elementor-heading-title elementor-size-default\">Desbloqueia o poder das informa\u00e7\u00f5es de dados<\/h3>\t\t\t\t<\/div>\n\t\t\t\t<\/div>\n\t\t\t\t<div class=\"elementor-element elementor-element-9e41fdf elementor-widget elementor-widget-text-editor\" data-id=\"9e41fdf\" data-element_type=\"widget\" data-e-type=\"widget\" data-widget_type=\"text-editor.default\">\n\t\t\t\t<div class=\"elementor-widget-container\">\n\t\t\t\t\t\t\t\t\t<p>Na nossa miss\u00e3o de promover um ecossistema de investiga\u00e7\u00e3o vibrante, estamos entusiasmados por apresentar an\u00e1lises de ponta para &#8220;As institui\u00e7\u00f5es africanas e os perfis dos investigadores&#8221;.<br \/>\nEsta funcionalidade abre um mundo de informa\u00e7\u00f5es baseadas em dados, permitindo que investigadores, institui\u00e7\u00f5es e partes interessadas aproveitem todo o potencial dos perfis.<br \/>\nEis como a nossa an\u00e1lise transforma a forma como interage com as institui\u00e7\u00f5es e investigadores africanos:  <\/p>\n\t\t\t\t\t\t\t\t<\/div>\n\t\t\t\t<\/div>\n\t\t\t\t<div class=\"elementor-element elementor-element-624f41d elementor-widget elementor-widget-image-box\" data-id=\"624f41d\" data-element_type=\"widget\" data-e-type=\"widget\" data-widget_type=\"image-box.default\">\n\t\t\t\t<div class=\"elementor-widget-container\">\n\t\t\t\t\t<div class=\"elementor-image-box-wrapper\"><div class=\"elementor-image-box-content\"><h3 class=\"elementor-image-box-title\">1. Perfis abrangentes:<\/h3><p class=\"elementor-image-box-description\">Mergulha em perfis aprofundados de institui\u00e7\u00f5es e investigadores africanos. As nossas an\u00e1lises fornecem uma vis\u00e3o hol\u00edstica do seu trabalho, publica\u00e7\u00f5es, \u00e1reas de especializa\u00e7\u00e3o e contribui\u00e7\u00f5es para o panorama da investiga\u00e7\u00e3o.<\/p><\/div><\/div>\t\t\t\t<\/div>\n\t\t\t\t<\/div>\n\t\t\t\t<div class=\"elementor-element elementor-element-0ec04fd elementor-widget elementor-widget-image-box\" data-id=\"0ec04fd\" data-element_type=\"widget\" data-e-type=\"widget\" data-widget_type=\"image-box.default\">\n\t\t\t\t<div class=\"elementor-widget-container\">\n\t\t\t\t\t<div class=\"elementor-image-box-wrapper\"><div class=\"elementor-image-box-content\"><h3 class=\"elementor-image-box-title\">2. Visualiza\u00e7\u00e3o de dados:<\/h3><p class=\"elementor-image-box-description\">Visualiza os dados como nunca antes. As nossas an\u00e1lises oferecem uma s\u00e9rie de ferramentas visuais que transformam informa\u00e7\u00f5es complexas em quadros, gr\u00e1ficos e mapas interactivos, facilitando a explora\u00e7\u00e3o e a compreens\u00e3o dos dados.<\/p><\/div><\/div>\t\t\t\t<\/div>\n\t\t\t\t<\/div>\n\t\t\t\t<div class=\"elementor-element elementor-element-91f6764 elementor-widget elementor-widget-image-box\" data-id=\"91f6764\" data-element_type=\"widget\" data-e-type=\"widget\" data-widget_type=\"image-box.default\">\n\t\t\t\t<div class=\"elementor-widget-container\">\n\t\t\t\t\t<div class=\"elementor-image-box-wrapper\"><div class=\"elementor-image-box-content\"><h3 class=\"elementor-image-box-title\">3. An\u00e1lise comparativa:<\/h3><p class=\"elementor-image-box-description\">Faz compara\u00e7\u00f5es informadas sem esfor\u00e7o. Com a nossa an\u00e1lise, podes comparar o desempenho e o impacto de diferentes institui\u00e7\u00f5es e investigadores, ajudando-te a identificar tend\u00eancias e \u00e1reas de excel\u00eancia.<\/p><\/div><\/div>\t\t\t\t<\/div>\n\t\t\t\t<\/div>\n\t\t\t\t<div class=\"elementor-element elementor-element-726e106 elementor-widget elementor-widget-image-box\" data-id=\"726e106\" data-element_type=\"widget\" data-e-type=\"widget\" data-widget_type=\"image-box.default\">\n\t\t\t\t<div class=\"elementor-widget-container\">\n\t\t\t\t\t<div class=\"elementor-image-box-wrapper\"><div class=\"elementor-image-box-content\"><h3 class=\"elementor-image-box-title\">4. Insights sobre colabora\u00e7\u00e3o:<\/h3><p class=\"elementor-image-box-description\">Descobre potenciais colaboradores. As nossas an\u00e1lises destacam liga\u00e7\u00f5es e oportunidades de colabora\u00e7\u00e3o na comunidade de investiga\u00e7\u00e3o africana, promovendo parcerias interdisciplinares e interinstitucionais.<\/p><\/div><\/div>\t\t\t\t<\/div>\n\t\t\t\t<\/div>\n\t\t\t\t<div class=\"elementor-element elementor-element-a353edf elementor-widget elementor-widget-image-box\" data-id=\"a353edf\" data-element_type=\"widget\" data-e-type=\"widget\" data-widget_type=\"image-box.default\">\n\t\t\t\t<div class=\"elementor-widget-container\">\n\t\t\t\t\t<div class=\"elementor-image-box-wrapper\"><div class=\"elementor-image-box-content\"><h3 class=\"elementor-image-box-title\">5. Avalia\u00e7\u00e3o do impacto:<\/h3><p class=\"elementor-image-box-description\">Avalia o impacto das institui\u00e7\u00f5es e dos investigadores. As nossas an\u00e1lises medem a influ\u00eancia do seu trabalho, ajudando-te a reconhecer l\u00edderes e colaboradores em \u00e1reas espec\u00edficas.<\/p><\/div><\/div>\t\t\t\t<\/div>\n\t\t\t\t<\/div>\n\t\t\t\t<div class=\"elementor-element elementor-element-e239dbc elementor-widget elementor-widget-image-box\" data-id=\"e239dbc\" data-element_type=\"widget\" data-e-type=\"widget\" data-widget_type=\"image-box.default\">\n\t\t\t\t<div class=\"elementor-widget-container\">\n\t\t\t\t\t<div class=\"elementor-image-box-wrapper\"><div class=\"elementor-image-box-content\"><h3 class=\"elementor-image-box-title\">6. Relat\u00f3rios personalizados:<\/h3><p class=\"elementor-image-box-description\">Cria relat\u00f3rios personalizados. As nossas an\u00e1lises permitem-te gerar uma biografia personalizada de um investigador.<\/p><\/div><\/div>\t\t\t\t<\/div>\n\t\t\t\t<\/div>\n\t\t\t\t<div class=\"elementor-element elementor-element-c2d767c elementor-widget elementor-widget-image-box\" data-id=\"c2d767c\" data-element_type=\"widget\" data-e-type=\"widget\" data-widget_type=\"image-box.default\">\n\t\t\t\t<div class=\"elementor-widget-container\">\n\t\t\t\t\t<div class=\"elementor-image-box-wrapper\"><div class=\"elementor-image-box-content\"><h3 class=\"elementor-image-box-title\">8. Actualiza\u00e7\u00f5es em tempo real:<\/h3><p class=\"elementor-image-box-description\">Mant\u00e9m-te atualizado com dados em tempo real. As nossas an\u00e1lises garantem que tens acesso \u00e0s informa\u00e7\u00f5es mais recentes sobre as institui\u00e7\u00f5es e os investigadores africanos, o que te permite tomar decis\u00f5es din\u00e2micas e com capacidade de resposta.<\/p><\/div><\/div>\t\t\t\t<\/div>\n\t\t\t\t<\/div>\n\t\t\t\t<div class=\"elementor-element elementor-element-2a17a12 elementor-widget elementor-widget-image-box\" data-id=\"2a17a12\" data-element_type=\"widget\" data-e-type=\"widget\" data-widget_type=\"image-box.default\">\n\t\t\t\t<div class=\"elementor-widget-container\">\n\t\t\t\t\t<div class=\"elementor-image-box-wrapper\"><div class=\"elementor-image-box-content\"><h3 class=\"elementor-image-box-title\">9. Centro de Colabora\u00e7\u00e3o:<\/h3><p class=\"elementor-image-box-description\">A nossa plataforma funciona como um centro de colabora\u00e7\u00e3o, permitindo que investigadores e institui\u00e7\u00f5es se liguem e colaborem sem problemas. A an\u00e1lise identifica potenciais parceiros de colabora\u00e7\u00e3o e ajuda-te a acompanhar os projectos de colabora\u00e7\u00e3o.<\/p><\/div><\/div>\t\t\t\t<\/div>\n\t\t\t\t<\/div>\n\t\t\t\t\t<\/div>\n\t\t<\/div>\n\t\t\t\t\t<\/div>\n\t\t<\/section>\n\t\t\t\t<\/div>\n\t\t","protected":false},"excerpt":{"rendered":"<p>Introduzir a an\u00e1lise para &#8220;As institui\u00e7\u00f5es africanas e os perfis dos investigadores&#8221; Desbloqueia o poder das informa\u00e7\u00f5es de dados Na nossa miss\u00e3o de promover um ecossistema de investiga\u00e7\u00e3o vibrante, estamos entusiasmados por apresentar an\u00e1lises de ponta para &#8220;As institui\u00e7\u00f5es africanas e os perfis dos investigadores&#8221;. Esta funcionalidade abre um mundo de informa\u00e7\u00f5es baseadas em dados, [&hellip;]<\/p>\n","protected":false},"author":4,"featured_media":0,"parent":0,"menu_order":0,"comment_status":"closed","ping_status":"closed","template":"elementor_header_footer","meta":{"_acf_changed":false,"_bbp_topic_count":0,"_bbp_reply_count":0,"_bbp_total_topic_count":0,"_bbp_total_reply_count":0,"_bbp_voice_count":0,"_bbp_anonymous_reply_count":0,"_bbp_topic_count_hidden":0,"_bbp_reply_count_hidden":0,"_bbp_forum_subforum_count":0,"footnotes":""},"class_list":["post-11597","page","type-page","status-publish","hentry"],"acf":[],"_links":{"self":[{"href":"https:\/\/africaresearchconnects.com\/pt-pt\/wp-json\/wp\/v2\/pages\/11597","targetHints":{"allow":["GET"]}}],"collection":[{"href":"https:\/\/africaresearchconnects.com\/pt-pt\/wp-json\/wp\/v2\/pages"}],"about":[{"href":"https:\/\/africaresearchconnects.com\/pt-pt\/wp-json\/wp\/v2\/types\/page"}],"author":[{"embeddable":true,"href":"https:\/\/africaresearchconnects.com\/pt-pt\/wp-json\/wp\/v2\/users\/4"}],"replies":[{"embeddable":true,"href":"https:\/\/africaresearchconnects.com\/pt-pt\/wp-json\/wp\/v2\/comments?post=11597"}],"version-history":[{"count":3,"href":"https:\/\/africaresearchconnects.com\/pt-pt\/wp-json\/wp\/v2\/pages\/11597\/revisions"}],"predecessor-version":[{"id":12808,"href":"https:\/\/africaresearchconnects.com\/pt-pt\/wp-json\/wp\/v2\/pages\/11597\/revisions\/12808"}],"wp:attachment":[{"href":"https:\/\/africaresearchconnects.com\/pt-pt\/wp-json\/wp\/v2\/media?parent=11597"}],"curies":[{"name":"wp","href":"https:\/\/api.w.org\/{rel}","templated":true}]}}