{"id":11598,"date":"2023-11-07T05:48:44","date_gmt":"2023-11-07T05:48:44","guid":{"rendered":"https:\/\/https:\/\/africaresearchconnects.com\/promover-a-ciencia-aberta\/"},"modified":"2024-10-02T09:42:55","modified_gmt":"2024-10-02T09:42:55","slug":"promover-a-ciencia-aberta","status":"publish","type":"page","link":"https:\/\/africaresearchconnects.com\/pt-pt\/promover-a-ciencia-aberta\/","title":{"rendered":"Promover a ci\u00eancia aberta"},"content":{"rendered":"\t\t<div data-elementor-type=\"wp-page\" data-elementor-id=\"11598\" class=\"elementor elementor-11598 elementor-4450\" data-elementor-post-type=\"page\">\n\t\t\t\t\t\t<section class=\"elementor-section elementor-top-section elementor-element elementor-element-0508e15 elementor-section-content-middle elementor-section-height-min-height elementor-section-boxed elementor-section-height-default elementor-section-items-middle\" data-id=\"0508e15\" data-element_type=\"section\" data-e-type=\"section\" data-settings=\"{&quot;background_background&quot;:&quot;classic&quot;}\">\n\t\t\t\t\t\t\t<div class=\"elementor-background-overlay\"><\/div>\n\t\t\t\t\t\t\t<div class=\"elementor-container elementor-column-gap-no\">\n\t\t\t\t\t<div class=\"elementor-column elementor-col-100 elementor-top-column elementor-element elementor-element-f819600\" data-id=\"f819600\" data-element_type=\"column\" data-e-type=\"column\">\n\t\t\t<div class=\"elementor-widget-wrap\">\n\t\t\t\t\t\t\t<\/div>\n\t\t<\/div>\n\t\t\t\t\t<\/div>\n\t\t<\/section>\n\t\t\t\t<section class=\"elementor-section elementor-top-section elementor-element elementor-element-de51747 elementor-section-boxed elementor-section-height-default elementor-section-height-default\" data-id=\"de51747\" data-element_type=\"section\" data-e-type=\"section\" data-settings=\"{&quot;background_background&quot;:&quot;classic&quot;}\">\n\t\t\t\t\t\t<div class=\"elementor-container elementor-column-gap-default\">\n\t\t\t\t\t<div class=\"elementor-column elementor-col-100 elementor-top-column elementor-element elementor-element-af9b123\" data-id=\"af9b123\" data-element_type=\"column\" data-e-type=\"column\">\n\t\t\t<div class=\"elementor-widget-wrap elementor-element-populated\">\n\t\t\t\t\t\t<div class=\"elementor-element elementor-element-59644e5 elementor-widget elementor-widget-heading\" data-id=\"59644e5\" data-element_type=\"widget\" data-e-type=\"widget\" data-widget_type=\"heading.default\">\n\t\t\t\t<div class=\"elementor-widget-container\">\n\t\t\t\t\t<h2 class=\"elementor-heading-title elementor-size-default\">Promover a ci\u00eancia aberta<\/h2>\t\t\t\t<\/div>\n\t\t\t\t<\/div>\n\t\t\t\t<div class=\"elementor-element elementor-element-9e41fdf elementor-widget elementor-widget-text-editor\" data-id=\"9e41fdf\" data-element_type=\"widget\" data-e-type=\"widget\" data-widget_type=\"text-editor.default\">\n\t\t\t\t<div class=\"elementor-widget-container\">\n\t\t\t\t\t\t\t\t\t<p>No African Research Nexus, somos defensores fervorosos da ci\u00eancia aberta.<br \/>\nAcreditamos firmemente que a ci\u00eancia aberta \u00e9 um poderoso catalisador para acelerar a investiga\u00e7\u00e3o, promover a colabora\u00e7\u00e3o e fazer avan\u00e7ar o conhecimento.<br \/>\nComo parte do nosso compromisso para com a ci\u00eancia aberta, eis como promovemos e apoiamos ativamente este movimento vital:  <\/p>\n\t\t\t\t\t\t\t\t<\/div>\n\t\t\t\t<\/div>\n\t\t\t\t<div class=\"elementor-element elementor-element-624f41d elementor-widget elementor-widget-image-box\" data-id=\"624f41d\" data-element_type=\"widget\" data-e-type=\"widget\" data-widget_type=\"image-box.default\">\n\t\t\t\t<div class=\"elementor-widget-container\">\n\t\t\t\t\t<div class=\"elementor-image-box-wrapper\"><div class=\"elementor-image-box-content\"><h3 class=\"elementor-image-box-title\">1. Acesso aberto aos resultados da investiga\u00e7\u00e3o:<\/h3><p class=\"elementor-image-box-description\">Defendemos o acesso aberto \u00e0s publica\u00e7\u00f5es de investiga\u00e7\u00e3o. Os investigadores da nossa plataforma s\u00e3o encorajados a tornar as suas descobertas livremente acess\u00edveis \u00e0 comunidade mundial. Acreditamos que o conhecimento n\u00e3o deve estar confinado \u00e0s fronteiras das institui\u00e7\u00f5es, mas deve fluir livremente, enriquecendo a vida das pessoas em todo o mundo.<\/p><\/div><\/div>\t\t\t\t<\/div>\n\t\t\t\t<\/div>\n\t\t\t\t<div class=\"elementor-element elementor-element-0ec04fd elementor-widget elementor-widget-image-box\" data-id=\"0ec04fd\" data-element_type=\"widget\" data-e-type=\"widget\" data-widget_type=\"image-box.default\">\n\t\t\t\t<div class=\"elementor-widget-container\">\n\t\t\t\t\t<div class=\"elementor-image-box-wrapper\"><div class=\"elementor-image-box-content\"><h3 class=\"elementor-image-box-title\">2. Partilha de dados e transpar\u00eancia:<\/h3><p class=\"elementor-image-box-description\">Promovemos a partilha transparente de dados. Os investigadores s\u00e3o encorajados a disponibilizar ao p\u00fablico os dados da sua investiga\u00e7\u00e3o, sempre que poss\u00edvel. Isto n\u00e3o s\u00f3 fomenta a confian\u00e7a e a credibilidade, como tamb\u00e9m permite que outros investigadores se baseiem no trabalho existente, impulsionando a inova\u00e7\u00e3o e a descoberta.<\/p><\/div><\/div>\t\t\t\t<\/div>\n\t\t\t\t<\/div>\n\t\t\t\t<div class=\"elementor-element elementor-element-91f6764 elementor-widget elementor-widget-image-box\" data-id=\"91f6764\" data-element_type=\"widget\" data-e-type=\"widget\" data-widget_type=\"image-box.default\">\n\t\t\t\t<div class=\"elementor-widget-container\">\n\t\t\t\t\t<div class=\"elementor-image-box-wrapper\"><div class=\"elementor-image-box-content\"><h3 class=\"elementor-image-box-title\">3. Colabora\u00e7\u00e3o e trabalho em rede:<\/h3><p class=\"elementor-image-box-description\">A nossa plataforma funciona como um centro de colabora\u00e7\u00e3o e de trabalho em rede. Ligamos investigadores, institui\u00e7\u00f5es e financiadores, facilitando a troca de ideias e conhecimentos. Ao promover estas liga\u00e7\u00f5es, damos aos investigadores a possibilidade de trabalharem em conjunto de forma aberta, partilhando os seus conhecimentos e contribuindo para o crescimento da ci\u00eancia aberta.<\/p><\/div><\/div>\t\t\t\t<\/div>\n\t\t\t\t<\/div>\n\t\t\t\t<div class=\"elementor-element elementor-element-726e106 elementor-widget elementor-widget-image-box\" data-id=\"726e106\" data-element_type=\"widget\" data-e-type=\"widget\" data-widget_type=\"image-box.default\">\n\t\t\t\t<div class=\"elementor-widget-container\">\n\t\t\t\t\t<div class=\"elementor-image-box-wrapper\"><div class=\"elementor-image-box-content\"><h3 class=\"elementor-image-box-title\">4. Revistas e recursos de acesso livre:<\/h3><p class=\"elementor-image-box-description\">Apoiamos a utiliza\u00e7\u00e3o de revistas e recursos de acesso livre. Os investigadores podem aceder a uma grande variedade de revistas, bases de dados e recursos de acesso livre atrav\u00e9s da nossa plataforma. Estes recursos est\u00e3o dispon\u00edveis gratuitamente para todos, eliminando as barreiras ao conhecimento e \u00e0 investiga\u00e7\u00e3o.<\/p><\/div><\/div>\t\t\t\t<\/div>\n\t\t\t\t<\/div>\n\t\t\t\t<div class=\"elementor-element elementor-element-a353edf elementor-widget elementor-widget-image-box\" data-id=\"a353edf\" data-element_type=\"widget\" data-e-type=\"widget\" data-widget_type=\"image-box.default\">\n\t\t\t\t<div class=\"elementor-widget-container\">\n\t\t\t\t\t<div class=\"elementor-image-box-wrapper\"><div class=\"elementor-image-box-content\"><h3 class=\"elementor-image-box-title\">5. Forma\u00e7\u00e3o e educa\u00e7\u00e3o:<\/h3><p class=\"elementor-image-box-description\">Apoiamos institui\u00e7\u00f5es e plataformas que oferecem forma\u00e7\u00e3o e recursos educativos sobre os princ\u00edpios da ci\u00eancia aberta. O nosso objetivo \u00e9 dar aos investigadores os conhecimentos e as ferramentas de que necessitam para adoptarem pr\u00e1ticas de ci\u00eancia aberta e tornarem o seu trabalho mais acess\u00edvel e com maior impacto.<\/p><\/div><\/div>\t\t\t\t<\/div>\n\t\t\t\t<\/div>\n\t\t\t\t<div class=\"elementor-element elementor-element-e239dbc elementor-widget elementor-widget-image-box\" data-id=\"e239dbc\" data-element_type=\"widget\" data-e-type=\"widget\" data-widget_type=\"image-box.default\">\n\t\t\t\t<div class=\"elementor-widget-container\">\n\t\t\t\t\t<div class=\"elementor-image-box-wrapper\"><div class=\"elementor-image-box-content\"><h3 class=\"elementor-image-box-title\">6. Envolver o p\u00fablico:<\/h3><p class=\"elementor-image-box-description\">Acreditamos que os benef\u00edcios da investiga\u00e7\u00e3o devem estender-se \u00e0 comunidade em geral. Colaboramos ativamente com o p\u00fablico, partilhando os resultados da investiga\u00e7\u00e3o de uma forma acess\u00edvel e compreens\u00edvel. Ao fazer a ponte entre os investigadores e o p\u00fablico, garantimos que o impacto da investiga\u00e7\u00e3o chega a um p\u00fablico mais vasto.<\/p><\/div><\/div>\t\t\t\t<\/div>\n\t\t\t\t<\/div>\n\t\t\t\t<div class=\"elementor-element elementor-element-c2d767c elementor-widget elementor-widget-image-box\" data-id=\"c2d767c\" data-element_type=\"widget\" data-e-type=\"widget\" data-widget_type=\"image-box.default\">\n\t\t\t\t<div class=\"elementor-widget-container\">\n\t\t\t\t\t<div class=\"elementor-image-box-wrapper\"><div class=\"elementor-image-box-content\"><p class=\"elementor-image-box-description\">A ci\u00eancia aberta n\u00e3o \u00e9 apenas um objetivo para n\u00f3s; \u00e9 um princ\u00edpio fundamental que est\u00e1 na base da miss\u00e3o da nossa plataforma. Estamos empenhados em promover a abertura, a transpar\u00eancia e a colabora\u00e7\u00e3o na investiga\u00e7\u00e3o e convidamos todas as partes interessadas a juntarem-se a n\u00f3s neste esfor\u00e7o. Juntos, podemos promover mudan\u00e7as positivas e libertar todo o potencial da investiga\u00e7\u00e3o africana atrav\u00e9s da ci\u00eancia aberta.<\/p><\/div><\/div>\t\t\t\t<\/div>\n\t\t\t\t<\/div>\n\t\t\t\t\t<\/div>\n\t\t<\/div>\n\t\t\t\t\t<\/div>\n\t\t<\/section>\n\t\t\t\t<\/div>\n\t\t","protected":false},"excerpt":{"rendered":"<p>Promover a ci\u00eancia aberta No African Research Nexus, somos defensores fervorosos da ci\u00eancia aberta. Acreditamos firmemente que a ci\u00eancia aberta \u00e9 um poderoso catalisador para acelerar a investiga\u00e7\u00e3o, promover a colabora\u00e7\u00e3o e fazer avan\u00e7ar o conhecimento. Como parte do nosso compromisso para com a ci\u00eancia aberta, eis como promovemos e apoiamos ativamente este movimento vital: [&hellip;]<\/p>\n","protected":false},"author":4,"featured_media":0,"parent":0,"menu_order":0,"comment_status":"closed","ping_status":"closed","template":"elementor_header_footer","meta":{"_acf_changed":false,"_bbp_topic_count":0,"_bbp_reply_count":0,"_bbp_total_topic_count":0,"_bbp_total_reply_count":0,"_bbp_voice_count":0,"_bbp_anonymous_reply_count":0,"_bbp_topic_count_hidden":0,"_bbp_reply_count_hidden":0,"_bbp_forum_subforum_count":0,"footnotes":""},"class_list":["post-11598","page","type-page","status-publish","hentry"],"acf":[],"_links":{"self":[{"href":"https:\/\/africaresearchconnects.com\/pt-pt\/wp-json\/wp\/v2\/pages\/11598","targetHints":{"allow":["GET"]}}],"collection":[{"href":"https:\/\/africaresearchconnects.com\/pt-pt\/wp-json\/wp\/v2\/pages"}],"about":[{"href":"https:\/\/africaresearchconnects.com\/pt-pt\/wp-json\/wp\/v2\/types\/page"}],"author":[{"embeddable":true,"href":"https:\/\/africaresearchconnects.com\/pt-pt\/wp-json\/wp\/v2\/users\/4"}],"replies":[{"embeddable":true,"href":"https:\/\/africaresearchconnects.com\/pt-pt\/wp-json\/wp\/v2\/comments?post=11598"}],"version-history":[{"count":3,"href":"https:\/\/africaresearchconnects.com\/pt-pt\/wp-json\/wp\/v2\/pages\/11598\/revisions"}],"predecessor-version":[{"id":12850,"href":"https:\/\/africaresearchconnects.com\/pt-pt\/wp-json\/wp\/v2\/pages\/11598\/revisions\/12850"}],"wp:attachment":[{"href":"https:\/\/africaresearchconnects.com\/pt-pt\/wp-json\/wp\/v2\/media?parent=11598"}],"curies":[{"name":"wp","href":"https:\/\/api.w.org\/{rel}","templated":true}]}}