{"id":11601,"date":"2023-11-07T05:46:30","date_gmt":"2023-11-07T05:46:30","guid":{"rendered":"https:\/\/https:\/\/africaresearchconnects.com\/gestao-do-conhecimento-e-otimizacao-do-impacto\/"},"modified":"2024-10-02T09:40:50","modified_gmt":"2024-10-02T09:40:50","slug":"gestao-do-conhecimento-e-otimizacao-do-impacto","status":"publish","type":"page","link":"https:\/\/africaresearchconnects.com\/pt-pt\/gestao-do-conhecimento-e-otimizacao-do-impacto\/","title":{"rendered":"Gest\u00e3o do conhecimento e otimiza\u00e7\u00e3o do impacto"},"content":{"rendered":"\t\t<div data-elementor-type=\"wp-page\" data-elementor-id=\"11601\" class=\"elementor elementor-11601 elementor-4440\" data-elementor-post-type=\"page\">\n\t\t\t\t\t\t<section class=\"elementor-section elementor-top-section elementor-element elementor-element-0508e15 elementor-section-content-middle elementor-section-height-min-height elementor-section-boxed elementor-section-height-default elementor-section-items-middle\" data-id=\"0508e15\" data-element_type=\"section\" data-e-type=\"section\" data-settings=\"{&quot;background_background&quot;:&quot;classic&quot;}\">\n\t\t\t\t\t\t\t<div class=\"elementor-background-overlay\"><\/div>\n\t\t\t\t\t\t\t<div class=\"elementor-container elementor-column-gap-no\">\n\t\t\t\t\t<div class=\"elementor-column elementor-col-100 elementor-top-column elementor-element elementor-element-f819600\" data-id=\"f819600\" data-element_type=\"column\" data-e-type=\"column\">\n\t\t\t<div class=\"elementor-widget-wrap\">\n\t\t\t\t\t\t\t<\/div>\n\t\t<\/div>\n\t\t\t\t\t<\/div>\n\t\t<\/section>\n\t\t\t\t<section class=\"elementor-section elementor-top-section elementor-element elementor-element-de51747 elementor-section-boxed elementor-section-height-default elementor-section-height-default\" data-id=\"de51747\" data-element_type=\"section\" data-e-type=\"section\" data-settings=\"{&quot;background_background&quot;:&quot;classic&quot;}\">\n\t\t\t\t\t\t<div class=\"elementor-container elementor-column-gap-default\">\n\t\t\t\t\t<div class=\"elementor-column elementor-col-100 elementor-top-column elementor-element elementor-element-af9b123\" data-id=\"af9b123\" data-element_type=\"column\" data-e-type=\"column\">\n\t\t\t<div class=\"elementor-widget-wrap elementor-element-populated\">\n\t\t\t\t\t\t<div class=\"elementor-element elementor-element-59644e5 elementor-widget elementor-widget-heading\" data-id=\"59644e5\" data-element_type=\"widget\" data-e-type=\"widget\" data-widget_type=\"heading.default\">\n\t\t\t\t<div class=\"elementor-widget-container\">\n\t\t\t\t\t<h2 class=\"elementor-heading-title elementor-size-default\">Gest\u00e3o do conhecimento e otimiza\u00e7\u00e3o do impacto<\/h2>\t\t\t\t<\/div>\n\t\t\t\t<\/div>\n\t\t\t\t<div class=\"elementor-element elementor-element-8a987d5 elementor-widget elementor-widget-heading\" data-id=\"8a987d5\" data-element_type=\"widget\" data-e-type=\"widget\" data-widget_type=\"heading.default\">\n\t\t\t\t<div class=\"elementor-widget-container\">\n\t\t\t\t\t<h3 class=\"elementor-heading-title elementor-size-default\">Liberta todo o potencial do conhecimento<\/h3>\t\t\t\t<\/div>\n\t\t\t\t<\/div>\n\t\t\t\t<div class=\"elementor-element elementor-element-9e41fdf elementor-widget elementor-widget-text-editor\" data-id=\"9e41fdf\" data-element_type=\"widget\" data-e-type=\"widget\" data-widget_type=\"text-editor.default\">\n\t\t\t\t<div class=\"elementor-widget-container\">\n\t\t\t\t\t\t\t\t\t<p>No African Research Nexus, reconhecemos que o conhecimento \u00e9 uma moeda valiosa que pode impulsionar mudan\u00e7as significativas.<br \/>\nA gest\u00e3o do conhecimento e a otimiza\u00e7\u00e3o do impacto s\u00e3o fundamentais para a nossa miss\u00e3o.<br \/>\nEis como asseguramos que o conhecimento n\u00e3o \u00e9 apenas acumulado, mas ativamente aproveitado para um impacto positivo:  <\/p>\n\t\t\t\t\t\t\t\t<\/div>\n\t\t\t\t<\/div>\n\t\t\t\t<div class=\"elementor-element elementor-element-624f41d elementor-widget elementor-widget-image-box\" data-id=\"624f41d\" data-element_type=\"widget\" data-e-type=\"widget\" data-widget_type=\"image-box.default\">\n\t\t\t\t<div class=\"elementor-widget-container\">\n\t\t\t\t\t<div class=\"elementor-image-box-wrapper\"><div class=\"elementor-image-box-content\"><h3 class=\"elementor-image-box-title\">1. Curadoria de conhecimentos:<\/h3><p class=\"elementor-image-box-description\">A nossa plataforma \u00e9 um reposit\u00f3rio de conhecimentos, desde resultados de investiga\u00e7\u00e3o a melhores pr\u00e1ticas. Fazemos a curadoria deste conhecimento, garantindo que est\u00e1 organizado, facilmente acess\u00edvel e atualizado. Os investigadores e as partes interessadas podem explorar um manancial de informa\u00e7\u00f5es que servem de base ao seu trabalho.<\/p><\/div><\/div>\t\t\t\t<\/div>\n\t\t\t\t<\/div>\n\t\t\t\t<div class=\"elementor-element elementor-element-0ec04fd elementor-widget elementor-widget-image-box\" data-id=\"0ec04fd\" data-element_type=\"widget\" data-e-type=\"widget\" data-widget_type=\"image-box.default\">\n\t\t\t\t<div class=\"elementor-widget-container\">\n\t\t\t\t\t<div class=\"elementor-image-box-wrapper\"><div class=\"elementor-image-box-content\"><h3 class=\"elementor-image-box-title\">2. Partilha de boas pr\u00e1ticas:<\/h3><p class=\"elementor-image-box-description\">Promovemos ativamente a partilha das melhores pr\u00e1ticas. Os investigadores e as institui\u00e7\u00f5es podem aprender com projectos, estrat\u00e9gias e abordagens bem sucedidos, o que conduzir\u00e1 a um trabalho mais eficiente e eficaz nos seus respectivos dom\u00ednios.<\/p><\/div><\/div>\t\t\t\t<\/div>\n\t\t\t\t<\/div>\n\t\t\t\t<div class=\"elementor-element elementor-element-91f6764 elementor-widget elementor-widget-image-box\" data-id=\"91f6764\" data-element_type=\"widget\" data-e-type=\"widget\" data-widget_type=\"image-box.default\">\n\t\t\t\t<div class=\"elementor-widget-container\">\n\t\t\t\t\t<div class=\"elementor-image-box-wrapper\"><div class=\"elementor-image-box-content\"><h3 class=\"elementor-image-box-title\">3. Colabora\u00e7\u00e3o e trabalho em rede:<\/h3><p class=\"elementor-image-box-description\">Proporcionamos um espa\u00e7o de colabora\u00e7\u00e3o onde investigadores, institui\u00e7\u00f5es e partes interessadas podem estabelecer liga\u00e7\u00f5es. Esta rede promove a troca de conhecimentos, experi\u00eancias e ideias, criando um ecossistema vibrante para a aprendizagem e o crescimento.<\/p><\/div><\/div>\t\t\t\t<\/div>\n\t\t\t\t<\/div>\n\t\t\t\t<div class=\"elementor-element elementor-element-726e106 elementor-widget elementor-widget-image-box\" data-id=\"726e106\" data-element_type=\"widget\" data-e-type=\"widget\" data-widget_type=\"image-box.default\">\n\t\t\t\t<div class=\"elementor-widget-container\">\n\t\t\t\t\t<div class=\"elementor-image-box-wrapper\"><div class=\"elementor-image-box-content\"><h3 class=\"elementor-image-box-title\">4. Avalia\u00e7\u00e3o do impacto:<\/h3><p class=\"elementor-image-box-description\">Compreendemos a import\u00e2ncia de medir o impacto. A nossa plataforma oferece ferramentas e recursos para a avalia\u00e7\u00e3o do impacto, permitindo aos investigadores e \u00e0s institui\u00e7\u00f5es avaliar a efic\u00e1cia do seu trabalho e tomar decis\u00f5es baseadas em dados.<\/p><\/div><\/div>\t\t\t\t<\/div>\n\t\t\t\t<\/div>\n\t\t\t\t<div class=\"elementor-element elementor-element-a353edf elementor-widget elementor-widget-image-box\" data-id=\"a353edf\" data-element_type=\"widget\" data-e-type=\"widget\" data-widget_type=\"image-box.default\">\n\t\t\t\t<div class=\"elementor-widget-container\">\n\t\t\t\t\t<div class=\"elementor-image-box-wrapper\"><div class=\"elementor-image-box-content\"><h3 class=\"elementor-image-box-title\">5. Aprendizagem cont\u00ednua:<\/h3><p class=\"elementor-image-box-description\">O conhecimento \u00e9 uma entidade din\u00e2mica. Organizamos uma s\u00e9rie de recursos educativos, webinars e workshops para garantir que os investigadores e as institui\u00e7\u00f5es se mant\u00eam actualizados com os mais recentes desenvolvimentos nas suas \u00e1reas, promovendo a aprendizagem e o crescimento cont\u00ednuos.<\/p><\/div><\/div>\t\t\t\t<\/div>\n\t\t\t\t<\/div>\n\t\t\t\t<div class=\"elementor-element elementor-element-e239dbc elementor-widget elementor-widget-image-box\" data-id=\"e239dbc\" data-element_type=\"widget\" data-e-type=\"widget\" data-widget_type=\"image-box.default\">\n\t\t\t\t<div class=\"elementor-widget-container\">\n\t\t\t\t\t<div class=\"elementor-image-box-wrapper\"><div class=\"elementor-image-box-content\"><h3 class=\"elementor-image-box-title\">6. Projectos de colabora\u00e7\u00e3o:<\/h3><p class=\"elementor-image-box-description\">Encorajamos projectos de colabora\u00e7\u00e3o que re\u00fanam conhecimentos de v\u00e1rias fontes. Estes projectos conduzem frequentemente a descobertas revolucion\u00e1rias e a solu\u00e7\u00f5es inovadoras que t\u00eam um impacto de grande alcance.<\/p><\/div><\/div>\t\t\t\t<\/div>\n\t\t\t\t<\/div>\n\t\t\t\t<div class=\"elementor-element elementor-element-c2d767c elementor-widget elementor-widget-image-box\" data-id=\"c2d767c\" data-element_type=\"widget\" data-e-type=\"widget\" data-widget_type=\"image-box.default\">\n\t\t\t\t<div class=\"elementor-widget-container\">\n\t\t\t\t\t<div class=\"elementor-image-box-wrapper\"><div class=\"elementor-image-box-content\"><p class=\"elementor-image-box-description\">A nossa plataforma n\u00e3o \u00e9 apenas um reposit\u00f3rio de conhecimentos; \u00e9 um catalisador para aproveitar o poder do conhecimento para uma mudan\u00e7a positiva. Juntos, podemos otimizar o impacto da investiga\u00e7\u00e3o, promovendo a inova\u00e7\u00e3o e impulsionando o progresso em todo o continente africano.<\/p><\/div><\/div>\t\t\t\t<\/div>\n\t\t\t\t<\/div>\n\t\t\t\t\t<\/div>\n\t\t<\/div>\n\t\t\t\t\t<\/div>\n\t\t<\/section>\n\t\t\t\t<\/div>\n\t\t","protected":false},"excerpt":{"rendered":"<p>Gest\u00e3o do conhecimento e otimiza\u00e7\u00e3o do impacto Liberta todo o potencial do conhecimento No African Research Nexus, reconhecemos que o conhecimento \u00e9 uma moeda valiosa que pode impulsionar mudan\u00e7as significativas. A gest\u00e3o do conhecimento e a otimiza\u00e7\u00e3o do impacto s\u00e3o fundamentais para a nossa miss\u00e3o. Eis como asseguramos que o conhecimento n\u00e3o \u00e9 apenas acumulado, [&hellip;]<\/p>\n","protected":false},"author":4,"featured_media":0,"parent":0,"menu_order":0,"comment_status":"closed","ping_status":"closed","template":"elementor_header_footer","meta":{"_acf_changed":false,"_bbp_topic_count":0,"_bbp_reply_count":0,"_bbp_total_topic_count":0,"_bbp_total_reply_count":0,"_bbp_voice_count":0,"_bbp_anonymous_reply_count":0,"_bbp_topic_count_hidden":0,"_bbp_reply_count_hidden":0,"_bbp_forum_subforum_count":0,"footnotes":""},"class_list":["post-11601","page","type-page","status-publish","hentry"],"acf":[],"_links":{"self":[{"href":"https:\/\/africaresearchconnects.com\/pt-pt\/wp-json\/wp\/v2\/pages\/11601","targetHints":{"allow":["GET"]}}],"collection":[{"href":"https:\/\/africaresearchconnects.com\/pt-pt\/wp-json\/wp\/v2\/pages"}],"about":[{"href":"https:\/\/africaresearchconnects.com\/pt-pt\/wp-json\/wp\/v2\/types\/page"}],"author":[{"embeddable":true,"href":"https:\/\/africaresearchconnects.com\/pt-pt\/wp-json\/wp\/v2\/users\/4"}],"replies":[{"embeddable":true,"href":"https:\/\/africaresearchconnects.com\/pt-pt\/wp-json\/wp\/v2\/comments?post=11601"}],"version-history":[{"count":4,"href":"https:\/\/africaresearchconnects.com\/pt-pt\/wp-json\/wp\/v2\/pages\/11601\/revisions"}],"predecessor-version":[{"id":12839,"href":"https:\/\/africaresearchconnects.com\/pt-pt\/wp-json\/wp\/v2\/pages\/11601\/revisions\/12839"}],"wp:attachment":[{"href":"https:\/\/africaresearchconnects.com\/pt-pt\/wp-json\/wp\/v2\/media?parent=11601"}],"curies":[{"name":"wp","href":"https:\/\/api.w.org\/{rel}","templated":true}]}}