{"id":11746,"date":"2023-11-07T04:42:15","date_gmt":"2023-11-07T04:42:15","guid":{"rendered":"https:\/\/https:\/\/africaresearchconnects.com\/defende-o-desenvolvimento-do-capital-humano\/"},"modified":"2024-10-02T09:52:29","modified_gmt":"2024-10-02T09:52:29","slug":"defende-o-desenvolvimento-do-capital-humano","status":"publish","type":"page","link":"https:\/\/africaresearchconnects.com\/pt-pt\/defende-o-desenvolvimento-do-capital-humano\/","title":{"rendered":"Defende o desenvolvimento do capital humano"},"content":{"rendered":"\t\t<div data-elementor-type=\"wp-page\" data-elementor-id=\"11746\" class=\"elementor elementor-11746 elementor-4390\" data-elementor-post-type=\"page\">\n\t\t\t\t\t\t<section class=\"elementor-section elementor-top-section elementor-element elementor-element-0508e15 elementor-section-content-middle elementor-section-height-min-height elementor-section-boxed elementor-section-height-default elementor-section-items-middle\" data-id=\"0508e15\" data-element_type=\"section\" data-e-type=\"section\" data-settings=\"{&quot;background_background&quot;:&quot;classic&quot;}\">\n\t\t\t\t\t\t\t<div class=\"elementor-background-overlay\"><\/div>\n\t\t\t\t\t\t\t<div class=\"elementor-container elementor-column-gap-no\">\n\t\t\t\t\t<div class=\"elementor-column elementor-col-100 elementor-top-column elementor-element elementor-element-f819600\" data-id=\"f819600\" data-element_type=\"column\" data-e-type=\"column\">\n\t\t\t<div class=\"elementor-widget-wrap\">\n\t\t\t\t\t\t\t<\/div>\n\t\t<\/div>\n\t\t\t\t\t<\/div>\n\t\t<\/section>\n\t\t\t\t<section class=\"elementor-section elementor-top-section elementor-element elementor-element-de51747 elementor-section-boxed elementor-section-height-default elementor-section-height-default\" data-id=\"de51747\" data-element_type=\"section\" data-e-type=\"section\" data-settings=\"{&quot;background_background&quot;:&quot;classic&quot;}\">\n\t\t\t\t\t\t<div class=\"elementor-container elementor-column-gap-default\">\n\t\t\t\t\t<div class=\"elementor-column elementor-col-100 elementor-top-column elementor-element elementor-element-af9b123\" data-id=\"af9b123\" data-element_type=\"column\" data-e-type=\"column\">\n\t\t\t<div class=\"elementor-widget-wrap elementor-element-populated\">\n\t\t\t\t\t\t<div class=\"elementor-element elementor-element-59644e5 elementor-widget elementor-widget-heading\" data-id=\"59644e5\" data-element_type=\"widget\" data-e-type=\"widget\" data-widget_type=\"heading.default\">\n\t\t\t\t<div class=\"elementor-widget-container\">\n\t\t\t\t\t<h2 class=\"elementor-heading-title elementor-size-default\">Defender o desenvolvimento do capital humano<\/h2>\t\t\t\t<\/div>\n\t\t\t\t<\/div>\n\t\t\t\t<div class=\"elementor-element elementor-element-9e41fdf elementor-widget elementor-widget-text-editor\" data-id=\"9e41fdf\" data-element_type=\"widget\" data-e-type=\"widget\" data-widget_type=\"text-editor.default\">\n\t\t\t\t<div class=\"elementor-widget-container\">\n\t\t\t\t\t\t\t\t\t<p>No African Research Nexus, dedicamo-nos ao desenvolvimento hol\u00edstico do capital humano, reconhecendo-o como a pedra angular do progresso e da inova\u00e7\u00e3o em todo o continente africano.<br \/>\nO nosso compromisso para com o desenvolvimento do capital humano est\u00e1 presente na pr\u00f3pria estrutura da nossa plataforma, e eis como defendemos esta causa vital: <\/p>\n\t\t\t\t\t\t\t\t<\/div>\n\t\t\t\t<\/div>\n\t\t\t\t<div class=\"elementor-element elementor-element-624f41d elementor-widget elementor-widget-image-box\" data-id=\"624f41d\" data-element_type=\"widget\" data-e-type=\"widget\" data-widget_type=\"image-box.default\">\n\t\t\t\t<div class=\"elementor-widget-container\">\n\t\t\t\t\t<div class=\"elementor-image-box-wrapper\"><div class=\"elementor-image-box-content\"><h3 class=\"elementor-image-box-title\">1. Refor\u00e7o da capacidade de investiga\u00e7\u00e3o:<\/h3><p class=\"elementor-image-box-description\">Entendemos que a base de qualquer sociedade orientada para o conhecimento \u00e9 uma for\u00e7a de trabalho qualificada e capacitada. Atrav\u00e9s de parcerias e iniciativas estrat\u00e9gicas, defendemos ativamente todas as actividades que trabalham para fomentar a lideran\u00e7a da investiga\u00e7\u00e3o africana. O nosso objetivo \u00e9 criar uma massa cr\u00edtica de investigadores que possam enfrentar de forma significativa os desafios do nosso tempo. Oferecemos uma plataforma onde as institui\u00e7\u00f5es se podem associar para oferecer forma\u00e7\u00e3o, orienta\u00e7\u00e3o e recursos para ajudar os investigadores a atingirem o seu potencial m\u00e1ximo.<\/p><\/div><\/div>\t\t\t\t<\/div>\n\t\t\t\t<\/div>\n\t\t\t\t<div class=\"elementor-element elementor-element-0ec04fd elementor-widget elementor-widget-image-box\" data-id=\"0ec04fd\" data-element_type=\"widget\" data-e-type=\"widget\" data-widget_type=\"image-box.default\">\n\t\t\t\t<div class=\"elementor-widget-container\">\n\t\t\t\t\t<div class=\"elementor-image-box-wrapper\"><div class=\"elementor-image-box-content\"><h3 class=\"elementor-image-box-title\">2. Crescimento acad\u00e9mico e profissional:<\/h3><p class=\"elementor-image-box-description\">Apoiamos o crescimento acad\u00e9mico e profissional dos investigadores e das institui\u00e7\u00f5es. Ao proporcionar uma plataforma para mostrar o seu trabalho e realiza\u00e7\u00f5es, elevamos os seus perfis, aumentando as oportunidades de desenvolvimento de carreira e reconhecimento.<\/p><\/div><\/div>\t\t\t\t<\/div>\n\t\t\t\t<\/div>\n\t\t\t\t<div class=\"elementor-element elementor-element-91f6764 elementor-widget elementor-widget-image-box\" data-id=\"91f6764\" data-element_type=\"widget\" data-e-type=\"widget\" data-widget_type=\"image-box.default\">\n\t\t\t\t<div class=\"elementor-widget-container\">\n\t\t\t\t\t<div class=\"elementor-image-box-wrapper\"><div class=\"elementor-image-box-content\"><h3 class=\"elementor-image-box-title\">3. Promover a colabora\u00e7\u00e3o:<\/h3><p class=\"elementor-image-box-description\">O desenvolvimento do capital humano prospera com a colabora\u00e7\u00e3o. A nossa plataforma funciona como um centro onde investigadores, institui\u00e7\u00f5es e financiadores se podem reunir, trocar ideias e participar em projectos de colabora\u00e7\u00e3o. Acreditamos que a intelig\u00eancia colectiva da nossa comunidade \u00e9 uma ferramenta poderosa para fazer avan\u00e7ar a investiga\u00e7\u00e3o e o capital humano.<\/p><\/div><\/div>\t\t\t\t<\/div>\n\t\t\t\t<\/div>\n\t\t\t\t<div class=\"elementor-element elementor-element-726e106 elementor-widget elementor-widget-image-box\" data-id=\"726e106\" data-element_type=\"widget\" data-e-type=\"widget\" data-widget_type=\"image-box.default\">\n\t\t\t\t<div class=\"elementor-widget-container\">\n\t\t\t\t\t<div class=\"elementor-image-box-wrapper\"><div class=\"elementor-image-box-content\"><h3 class=\"elementor-image-box-title\">4. Aprendizagem e refor\u00e7o de compet\u00eancias:<\/h3><p class=\"elementor-image-box-description\">Procuramos oferecer uma plataforma onde se possa dispor de uma gama de recursos e oportunidades de aprendizagem cont\u00ednua e de melhoria das compet\u00eancias. Incentivamos parcerias que ofere\u00e7am webinars, workshops e materiais educativos. Todos estes recursos permitir\u00e3o aos investigadores adquirir novas compet\u00eancias, manter-se actualizados sobre as \u00faltimas tend\u00eancias e melhorar as suas compet\u00eancias profissionais.<\/p><\/div><\/div>\t\t\t\t<\/div>\n\t\t\t\t<\/div>\n\t\t\t\t<div class=\"elementor-element elementor-element-a353edf elementor-widget elementor-widget-image-box\" data-id=\"a353edf\" data-element_type=\"widget\" data-e-type=\"widget\" data-widget_type=\"image-box.default\">\n\t\t\t\t<div class=\"elementor-widget-container\">\n\t\t\t\t\t<div class=\"elementor-image-box-wrapper\"><div class=\"elementor-image-box-content\"><h3 class=\"elementor-image-box-title\">5. Bolsas de estudo e subs\u00eddios:<\/h3><p class=\"elementor-image-box-description\">Promovemos ativamente bolsas de estudo e subs\u00eddios para apoiar os esfor\u00e7os de educa\u00e7\u00e3o e investiga\u00e7\u00e3o de acad\u00e9micos promissores. Ao procurar parcerias com institui\u00e7\u00f5es que oferecem assist\u00eancia financeira e oportunidades, pretendemos quebrar as barreiras financeiras e proporcionar acesso a experi\u00eancias de educa\u00e7\u00e3o e investiga\u00e7\u00e3o de qualidade.<\/p><\/div><\/div>\t\t\t\t<\/div>\n\t\t\t\t<\/div>\n\t\t\t\t<div class=\"elementor-element elementor-element-e239dbc elementor-widget elementor-widget-image-box\" data-id=\"e239dbc\" data-element_type=\"widget\" data-e-type=\"widget\" data-widget_type=\"image-box.default\">\n\t\t\t\t<div class=\"elementor-widget-container\">\n\t\t\t\t\t<div class=\"elementor-image-box-wrapper\"><div class=\"elementor-image-box-content\"><h3 class=\"elementor-image-box-title\">6. Inclus\u00e3o e diversidade:<\/h3><p class=\"elementor-image-box-description\">Defendemos a inclus\u00e3o e a diversidade na investiga\u00e7\u00e3o e no ensino. A nossa plataforma est\u00e1 empenhada em proporcionar um espa\u00e7o onde todas as vozes s\u00e3o ouvidas, independentemente do g\u00e9nero, etnia ou origem. Acreditamos que o pleno potencial do capital humano s\u00f3 pode ser realizado quando a todos \u00e9 dada uma oportunidade igual de contribuir.<\/p><\/div><\/div>\t\t\t\t<\/div>\n\t\t\t\t<\/div>\n\t\t\t\t<div class=\"elementor-element elementor-element-c2d767c elementor-widget elementor-widget-image-box\" data-id=\"c2d767c\" data-element_type=\"widget\" data-e-type=\"widget\" data-widget_type=\"image-box.default\">\n\t\t\t\t<div class=\"elementor-widget-container\">\n\t\t\t\t\t<div class=\"elementor-image-box-wrapper\"><div class=\"elementor-image-box-content\"><h3 class=\"elementor-image-box-title\">7. Capacitar as gera\u00e7\u00f5es futuras:<\/h3><p class=\"elementor-image-box-description\">Investimos no futuro, alimentando a pr\u00f3xima gera\u00e7\u00e3o de investigadores. Atrav\u00e9s de programas de mentoria e iniciativas educativas, orientamos e inspiramos jovens mentes a seguirem carreiras na investiga\u00e7\u00e3o e inova\u00e7\u00e3o. O desenvolvimento do capital humano n\u00e3o \u00e9 apenas um objetivo para n\u00f3s; \u00e9 a for\u00e7a motriz da nossa plataforma. Estamos empenhados em capacitar indiv\u00edduos, institui\u00e7\u00f5es e comunidades, promovendo uma cultura de aprendizagem e crescimento ao longo da vida. Juntos, podemos desbloquear o imenso potencial do capital humano africano e promover mudan\u00e7as positivas em todo o continente.<\/p><\/div><\/div>\t\t\t\t<\/div>\n\t\t\t\t<\/div>\n\t\t\t\t\t<\/div>\n\t\t<\/div>\n\t\t\t\t\t<\/div>\n\t\t<\/section>\n\t\t\t\t<\/div>\n\t\t","protected":false},"excerpt":{"rendered":"<p>Defender o desenvolvimento do capital humano No African Research Nexus, dedicamo-nos ao desenvolvimento hol\u00edstico do capital humano, reconhecendo-o como a pedra angular do progresso e da inova\u00e7\u00e3o em todo o continente africano. O nosso compromisso para com o desenvolvimento do capital humano est\u00e1 presente na pr\u00f3pria estrutura da nossa plataforma, e eis como defendemos esta [&hellip;]<\/p>\n","protected":false},"author":4,"featured_media":0,"parent":0,"menu_order":0,"comment_status":"closed","ping_status":"closed","template":"elementor_header_footer","meta":{"_acf_changed":false,"_bbp_topic_count":0,"_bbp_reply_count":0,"_bbp_total_topic_count":0,"_bbp_total_reply_count":0,"_bbp_voice_count":0,"_bbp_anonymous_reply_count":0,"_bbp_topic_count_hidden":0,"_bbp_reply_count_hidden":0,"_bbp_forum_subforum_count":0,"footnotes":""},"class_list":["post-11746","page","type-page","status-publish","hentry"],"acf":[],"_links":{"self":[{"href":"https:\/\/africaresearchconnects.com\/pt-pt\/wp-json\/wp\/v2\/pages\/11746","targetHints":{"allow":["GET"]}}],"collection":[{"href":"https:\/\/africaresearchconnects.com\/pt-pt\/wp-json\/wp\/v2\/pages"}],"about":[{"href":"https:\/\/africaresearchconnects.com\/pt-pt\/wp-json\/wp\/v2\/types\/page"}],"author":[{"embeddable":true,"href":"https:\/\/africaresearchconnects.com\/pt-pt\/wp-json\/wp\/v2\/users\/4"}],"replies":[{"embeddable":true,"href":"https:\/\/africaresearchconnects.com\/pt-pt\/wp-json\/wp\/v2\/comments?post=11746"}],"version-history":[{"count":5,"href":"https:\/\/africaresearchconnects.com\/pt-pt\/wp-json\/wp\/v2\/pages\/11746\/revisions"}],"predecessor-version":[{"id":12907,"href":"https:\/\/africaresearchconnects.com\/pt-pt\/wp-json\/wp\/v2\/pages\/11746\/revisions\/12907"}],"wp:attachment":[{"href":"https:\/\/africaresearchconnects.com\/pt-pt\/wp-json\/wp\/v2\/media?parent=11746"}],"curies":[{"name":"wp","href":"https:\/\/api.w.org\/{rel}","templated":true}]}}