{"id":11754,"date":"2023-11-07T05:39:11","date_gmt":"2023-11-07T05:39:11","guid":{"rendered":"https:\/\/https:\/\/africaresearchconnects.com\/capacitar-os-actores-politicos-para-uma-tomada-de-decisao-informada\/"},"modified":"2024-10-02T09:29:03","modified_gmt":"2024-10-02T09:29:03","slug":"capacitar-os-actores-politicos-para-uma-tomada-de-decisao-informada","status":"publish","type":"page","link":"https:\/\/africaresearchconnects.com\/pt-pt\/capacitar-os-actores-politicos-para-uma-tomada-de-decisao-informada\/","title":{"rendered":"Capacitar os actores pol\u00edticos para uma tomada de decis\u00e3o informada"},"content":{"rendered":"\t\t<div data-elementor-type=\"wp-page\" data-elementor-id=\"11754\" class=\"elementor elementor-11754 elementor-4408\" data-elementor-post-type=\"page\">\n\t\t\t\t\t\t<section class=\"elementor-section elementor-top-section elementor-element elementor-element-0508e15 elementor-section-content-middle elementor-section-height-min-height elementor-section-boxed elementor-section-height-default elementor-section-items-middle\" data-id=\"0508e15\" data-element_type=\"section\" data-e-type=\"section\" data-settings=\"{&quot;background_background&quot;:&quot;classic&quot;}\">\n\t\t\t\t\t\t\t<div class=\"elementor-background-overlay\"><\/div>\n\t\t\t\t\t\t\t<div class=\"elementor-container elementor-column-gap-no\">\n\t\t\t\t\t<div class=\"elementor-column elementor-col-100 elementor-top-column elementor-element elementor-element-f819600\" data-id=\"f819600\" data-element_type=\"column\" data-e-type=\"column\">\n\t\t\t<div class=\"elementor-widget-wrap\">\n\t\t\t\t\t\t\t<\/div>\n\t\t<\/div>\n\t\t\t\t\t<\/div>\n\t\t<\/section>\n\t\t\t\t<section class=\"elementor-section elementor-top-section elementor-element elementor-element-de51747 elementor-section-boxed elementor-section-height-default elementor-section-height-default\" data-id=\"de51747\" data-element_type=\"section\" data-e-type=\"section\" data-settings=\"{&quot;background_background&quot;:&quot;classic&quot;}\">\n\t\t\t\t\t\t<div class=\"elementor-container elementor-column-gap-default\">\n\t\t\t\t\t<div class=\"elementor-column elementor-col-100 elementor-top-column elementor-element elementor-element-af9b123\" data-id=\"af9b123\" data-element_type=\"column\" data-e-type=\"column\">\n\t\t\t<div class=\"elementor-widget-wrap elementor-element-populated\">\n\t\t\t\t\t\t<div class=\"elementor-element elementor-element-59644e5 elementor-widget elementor-widget-heading\" data-id=\"59644e5\" data-element_type=\"widget\" data-e-type=\"widget\" data-widget_type=\"heading.default\">\n\t\t\t\t<div class=\"elementor-widget-container\">\n\t\t\t\t\t<h2 class=\"elementor-heading-title elementor-size-default\">Capacitar os actores pol\u00edticos para uma tomada de decis\u00e3o informada<\/h2>\t\t\t\t<\/div>\n\t\t\t\t<\/div>\n\t\t\t\t<div class=\"elementor-element elementor-element-d6da1de elementor-widget elementor-widget-heading\" data-id=\"d6da1de\" data-element_type=\"widget\" data-e-type=\"widget\" data-widget_type=\"heading.default\">\n\t\t\t\t<div class=\"elementor-widget-container\">\n\t\t\t\t\t<h3 class=\"elementor-heading-title elementor-size-default\">A tua fonte de informa\u00e7\u00f5es sobre pol\u00edticas baseadas em dados<\/h3>\t\t\t\t<\/div>\n\t\t\t\t<\/div>\n\t\t\t\t<div class=\"elementor-element elementor-element-9e41fdf elementor-widget elementor-widget-text-editor\" data-id=\"9e41fdf\" data-element_type=\"widget\" data-e-type=\"widget\" data-widget_type=\"text-editor.default\">\n\t\t\t\t<div class=\"elementor-widget-container\">\n\t\t\t\t\t\t\t\t\t<p>No African Research Nexus, compreendemos o papel fundamental que as decis\u00f5es bem informadas desempenham na defini\u00e7\u00e3o de pol\u00edticas eficazes.<br \/>\nEstamos empenhados em fornecer aos actores pol\u00edticos os dados e as informa\u00e7\u00f5es de que necessitam para tomar as decis\u00f5es mais bem informadas.<br \/>\nEis como a nossa plataforma capacita os actores pol\u00edticos no seu processo de tomada de decis\u00f5es:  <\/p>\n\t\t\t\t\t\t\t\t<\/div>\n\t\t\t\t<\/div>\n\t\t\t\t<div class=\"elementor-element elementor-element-624f41d elementor-widget elementor-widget-image-box\" data-id=\"624f41d\" data-element_type=\"widget\" data-e-type=\"widget\" data-widget_type=\"image-box.default\">\n\t\t\t\t<div class=\"elementor-widget-container\">\n\t\t\t\t\t<div class=\"elementor-image-box-wrapper\"><div class=\"elementor-image-box-content\"><h3 class=\"elementor-image-box-title\">1. Acesso aos dados:<\/h3><p class=\"elementor-image-box-description\">A nossa plataforma oferece aos intervenientes pol\u00edticos uma grande variedade de fontes de dados para fundamentar as suas decis\u00f5es. Acede a uma vasta gama de resultados de investiga\u00e7\u00e3o, estat\u00edsticas e conjuntos de dados, garantindo que tens uma compreens\u00e3o abrangente das quest\u00f5es em causa.<\/p><\/div><\/div>\t\t\t\t<\/div>\n\t\t\t\t<\/div>\n\t\t\t\t<div class=\"elementor-element elementor-element-0ec04fd elementor-widget elementor-widget-image-box\" data-id=\"0ec04fd\" data-element_type=\"widget\" data-e-type=\"widget\" data-widget_type=\"image-box.default\">\n\t\t\t\t<div class=\"elementor-widget-container\">\n\t\t\t\t\t<div class=\"elementor-image-box-wrapper\"><div class=\"elementor-image-box-content\"><h3 class=\"elementor-image-box-title\">2. Visualiza\u00e7\u00e3o de dados:<\/h3><p class=\"elementor-image-box-description\">Fornecemos ferramentas intuitivas de visualiza\u00e7\u00e3o de dados que transformam informa\u00e7\u00f5es complexas em tabelas e gr\u00e1ficos f\u00e1ceis de entender. A visualiza\u00e7\u00e3o dos dados ajuda os respons\u00e1veis pol\u00edticos a compreender as principais tend\u00eancias e a tomar decis\u00f5es baseadas em dados com clareza.<\/p><\/div><\/div>\t\t\t\t<\/div>\n\t\t\t\t<\/div>\n\t\t\t\t<div class=\"elementor-element elementor-element-91f6764 elementor-widget elementor-widget-image-box\" data-id=\"91f6764\" data-element_type=\"widget\" data-e-type=\"widget\" data-widget_type=\"image-box.default\">\n\t\t\t\t<div class=\"elementor-widget-container\">\n\t\t\t\t\t<div class=\"elementor-image-box-wrapper\"><div class=\"elementor-image-box-content\"><h3 class=\"elementor-image-box-title\">3. Investiga\u00e7\u00e3o baseada em provas:<\/h3><p class=\"elementor-image-box-description\">Os intervenientes pol\u00edticos podem aceder a um reposit\u00f3rio de investiga\u00e7\u00e3o baseada em dados concretos que servem de base ao desenvolvimento de pol\u00edticas. Seleccionamos e apresentamos resultados de investiga\u00e7\u00e3o que se alinham com v\u00e1rias \u00e1reas pol\u00edticas, facilitando a tomada de decis\u00f5es com base em provas.<\/p><\/div><\/div>\t\t\t\t<\/div>\n\t\t\t\t<\/div>\n\t\t\t\t<div class=\"elementor-element elementor-element-726e106 elementor-widget elementor-widget-image-box\" data-id=\"726e106\" data-element_type=\"widget\" data-e-type=\"widget\" data-widget_type=\"image-box.default\">\n\t\t\t\t<div class=\"elementor-widget-container\">\n\t\t\t\t\t<div class=\"elementor-image-box-wrapper\"><div class=\"elementor-image-box-content\"><h3 class=\"elementor-image-box-title\">4. Centro de colabora\u00e7\u00e3o:<\/h3><p class=\"elementor-image-box-description\">A nossa plataforma funciona como um centro de colabora\u00e7\u00e3o onde os intervenientes pol\u00edticos podem estabelecer contactos com investigadores e peritos. Participa em di\u00e1logos, partilha ideias e colabora em projectos pol\u00edticos baseados em dados.<\/p><\/div><\/div>\t\t\t\t<\/div>\n\t\t\t\t<\/div>\n\t\t\t\t<div class=\"elementor-element elementor-element-a353edf elementor-widget elementor-widget-image-box\" data-id=\"a353edf\" data-element_type=\"widget\" data-e-type=\"widget\" data-widget_type=\"image-box.default\">\n\t\t\t\t<div class=\"elementor-widget-container\">\n\t\t\t\t\t<div class=\"elementor-image-box-wrapper\"><div class=\"elementor-image-box-content\"><h3 class=\"elementor-image-box-title\">5. An\u00e1lises e relat\u00f3rios:<\/h3><p class=\"elementor-image-box-description\">Acede a ferramentas anal\u00edticas que permitem a an\u00e1lise de dados e a cria\u00e7\u00e3o de relat\u00f3rios. Estas ferramentas proporcionam aos intervenientes pol\u00edticos a capacidade de extrair informa\u00e7\u00f5es dos dados e de as apresentar em relat\u00f3rios exaustivos.<\/p><\/div><\/div>\t\t\t\t<\/div>\n\t\t\t\t<\/div>\n\t\t\t\t<div class=\"elementor-element elementor-element-c2d767c elementor-widget elementor-widget-image-box\" data-id=\"c2d767c\" data-element_type=\"widget\" data-e-type=\"widget\" data-widget_type=\"image-box.default\">\n\t\t\t\t<div class=\"elementor-widget-container\">\n\t\t\t\t\t<div class=\"elementor-image-box-wrapper\"><div class=\"elementor-image-box-content\"><h3 class=\"elementor-image-box-title\">6. Actualiza\u00e7\u00f5es em tempo real:<\/h3><p class=\"elementor-image-box-description\">Mant\u00e9m-te atualizado com dados e informa\u00e7\u00f5es em tempo real. A nossa plataforma garante que os respons\u00e1veis pol\u00edticos t\u00eam acesso aos resultados e dados mais recentes da investiga\u00e7\u00e3o, permitindo uma tomada de decis\u00f5es din\u00e2mica e reactiva.<\/p><\/div><\/div>\t\t\t\t<\/div>\n\t\t\t\t<\/div>\n\t\t\t\t<div class=\"elementor-element elementor-element-f6eb96a elementor-widget elementor-widget-image-box\" data-id=\"f6eb96a\" data-element_type=\"widget\" data-e-type=\"widget\" data-widget_type=\"image-box.default\">\n\t\t\t\t<div class=\"elementor-widget-container\">\n\t\t\t\t\t<div class=\"elementor-image-box-wrapper\"><div class=\"elementor-image-box-content\"><p class=\"elementor-image-box-description\">O African Research Nexus \u00e9 o teu parceiro de confian\u00e7a para a tomada de decis\u00f5es baseadas em dados no desenvolvimento e implementa\u00e7\u00e3o de pol\u00edticas. Fornecemos os dados, os conhecimentos e as ferramentas de que os intervenientes pol\u00edticos necessitam para elaborar pol\u00edticas que conduzam a mudan\u00e7as positivas.<\/p><\/div><\/div>\t\t\t\t<\/div>\n\t\t\t\t<\/div>\n\t\t\t\t\t<\/div>\n\t\t<\/div>\n\t\t\t\t\t<\/div>\n\t\t<\/section>\n\t\t\t\t<\/div>\n\t\t","protected":false},"excerpt":{"rendered":"<p>Capacitar os actores pol\u00edticos para uma tomada de decis\u00e3o informada A tua fonte de informa\u00e7\u00f5es sobre pol\u00edticas baseadas em dados No African Research Nexus, compreendemos o papel fundamental que as decis\u00f5es bem informadas desempenham na defini\u00e7\u00e3o de pol\u00edticas eficazes. Estamos empenhados em fornecer aos actores pol\u00edticos os dados e as informa\u00e7\u00f5es de que necessitam para [&hellip;]<\/p>\n","protected":false},"author":4,"featured_media":0,"parent":0,"menu_order":0,"comment_status":"closed","ping_status":"closed","template":"elementor_header_footer","meta":{"_acf_changed":false,"_bbp_topic_count":0,"_bbp_reply_count":0,"_bbp_total_topic_count":0,"_bbp_total_reply_count":0,"_bbp_voice_count":0,"_bbp_anonymous_reply_count":0,"_bbp_topic_count_hidden":0,"_bbp_reply_count_hidden":0,"_bbp_forum_subforum_count":0,"footnotes":""},"class_list":["post-11754","page","type-page","status-publish","hentry"],"acf":[],"_links":{"self":[{"href":"https:\/\/africaresearchconnects.com\/pt-pt\/wp-json\/wp\/v2\/pages\/11754","targetHints":{"allow":["GET"]}}],"collection":[{"href":"https:\/\/africaresearchconnects.com\/pt-pt\/wp-json\/wp\/v2\/pages"}],"about":[{"href":"https:\/\/africaresearchconnects.com\/pt-pt\/wp-json\/wp\/v2\/types\/page"}],"author":[{"embeddable":true,"href":"https:\/\/africaresearchconnects.com\/pt-pt\/wp-json\/wp\/v2\/users\/4"}],"replies":[{"embeddable":true,"href":"https:\/\/africaresearchconnects.com\/pt-pt\/wp-json\/wp\/v2\/comments?post=11754"}],"version-history":[{"count":3,"href":"https:\/\/africaresearchconnects.com\/pt-pt\/wp-json\/wp\/v2\/pages\/11754\/revisions"}],"predecessor-version":[{"id":12755,"href":"https:\/\/africaresearchconnects.com\/pt-pt\/wp-json\/wp\/v2\/pages\/11754\/revisions\/12755"}],"wp:attachment":[{"href":"https:\/\/africaresearchconnects.com\/pt-pt\/wp-json\/wp\/v2\/media?parent=11754"}],"curies":[{"name":"wp","href":"https:\/\/api.w.org\/{rel}","templated":true}]}}