{"id":11756,"date":"2023-11-07T05:40:18","date_gmt":"2023-11-07T05:40:18","guid":{"rendered":"https:\/\/https:\/\/africaresearchconnects.com\/permite-a-localizacao-e-analise-de-dados-com-ferramentas-al\/"},"modified":"2024-10-02T09:50:58","modified_gmt":"2024-10-02T09:50:58","slug":"permite-a-localizacao-e-analise-de-dados-com-ferramentas-al","status":"publish","type":"page","link":"https:\/\/africaresearchconnects.com\/pt-pt\/permite-a-localizacao-e-analise-de-dados-com-ferramentas-al\/","title":{"rendered":"Permite a localiza\u00e7\u00e3o e an\u00e1lise de dados com ferramentas Al"},"content":{"rendered":"\t\t<div data-elementor-type=\"wp-page\" data-elementor-id=\"11756\" class=\"elementor elementor-11756 elementor-4414\" data-elementor-post-type=\"page\">\n\t\t\t\t\t\t<section class=\"elementor-section elementor-top-section elementor-element elementor-element-0508e15 elementor-section-content-middle elementor-section-height-min-height elementor-section-boxed elementor-section-height-default elementor-section-items-middle\" data-id=\"0508e15\" data-element_type=\"section\" data-e-type=\"section\" data-settings=\"{&quot;background_background&quot;:&quot;classic&quot;}\">\n\t\t\t\t\t\t\t<div class=\"elementor-background-overlay\"><\/div>\n\t\t\t\t\t\t\t<div class=\"elementor-container elementor-column-gap-no\">\n\t\t\t\t\t<div class=\"elementor-column elementor-col-100 elementor-top-column elementor-element elementor-element-f819600\" data-id=\"f819600\" data-element_type=\"column\" data-e-type=\"column\">\n\t\t\t<div class=\"elementor-widget-wrap\">\n\t\t\t\t\t\t\t<\/div>\n\t\t<\/div>\n\t\t\t\t\t<\/div>\n\t\t<\/section>\n\t\t\t\t<section class=\"elementor-section elementor-top-section elementor-element elementor-element-de51747 elementor-section-boxed elementor-section-height-default elementor-section-height-default\" data-id=\"de51747\" data-element_type=\"section\" data-e-type=\"section\" data-settings=\"{&quot;background_background&quot;:&quot;classic&quot;}\">\n\t\t\t\t\t\t<div class=\"elementor-container elementor-column-gap-default\">\n\t\t\t\t\t<div class=\"elementor-column elementor-col-100 elementor-top-column elementor-element elementor-element-af9b123\" data-id=\"af9b123\" data-element_type=\"column\" data-e-type=\"column\">\n\t\t\t<div class=\"elementor-widget-wrap elementor-element-populated\">\n\t\t\t\t\t\t<div class=\"elementor-element elementor-element-59644e5 elementor-widget elementor-widget-heading\" data-id=\"59644e5\" data-element_type=\"widget\" data-e-type=\"widget\" data-widget_type=\"heading.default\">\n\t\t\t\t<div class=\"elementor-widget-container\">\n\t\t\t\t\t<h2 class=\"elementor-heading-title elementor-size-default\">Permite a localiza\u00e7\u00e3o e an\u00e1lise de dados com ferramentas Al<\/h2>\t\t\t\t<\/div>\n\t\t\t\t<\/div>\n\t\t\t\t<div class=\"elementor-element elementor-element-a5df809 elementor-widget elementor-widget-heading\" data-id=\"a5df809\" data-element_type=\"widget\" data-e-type=\"widget\" data-widget_type=\"heading.default\">\n\t\t\t\t<div class=\"elementor-widget-container\">\n\t\t\t\t\t<h3 class=\"elementor-heading-title elementor-size-default\">Liberta o poder da IA para obter informa\u00e7\u00f5es sobre os dados<\/h3>\t\t\t\t<\/div>\n\t\t\t\t<\/div>\n\t\t\t\t<div class=\"elementor-element elementor-element-9e41fdf elementor-widget elementor-widget-text-editor\" data-id=\"9e41fdf\" data-element_type=\"widget\" data-e-type=\"widget\" data-widget_type=\"text-editor.default\">\n\t\t\t\t<div class=\"elementor-widget-container\">\n\t\t\t\t\t\t\t\t\t<p>No African Research Nexus, reconhecemos que os dados s\u00e3o a for\u00e7a vital da investiga\u00e7\u00e3o e da inova\u00e7\u00e3o.<br \/>\nPara aproveitar todo o potencial dos dados, empregamos ferramentas de IA de ponta para melhorar a localiza\u00e7\u00e3o e a an\u00e1lise dos dados.<br \/>\nEis como capacitamos os investigadores, as institui\u00e7\u00f5es e as partes interessadas a tirar partido da IA para obter informa\u00e7\u00f5es baseadas em dados:  <\/p>\n\t\t\t\t\t\t\t\t<\/div>\n\t\t\t\t<\/div>\n\t\t\t\t<div class=\"elementor-element elementor-element-624f41d elementor-widget elementor-widget-image-box\" data-id=\"624f41d\" data-element_type=\"widget\" data-e-type=\"widget\" data-widget_type=\"image-box.default\">\n\t\t\t\t<div class=\"elementor-widget-container\">\n\t\t\t\t\t<div class=\"elementor-image-box-wrapper\"><div class=\"elementor-image-box-content\"><h3 class=\"elementor-image-box-title\">1. Pesquisa inteligente:<\/h3><p class=\"elementor-image-box-description\">A nossa plataforma inclui capacidades de pesquisa inteligente baseadas em IA. Podes encontrar conjuntos de dados, materiais de investiga\u00e7\u00e3o e publica\u00e7\u00f5es de forma mais eficiente, uma vez que os nossos algoritmos de IA aprendem as tuas prefer\u00eancias e refinam os resultados da pesquisa.<\/p><\/div><\/div>\t\t\t\t<\/div>\n\t\t\t\t<\/div>\n\t\t\t\t<div class=\"elementor-element elementor-element-0ec04fd elementor-widget elementor-widget-image-box\" data-id=\"0ec04fd\" data-element_type=\"widget\" data-e-type=\"widget\" data-widget_type=\"image-box.default\">\n\t\t\t\t<div class=\"elementor-widget-container\">\n\t\t\t\t\t<div class=\"elementor-image-box-wrapper\"><div class=\"elementor-image-box-content\"><h3 class=\"elementor-image-box-title\">2. Curadoria de dados:<\/h3><p class=\"elementor-image-box-description\">A IA ajuda na curadoria de dados, identificando fontes de dados relevantes. Isto simplifica o processo de recolha de dados e garante que trabalhas com a informa\u00e7\u00e3o mais pertinente.<\/p><\/div><\/div>\t\t\t\t<\/div>\n\t\t\t\t<\/div>\n\t\t\t\t<div class=\"elementor-element elementor-element-91f6764 elementor-widget elementor-widget-image-box\" data-id=\"91f6764\" data-element_type=\"widget\" data-e-type=\"widget\" data-widget_type=\"image-box.default\">\n\t\t\t\t<div class=\"elementor-widget-container\">\n\t\t\t\t\t<div class=\"elementor-image-box-wrapper\"><div class=\"elementor-image-box-content\"><h3 class=\"elementor-image-box-title\">3. Processamento de linguagem natural (PNL):<\/h3><p class=\"elementor-image-box-description\">Os algoritmos de PNL na nossa plataforma permitem-lhe extrair rapidamente informa\u00e7\u00f5es dos dados de texto. Quer estejas a analisar trabalhos de investiga\u00e7\u00e3o e relat\u00f3rios. A PNL alimentada por IA simplifica o processo.<\/p><\/div><\/div>\t\t\t\t<\/div>\n\t\t\t\t<\/div>\n\t\t\t\t<div class=\"elementor-element elementor-element-726e106 elementor-widget elementor-widget-image-box\" data-id=\"726e106\" data-element_type=\"widget\" data-e-type=\"widget\" data-widget_type=\"image-box.default\">\n\t\t\t\t<div class=\"elementor-widget-container\">\n\t\t\t\t\t<div class=\"elementor-image-box-wrapper\"><div class=\"elementor-image-box-content\"><h3 class=\"elementor-image-box-title\">4. Integra\u00e7\u00e3o de dados:<\/h3><p class=\"elementor-image-box-description\">A IA simplifica a integra\u00e7\u00e3o de dados, permitindo-nos combinar diversas fontes de dados sem problemas. Esta integra\u00e7\u00e3o proporciona uma vis\u00e3o hol\u00edstica da investiga\u00e7\u00e3o africana e ajuda-nos a descobrir novos padr\u00f5es e liga\u00e7\u00f5es.<\/p><\/div><\/div>\t\t\t\t<\/div>\n\t\t\t\t<\/div>\n\t\t\t\t<div class=\"elementor-element elementor-element-a353edf elementor-widget elementor-widget-image-box\" data-id=\"a353edf\" data-element_type=\"widget\" data-e-type=\"widget\" data-widget_type=\"image-box.default\">\n\t\t\t\t<div class=\"elementor-widget-container\">\n\t\t\t\t\t<div class=\"elementor-image-box-wrapper\"><div class=\"elementor-image-box-content\"><h3 class=\"elementor-image-box-title\">5. Visualiza:<\/h3><p class=\"elementor-image-box-description\">A nossa plataforma utiliza ferramentas de visualiza\u00e7\u00e3o de dados baseadas em IA. Isto transforma os dados em tabelas, gr\u00e1ficos e representa\u00e7\u00f5es visuais interactivas, tornando as informa\u00e7\u00f5es complexas mais f\u00e1ceis de compreender e partilhar.<\/p><\/div><\/div>\t\t\t\t<\/div>\n\t\t\t\t<\/div>\n\t\t\t\t<div class=\"elementor-element elementor-element-e239dbc elementor-widget elementor-widget-image-box\" data-id=\"e239dbc\" data-element_type=\"widget\" data-e-type=\"widget\" data-widget_type=\"image-box.default\">\n\t\t\t\t<div class=\"elementor-widget-container\">\n\t\t\t\t\t<div class=\"elementor-image-box-wrapper\"><div class=\"elementor-image-box-content\"><h3 class=\"elementor-image-box-title\">6. Seguran\u00e7a dos dados:<\/h3><p class=\"elementor-image-box-description\">Levamos a seguran\u00e7a dos dados a s\u00e9rio. Utilizamos as melhores ferramentas do sector para proteger dados sens\u00edveis e garantir a conformidade com os regulamentos de privacidade.  <\/p><\/div><\/div>\t\t\t\t<\/div>\n\t\t\t\t<\/div>\n\t\t\t\t<div class=\"elementor-element elementor-element-c2d767c elementor-widget elementor-widget-image-box\" data-id=\"c2d767c\" data-element_type=\"widget\" data-e-type=\"widget\" data-widget_type=\"image-box.default\">\n\t\t\t\t<div class=\"elementor-widget-container\">\n\t\t\t\t\t<div class=\"elementor-image-box-wrapper\"><div class=\"elementor-image-box-content\"><h3 class=\"elementor-image-box-title\">7. Colabora\u00e7\u00e3o em IA:<\/h3><p class=\"elementor-image-box-description\">Colabora com assistentes de investiga\u00e7\u00e3o com tecnologia de IA. Este colaborador virtual ajuda-te a analisar dados, a gerar relat\u00f3rios e a resumir os resultados da investiga\u00e7\u00e3o. Desta forma, aumenta a efic\u00e1cia da revis\u00e3o da literatura.<\/p><\/div><\/div>\t\t\t\t<\/div>\n\t\t\t\t<\/div>\n\t\t\t\t\t<\/div>\n\t\t<\/div>\n\t\t\t\t\t<\/div>\n\t\t<\/section>\n\t\t\t\t<\/div>\n\t\t","protected":false},"excerpt":{"rendered":"<p>Permite a localiza\u00e7\u00e3o e an\u00e1lise de dados com ferramentas Al Liberta o poder da IA para obter informa\u00e7\u00f5es sobre os dados No African Research Nexus, reconhecemos que os dados s\u00e3o a for\u00e7a vital da investiga\u00e7\u00e3o e da inova\u00e7\u00e3o. Para aproveitar todo o potencial dos dados, empregamos ferramentas de IA de ponta para melhorar a localiza\u00e7\u00e3o [&hellip;]<\/p>\n","protected":false},"author":4,"featured_media":0,"parent":0,"menu_order":0,"comment_status":"closed","ping_status":"closed","template":"elementor_header_footer","meta":{"_acf_changed":false,"_bbp_topic_count":0,"_bbp_reply_count":0,"_bbp_total_topic_count":0,"_bbp_total_reply_count":0,"_bbp_voice_count":0,"_bbp_anonymous_reply_count":0,"_bbp_topic_count_hidden":0,"_bbp_reply_count_hidden":0,"_bbp_forum_subforum_count":0,"footnotes":""},"class_list":["post-11756","page","type-page","status-publish","hentry"],"acf":[],"_links":{"self":[{"href":"https:\/\/africaresearchconnects.com\/pt-pt\/wp-json\/wp\/v2\/pages\/11756","targetHints":{"allow":["GET"]}}],"collection":[{"href":"https:\/\/africaresearchconnects.com\/pt-pt\/wp-json\/wp\/v2\/pages"}],"about":[{"href":"https:\/\/africaresearchconnects.com\/pt-pt\/wp-json\/wp\/v2\/types\/page"}],"author":[{"embeddable":true,"href":"https:\/\/africaresearchconnects.com\/pt-pt\/wp-json\/wp\/v2\/users\/4"}],"replies":[{"embeddable":true,"href":"https:\/\/africaresearchconnects.com\/pt-pt\/wp-json\/wp\/v2\/comments?post=11756"}],"version-history":[{"count":4,"href":"https:\/\/africaresearchconnects.com\/pt-pt\/wp-json\/wp\/v2\/pages\/11756\/revisions"}],"predecessor-version":[{"id":12895,"href":"https:\/\/africaresearchconnects.com\/pt-pt\/wp-json\/wp\/v2\/pages\/11756\/revisions\/12895"}],"wp:attachment":[{"href":"https:\/\/africaresearchconnects.com\/pt-pt\/wp-json\/wp\/v2\/media?parent=11756"}],"curies":[{"name":"wp","href":"https:\/\/api.w.org\/{rel}","templated":true}]}}